{"id":30932,"date":"2026-04-17T00:00:00","date_gmt":"2026-04-16T22:00:00","guid":{"rendered":"https:\/\/volztapes.com\/produkt\/volzkrepp-3018-pv2\/"},"modified":"2026-04-20T09:46:35","modified_gmt":"2026-04-20T07:46:35","slug":"volzkrepp-3018-pv2","status":"publish","type":"product","link":"https:\/\/volztapes.com\/pl\/produkt\/volzkrepp-3018-pv2\/","title":{"rendered":"volzKrepp 3018 PV2"},"content":{"rendered":"<p>volzKrepp 3018 PV2 to wysokiej jako\u015bci ta\u015bma maskuj\u0105ca z cienkiego papieru krepowanego, przeznaczona do pracy w wysokich temperaturach, wyposa\u017cona w klej na bazie kauczuku naturalnego z dodatkiem \u017cywicy. Przeznaczona do zastosowa\u0144 w trudnych warunkach, w temperaturach do +232\u00b0C. Jest odporna na dzia\u0142anie rozpuszczalnik\u00f3w, olej\u00f3w, farb i \u017cywic epoksydowych. Ta\u015bma volzKrepp 3018 PV2 jest trwa\u0142a i zapewnia ostry kontur, zapobiegaj\u0105c przedostawaniu si\u0119 \u017cywicy epoksydowej lub farby pod ta\u015bm\u0119.<\/p>","protected":false},"excerpt":{"rendered":"<p><strong>Aplikacje<\/strong><\/p><ul><li>Pow\u0142oki epoksydowe do ruroci\u0105g\u00f3w naftowych i gazowych <\/li><li> Malowanie wysokotemperaturowe <\/li><li> R\u00f3\u017cnorodne zastosowania w bran\u017cy motoryzacyjnej (OEM), transportowej oraz naftowej i gazowej<\/li><\/ul> <div class='benefits'> <p><strong>Benefits<\/strong><\/p> <ul><li>Wytrzymuje wysokie temperatury do +232\u00b0C <\/li><li> Odporny na dzia\u0142anie rozpuszczalnik\u00f3w, olej\u00f3w, farb i \u017cywic epoksydowych <\/li><li> Zapewnia ostre kraw\u0119dzie malowane, przyspieszaj\u0105c nak\u0142adanie i usuwanie maski oraz zapobiegaj\u0105c konieczno\u015bci poprawek<\/li><\/ul><\/div> <div class='conditions'><strong>Warunki Przechowywania<\/strong> <p>Rolki ta\u015bmy powinny by\u0107 przechowywane w oryginalnych kartonach, w pozycji pionowej, a nie poziomej. Zawsze nale\u017cy chroni\u0107 ta\u015bm\u0119 przed \u015bwiat\u0142em s\u0142onecznym. Aby zapewni\u0107 najlepszy okres trwa\u0142o\u015bci, temperatura przechowywania powinna wynosi\u0107 od 15\u00b0C do 25\u00b0C przy wilgotno\u015bci wzgl\u0119dnej 50% (\u00b1 30%). Ta\u015bmy przechowywane w temperaturze poni\u017cej 15\u00b0C powinny by\u0107 przez co najmniej 24 godziny przed u\u017cyciem przechowywane w temperaturze pokojowej, aby odzyska\u0142y swoje w\u0142a\u015bciwo\u015bci.<\/p><\/div>","protected":false},"featured_media":0,"comment_status":"closed","ping_status":"open","template":"","meta":[],"product_cat":[17276,11318],"product_tag":[17250,17306,15014,17304,17295,17305,17249],"_links":{"self":[{"href":"https:\/\/volztapes.com\/pl\/wp-json\/wp\/v2\/product\/30932"}],"collection":[{"href":"https:\/\/volztapes.com\/pl\/wp-json\/wp\/v2\/product"}],"about":[{"href":"https:\/\/volztapes.com\/pl\/wp-json\/wp\/v2\/types\/product"}],"replies":[{"embeddable":true,"href":"https:\/\/volztapes.com\/pl\/wp-json\/wp\/v2\/comments?post=30932"}],"wp:attachment":[{"href":"https:\/\/volztapes.com\/pl\/wp-json\/wp\/v2\/media?parent=30932"}],"wp:term":[{"taxonomy":"product_cat","embeddable":true,"href":"https:\/\/volztapes.com\/pl\/wp-json\/wp\/v2\/product_cat?post=30932"},{"taxonomy":"product_tag","embeddable":true,"href":"https:\/\/volztapes.com\/pl\/wp-json\/wp\/v2\/product_tag?post=30932"}],"curies":[{"name":"wp","href":"https:\/\/api.w.org\/{rel}","templated":true}]}}