{"id":30931,"date":"2026-04-17T00:00:00","date_gmt":"2026-04-16T22:00:00","guid":{"rendered":"https:\/\/volztapes.com\/produkt\/volzkrepp-3018\/"},"modified":"2026-04-20T09:46:34","modified_gmt":"2026-04-20T07:46:34","slug":"volzkrepp-3018","status":"publish","type":"product","link":"https:\/\/volztapes.com\/pl\/produkt\/volzkrepp-3018\/","title":{"rendered":"volzKrepp 3018"},"content":{"rendered":"<p>volzKrepp 3018 to wysokotemperaturowa ta\u015bma maskuj\u0105ca z cienkiego papieru krepowanego, wyposa\u017cona w klej wra\u017cliwy na nacisk, wykonany z kauczuku naturalnego z dodatkiem \u017cywic. Zosta\u0142a zaprojektowana z my\u015bl\u0105 o czystym usuwaniu z szerokiej gamy powierzchni po 30-minutowej ekspozycji na wysokie temperatury w piecu (do +163\u00b0C). Ta\u015bma volzKrepp 3018 sprawdza si\u0119 doskonale w zastosowaniach wymagaj\u0105cych usuwania na mokro. Dzi\u0119ki \u0142atwo\u015bci w u\u017cyciu i g\u0142adkiemu podk\u0142adowi krepowanemu zapewnia wysok\u0105 wytrzyma\u0142o\u015b\u0107, doskona\u0142e dopasowanie do nieregularnych powierzchni, wyj\u0105tkow\u0105 przyczepno\u015b\u0107 w naro\u017cnikach, odporno\u015b\u0107 na \u0142uszczenie si\u0119 farby oraz czyste, wyra\u017ane linie malarskie.<\/p>","protected":false},"excerpt":{"rendered":"<p><strong>Aplikacje<\/strong><\/p><ul><li>Abkleben im Bereich Automobil, Lkw, Bus und Schifffahrt <\/li><li> Abbeizverfahren <\/li><li> Nassabbeizverfahren<\/li><\/ul> <div class='benefits'> <p><strong>Benefits<\/strong><\/p> <ul><li>Wytrzymuje wysokie temperatury w piecu do +163\u00b0C przez 30 minut (czas i temperatura zale\u017c\u0105 od powierzchni) <\/li><li> \u0141atwy w obs\u0142udze <\/li><li> Wysoka wytrzyma\u0142o\u015b\u0107 <\/li><li> Doskona\u0142e dopasowanie do nieregularnych powierzchni <\/li><li> Wyj\u0105tkowa przyczepno\u015b\u0107 w naro\u017cnikach <\/li><li> Zapewnia odporno\u015b\u0107 na \u0142uszczenie si\u0119 farby oraz czyste, wyra\u017ane linie malarskie<\/li><\/ul><\/div> <div class='conditions'><strong>Warunki Przechowywania<\/strong> <p>Rolki ta\u015bmy powinny by\u0107 przechowywane w oryginalnych kartonach, w pozycji pionowej, a nie poziomej. Zawsze nale\u017cy chroni\u0107 ta\u015bm\u0119 przed \u015bwiat\u0142em s\u0142onecznym. Aby zapewni\u0107 najlepszy okres trwa\u0142o\u015bci, temperatura przechowywania powinna wynosi\u0107 od 15\u00b0C do 25\u00b0C przy wilgotno\u015bci wzgl\u0119dnej 50% (\u00b1 30%). Ta\u015bmy przechowywane w temperaturze poni\u017cej 15\u00b0C powinny by\u0107 przez co najmniej 24 godziny przed u\u017cyciem przechowywane w temperaturze pokojowej, aby odzyska\u0142y swoje w\u0142a\u015bciwo\u015bci.<\/p><\/div>","protected":false},"featured_media":0,"comment_status":"closed","ping_status":"open","template":"","meta":[],"product_cat":[17276,11318],"product_tag":[17244,17300,17299,17298,17301,15014,17295,17243],"_links":{"self":[{"href":"https:\/\/volztapes.com\/pl\/wp-json\/wp\/v2\/product\/30931"}],"collection":[{"href":"https:\/\/volztapes.com\/pl\/wp-json\/wp\/v2\/product"}],"about":[{"href":"https:\/\/volztapes.com\/pl\/wp-json\/wp\/v2\/types\/product"}],"replies":[{"embeddable":true,"href":"https:\/\/volztapes.com\/pl\/wp-json\/wp\/v2\/comments?post=30931"}],"wp:attachment":[{"href":"https:\/\/volztapes.com\/pl\/wp-json\/wp\/v2\/media?parent=30931"}],"wp:term":[{"taxonomy":"product_cat","embeddable":true,"href":"https:\/\/volztapes.com\/pl\/wp-json\/wp\/v2\/product_cat?post=30931"},{"taxonomy":"product_tag","embeddable":true,"href":"https:\/\/volztapes.com\/pl\/wp-json\/wp\/v2\/product_tag?post=30931"}],"curies":[{"name":"wp","href":"https:\/\/api.w.org\/{rel}","templated":true}]}}