{"id":30930,"date":"2026-04-16T00:00:00","date_gmt":"2026-04-15T22:00:00","guid":{"rendered":"https:\/\/volztapes.com\/produkt\/volzelektro-6215-pv7\/"},"modified":"2026-04-20T09:46:34","modified_gmt":"2026-04-20T07:46:34","slug":"volzelektro-6215-pv7","status":"publish","type":"product","link":"https:\/\/volztapes.com\/pl\/produkt\/volzelektro-6215-pv7\/","title":{"rendered":"volzElektro 6215 PV7"},"content":{"rendered":"<p>volzElektro 6215 PV7 to cienka folia poliestrowa z wysoce wydajnym klejem silikonowym. Jest to doskona\u0142a ta\u015bma maskuj\u0105ca do malowania proszkowego i innych zastosowa\u0144 wysokotemperaturowych. volzElektro 6215 PV7 charakteryzuje si\u0119 wysok\u0105 przyczepno\u015bci\u0105 i si\u0142\u0105 wi\u0105zania, doskona\u0142\u0105 odporno\u015bci\u0105 na dzia\u0142anie substancji chemicznych powoduj\u0105cych korozj\u0119 oraz odporno\u015bci\u0105 na rozdarcia i p\u0119kanie, a ponadto mo\u017cna j\u0105 usuwa\u0107 z pod\u0142o\u017cy bez pozostawiania \u015blad\u00f3w kleju ani pozosta\u0142o\u015bci.<\/p>","protected":false},"excerpt":{"rendered":"<p><strong>Aplikacje<\/strong><\/p><ul><li>Ta\u015bma maskuj\u0105ca do malowania proszkowego i innych zastosowa\u0144 wymagaj\u0105cych wysokich temperatur<\/li><\/ul> <div class='benefits'> <p><strong>Benefits<\/strong><\/p> <ul><li>Mo\u017cliwo\u015b\u0107 stosowania w temperaturach do +225\u00b0C <\/li><li> Wysoka przyczepno\u015b\u0107 i si\u0142a wi\u0105zania <\/li><li> Usuwanie bez pozostawiania \u015blad\u00f3w <\/li><li> Odporno\u015b\u0107 na rozrywanie i p\u0119kanie <\/li><li> Doskona\u0142a odporno\u015b\u0107 na dzia\u0142anie \u017cr\u0105cych substancji chemicznych<\/li><\/ul><\/div> <div class='conditions'><strong>Warunki Przechowywania<\/strong> <p>Rolki ta\u015bmy powinny by\u0107 przechowywane w oryginalnych kartonach, w pozycji pionowej, a nie poziomej. Zawsze nale\u017cy chroni\u0107 ta\u015bm\u0119 przed \u015bwiat\u0142em s\u0142onecznym. Aby zapewni\u0107 najlepszy okres trwa\u0142o\u015bci, temperatura przechowywania powinna wynosi\u0107 od 15\u00b0C do 25\u00b0C przy wilgotno\u015bci wzgl\u0119dnej 50% (\u00b1 30%). Ta\u015bmy przechowywane w temperaturze poni\u017cej 15\u00b0C powinny by\u0107 przez co najmniej 24 godziny przed u\u017cyciem przechowywane w temperaturze pokojowej, aby odzyska\u0142y swoje w\u0142a\u015bciwo\u015bci.<\/p><\/div>","protected":false},"featured_media":0,"comment_status":"closed","ping_status":"open","template":"","meta":[],"product_cat":[11318],"product_tag":[10344,17240,17151,17150,17295,17239],"_links":{"self":[{"href":"https:\/\/volztapes.com\/pl\/wp-json\/wp\/v2\/product\/30930"}],"collection":[{"href":"https:\/\/volztapes.com\/pl\/wp-json\/wp\/v2\/product"}],"about":[{"href":"https:\/\/volztapes.com\/pl\/wp-json\/wp\/v2\/types\/product"}],"replies":[{"embeddable":true,"href":"https:\/\/volztapes.com\/pl\/wp-json\/wp\/v2\/comments?post=30930"}],"wp:attachment":[{"href":"https:\/\/volztapes.com\/pl\/wp-json\/wp\/v2\/media?parent=30930"}],"wp:term":[{"taxonomy":"product_cat","embeddable":true,"href":"https:\/\/volztapes.com\/pl\/wp-json\/wp\/v2\/product_cat?post=30930"},{"taxonomy":"product_tag","embeddable":true,"href":"https:\/\/volztapes.com\/pl\/wp-json\/wp\/v2\/product_tag?post=30930"}],"curies":[{"name":"wp","href":"https:\/\/api.w.org\/{rel}","templated":true}]}}