{"id":30929,"date":"2026-04-16T00:00:00","date_gmt":"2026-04-15T22:00:00","guid":{"rendered":"https:\/\/volztapes.com\/produkt\/volzelektro-4384-pv2\/"},"modified":"2026-04-20T09:46:33","modified_gmt":"2026-04-20T07:46:33","slug":"volzelektro-4384-pv2","status":"publish","type":"product","link":"https:\/\/volztapes.com\/pl\/produkt\/volzelektro-4384-pv2\/","title":{"rendered":"volzElektro 4384 PV2"},"content":{"rendered":"<p>volzElektro 4384 PV2 sk\u0142ada si\u0119 z folii miedzianej o wysokiej odporno\u015bci na rozdarcie, pokrytej przewodz\u0105cym, wra\u017cliwym na nacisk klejem akrylowym. Jest to materia\u0142 zar\u00f3wno jedno-, jak i dwustronnie przewodz\u0105cy, zapewniaj\u0105cy ekranowanie przed zak\u0142\u00f3ceniami elektromagnetycznymi (EMI) oraz trudnopalny. volzElektro 4384 PV2 jest r\u00f3wnie\u017c odporny na promieniowanie UV, wilgo\u0107, dzia\u0142anie substancji chemicznych i korozj\u0119. Charakteryzuje si\u0119 wyj\u0105tkow\u0105 trwa\u0142o\u015bci\u0105 i doskonale nadaje si\u0119 do zastosowa\u0144 zewn\u0119trznych.<\/p>","protected":false},"excerpt":{"rendered":"<p><strong>Aplikacje<\/strong><\/p><ul><li>Jedno- i dwu\u017cy\u0142owe <\/li><li> Idealne do stosowania w produkcji transformator\u00f3w, telefon\u00f3w kom\u00f3rkowych, komputer\u00f3w, urz\u0105dze\u0144 PDA, monitor\u00f3w PDP i LCD, komputer\u00f3w osobistych oraz kopiarek <\/li><li> Powszechnie stosowane w przemy\u015ble ch\u0142odniczym, klimatyzacyjnym, motoryzacyjnym, mostowym, hotelarskim i elektronicznym <\/li><li> Doskonale nadaje si\u0119 do zastosowa\u0144 na zewn\u0105trz<\/li><\/ul> <div class='benefits'> <p><strong>Benefits<\/strong><\/p> <ul><li>Silna przyczepno\u015b\u0107 <\/li><li> Wodoodporno\u015b\u0107 <\/li><li> Odporno\u015b\u0107 na niskie i wysokie temperatury <\/li><li> Trudnopalno\u015b\u0107 <\/li><li> Odporno\u015b\u0107 na wilgo\u0107, promieniowanie UV, substancje chemiczne i korozj\u0119 <\/li><li> Zapewnia ekranowanie EMI <\/li><li> Doskona\u0142e w\u0142a\u015bciwo\u015bci termoizolacyjne <\/li><li> Doskona\u0142y wygl\u0105d bez \u015blad\u00f3w utleniania<\/li><\/ul><\/div> <div class='conditions'><strong>Warunki Przechowywania<\/strong> <p>Rolki ta\u015bmy powinny by\u0107 przechowywane w oryginalnych kartonach, w pozycji pionowej, a nie poziomej. Zawsze nale\u017cy chroni\u0107 ta\u015bm\u0119 przed \u015bwiat\u0142em s\u0142onecznym. Aby zapewni\u0107 najlepszy okres trwa\u0142o\u015bci, temperatura przechowywania powinna wynosi\u0107 od 15\u00b0C do 25\u00b0C przy wilgotno\u015bci wzgl\u0119dnej 50% (\u00b1 30%). Ta\u015bmy przechowywane w temperaturze poni\u017cej 15\u00b0C powinny by\u0107 przez co najmniej 24 godziny przed u\u017cyciem przechowywane w temperaturze pokojowej, aby odzyska\u0142y swoje w\u0142a\u015bciwo\u015bci.<\/p><\/div>","protected":false},"featured_media":0,"comment_status":"closed","ping_status":"open","template":"","meta":[],"product_cat":[11318],"product_tag":[17230,17229,17282,17290,17288,17285,17286,17289,17284,17287,17291,17283,17228],"_links":{"self":[{"href":"https:\/\/volztapes.com\/pl\/wp-json\/wp\/v2\/product\/30929"}],"collection":[{"href":"https:\/\/volztapes.com\/pl\/wp-json\/wp\/v2\/product"}],"about":[{"href":"https:\/\/volztapes.com\/pl\/wp-json\/wp\/v2\/types\/product"}],"replies":[{"embeddable":true,"href":"https:\/\/volztapes.com\/pl\/wp-json\/wp\/v2\/comments?post=30929"}],"wp:attachment":[{"href":"https:\/\/volztapes.com\/pl\/wp-json\/wp\/v2\/media?parent=30929"}],"wp:term":[{"taxonomy":"product_cat","embeddable":true,"href":"https:\/\/volztapes.com\/pl\/wp-json\/wp\/v2\/product_cat?post=30929"},{"taxonomy":"product_tag","embeddable":true,"href":"https:\/\/volztapes.com\/pl\/wp-json\/wp\/v2\/product_tag?post=30929"}],"curies":[{"name":"wp","href":"https:\/\/api.w.org\/{rel}","templated":true}]}}