{"id":30928,"date":"2026-04-15T00:00:00","date_gmt":"2026-04-14T22:00:00","guid":{"rendered":"https:\/\/volztapes.com\/produkt\/volzelektro-1039\/"},"modified":"2026-04-20T09:46:31","modified_gmt":"2026-04-20T07:46:31","slug":"volzelektro-1039","status":"publish","type":"product","link":"https:\/\/volztapes.com\/pl\/produkt\/volzelektro-1039\/","title":{"rendered":"volzElektro 1039"},"content":{"rendered":"<p>volzElektro 1039 to przezroczysta folia poliestrowa pokryta z jednej strony czerwonym, przezroczystym, wra\u017cliwym na nacisk klejem silikonowym. Nadaje si\u0119 do szerokiego zakresu zastosowa\u0144 klej\u0105cych.<\/p>","protected":false},"excerpt":{"rendered":"<p><strong>Aplikacje<\/strong><\/p><ul><li>Klejenie r\u00f3\u017cnych materia\u0142\u00f3w, w szczeg\u00f3lno\u015bci powierzchni silikonowanych, takich jak silikonowe papiery i folie rozdzielaj\u0105ce<\/li><\/ul> <div class='benefits'> <p><strong>Benefits<\/strong><\/p> <ul><li>Miejsce po\u0142\u0105czenia mo\u017cna \u0142atwo zlokalizowa\u0107 <\/li><li> Dobra odporno\u015b\u0107 na temperatur\u0119 <\/li><li> Doskona\u0142a si\u0142a przyczepno\u015bci<\/li><\/ul><\/div> <div class='conditions'><strong>Warunki Przechowywania<\/strong> <p>Rolki ta\u015bmy powinny by\u0107 przechowywane w oryginalnych kartonach, w pozycji pionowej, a nie poziomej. Zawsze nale\u017cy chroni\u0107 ta\u015bm\u0119 przed \u015bwiat\u0142em s\u0142onecznym. Aby zapewni\u0107 najlepszy okres trwa\u0142o\u015bci, temperatura przechowywania powinna wynosi\u0107 od 15\u00b0C do 25\u00b0C przy wilgotno\u015bci wzgl\u0119dnej 50% (\u00b1 30%). Ta\u015bmy przechowywane w temperaturze poni\u017cej 15\u00b0C powinny by\u0107 przez co najmniej 24 godziny przed u\u017cyciem przechowywane w temperaturze pokojowej, aby odzyska\u0142y swoje w\u0142a\u015bciwo\u015bci.<\/p><\/div>","protected":false},"featured_media":0,"comment_status":"closed","ping_status":"open","template":"","meta":[],"product_cat":[11318],"product_tag":[17225,13087,17278,17277,16768,17224],"_links":{"self":[{"href":"https:\/\/volztapes.com\/pl\/wp-json\/wp\/v2\/product\/30928"}],"collection":[{"href":"https:\/\/volztapes.com\/pl\/wp-json\/wp\/v2\/product"}],"about":[{"href":"https:\/\/volztapes.com\/pl\/wp-json\/wp\/v2\/types\/product"}],"replies":[{"embeddable":true,"href":"https:\/\/volztapes.com\/pl\/wp-json\/wp\/v2\/comments?post=30928"}],"wp:attachment":[{"href":"https:\/\/volztapes.com\/pl\/wp-json\/wp\/v2\/media?parent=30928"}],"wp:term":[{"taxonomy":"product_cat","embeddable":true,"href":"https:\/\/volztapes.com\/pl\/wp-json\/wp\/v2\/product_cat?post=30928"},{"taxonomy":"product_tag","embeddable":true,"href":"https:\/\/volztapes.com\/pl\/wp-json\/wp\/v2\/product_tag?post=30928"}],"curies":[{"name":"wp","href":"https:\/\/api.w.org\/{rel}","templated":true}]}}