{"id":30900,"date":"2026-04-10T00:00:00","date_gmt":"2026-04-09T22:00:00","guid":{"rendered":"https:\/\/volztapes.com\/produkt\/volzacrylicfoam-73080-pv1\/"},"modified":"2026-04-10T16:25:51","modified_gmt":"2026-04-10T14:25:51","slug":"volzacrylicfoam-73080-pv1","status":"publish","type":"product","link":"https:\/\/volztapes.com\/pl\/produkt\/volzacrylicfoam-73080-pv1\/","title":{"rendered":"volzAcrylicFoam 73080 PV1"},"content":{"rendered":"<p>volzAcrylicFoam 73080 PV1 to szara, zr\u00f3\u017cnicowana, dwustronna ta\u015bma klej\u0105ca z pianki akrylowej. Strona z linernem jest pokryta klejem LSE (o niskiej energii powierzchniowej), natomiast strona bez linera z pianki akrylowej jest pokryta klejem akrylowym MSE (o \u015bredniej energii powierzchniowej).<\/p>","protected":false},"excerpt":{"rendered":"<p><strong>Aplikacje<\/strong><\/p><ul><li>\u0141\u0105czenie tworzyw sztucznych o niskiej energii powierzchniowej <\/li><li> \u0141\u0105czenie element\u00f3w zewn\u0119trznych pojazd\u00f3w samochodowych<\/li><\/ul> <div class='benefits'> <p><strong>Benefits<\/strong><\/p> <ul><li>Doskona\u0142a odporno\u015b\u0107 na promieniowanie UV i czynniki chemiczne <\/li><li> Silne wi\u0105zanie z tworzywami sztucznymi o niskiej energii powierzchniowej <\/li><li> Dobra odporno\u015b\u0107 termiczna<\/li><\/ul><\/div> <div class='conditions'><strong>Warunki Przechowywania<\/strong> <p>Ta\u015bmy nale\u017cy przechowywa\u0107 w oryginalnych kartonach, w pozycji pionowej, w temperaturze od 21\u00b0C do 30\u00b0C przy wilgotno\u015bci wzgl\u0119dnej 50%.  W przypadku sk\u0142adowania w temperaturze poni\u017cej 21\u00b0C zaleca si\u0119 przechowywanie min. 24 godziny w temperaturze pokojowej, w celu odzyskania w\u0142a\u015bciwo\u015bci. Chroni\u0107 ta\u015bmy przed \u015bwiat\u0142em s\u0142onecznym. .<\/p><\/div>","protected":false},"featured_media":0,"comment_status":"closed","ping_status":"open","template":"","meta":[],"product_cat":[13427,11317],"product_tag":[17214,17213,17215,17211,16263,17209,17210,16867,17208,17212],"_links":{"self":[{"href":"https:\/\/volztapes.com\/pl\/wp-json\/wp\/v2\/product\/30900"}],"collection":[{"href":"https:\/\/volztapes.com\/pl\/wp-json\/wp\/v2\/product"}],"about":[{"href":"https:\/\/volztapes.com\/pl\/wp-json\/wp\/v2\/types\/product"}],"replies":[{"embeddable":true,"href":"https:\/\/volztapes.com\/pl\/wp-json\/wp\/v2\/comments?post=30900"}],"wp:attachment":[{"href":"https:\/\/volztapes.com\/pl\/wp-json\/wp\/v2\/media?parent=30900"}],"wp:term":[{"taxonomy":"product_cat","embeddable":true,"href":"https:\/\/volztapes.com\/pl\/wp-json\/wp\/v2\/product_cat?post=30900"},{"taxonomy":"product_tag","embeddable":true,"href":"https:\/\/volztapes.com\/pl\/wp-json\/wp\/v2\/product_tag?post=30900"}],"curies":[{"name":"wp","href":"https:\/\/api.w.org\/{rel}","templated":true}]}}