{"id":30897,"date":"2026-04-10T00:00:00","date_gmt":"2026-04-09T22:00:00","guid":{"rendered":"https:\/\/volztapes.com\/produkt\/volzacrylicfoam-73060-pv1\/"},"modified":"2026-04-10T16:25:46","modified_gmt":"2026-04-10T14:25:46","slug":"volzacrylicfoam-73060-pv1","status":"publish","type":"product","link":"https:\/\/volztapes.com\/pl\/produkt\/volzacrylicfoam-73060-pv1\/","title":{"rendered":"volzAcrylicFoam 73060 PV1"},"content":{"rendered":"<p>volzAcrylicFoam 73060 PV1 to czarna ta\u015bma z pianki akrylowej z modyfikowanym klejem akrylowym, przeznaczona specjalnie do stosowania na tworzywach sztucznych o niskiej energii powierzchniowej. Dzi\u0119ki doskona\u0142ej przyczepno\u015bci pocz\u0105tkowej i trwa\u0142o\u015bci klejenia znajduje szerokie zastosowanie w przemy\u015ble motoryzacyjnym, elektronicznym i budowlanym.<\/p>","protected":false},"excerpt":{"rendered":"<p><strong>Aplikacje<\/strong><\/p><ul><li>Verkleben von Materialien mit geringer Oberfl\u00e4chenfl\u00e4che (LSE) wie PP, PS und pulverbeschichteten Kunststoffen <\/li><li> Vielf\u00e4ltige Anwendungsm\u00f6glichkeiten in der Automobil-, Elektronik- und Bauindustrie<\/li><\/ul> <div class='benefits'> <p><strong>Benefits<\/strong><\/p> <ul><li>Wysoka przyczepno\u015b\u0107 pocz\u0105tkowa <\/li><li> Doskona\u0142a przyczepno\u015b\u0107, zw\u0142aszcza do materia\u0142\u00f3w o niskiej powierzchniowej przyczepno\u015bci (LSE), takich jak PP, PS i tworzywa sztuczne pokryte pow\u0142ok\u0105 proszkow\u0105 <\/li><li> Dobra odporno\u015b\u0107 na promieniowanie UV i czynniki chemiczne<\/li><\/ul><\/div> <div class='conditions'><strong>Warunki Przechowywania<\/strong> <p>Ta\u015bmy nale\u017cy przechowywa\u0107 w oryginalnych kartonach, w pozycji pionowej, w temperaturze od 21\u00b0C do 30\u00b0C przy wilgotno\u015bci wzgl\u0119dnej 50%.  W przypadku sk\u0142adowania w temperaturze poni\u017cej 21\u00b0C zaleca si\u0119 przechowywanie min. 24 godziny w temperaturze pokojowej, w celu odzyskania w\u0142a\u015bciwo\u015bci. Chroni\u0107 ta\u015bmy przed \u015bwiat\u0142em s\u0142onecznym. .<\/p><\/div>","protected":false},"featured_media":0,"comment_status":"closed","ping_status":"open","template":"","meta":[],"product_cat":[13427,11317],"product_tag":[17171,17170,17211,16263,17209,17210,16867,17208,17169],"_links":{"self":[{"href":"https:\/\/volztapes.com\/pl\/wp-json\/wp\/v2\/product\/30897"}],"collection":[{"href":"https:\/\/volztapes.com\/pl\/wp-json\/wp\/v2\/product"}],"about":[{"href":"https:\/\/volztapes.com\/pl\/wp-json\/wp\/v2\/types\/product"}],"replies":[{"embeddable":true,"href":"https:\/\/volztapes.com\/pl\/wp-json\/wp\/v2\/comments?post=30897"}],"wp:attachment":[{"href":"https:\/\/volztapes.com\/pl\/wp-json\/wp\/v2\/media?parent=30897"}],"wp:term":[{"taxonomy":"product_cat","embeddable":true,"href":"https:\/\/volztapes.com\/pl\/wp-json\/wp\/v2\/product_cat?post=30897"},{"taxonomy":"product_tag","embeddable":true,"href":"https:\/\/volztapes.com\/pl\/wp-json\/wp\/v2\/product_tag?post=30897"}],"curies":[{"name":"wp","href":"https:\/\/api.w.org\/{rel}","templated":true}]}}