{"id":30869,"date":"2026-03-31T00:00:00","date_gmt":"2026-03-30T22:00:00","guid":{"rendered":"https:\/\/volztapes.com\/produkt\/volzacrylicfoam-74150-pv3\/"},"modified":"2026-03-31T18:12:25","modified_gmt":"2026-03-31T16:12:25","slug":"volzacrylicfoam-74150-pv3","status":"publish","type":"product","link":"https:\/\/volztapes.com\/pl\/produkt\/volzacrylicfoam-74150-pv3\/","title":{"rendered":"volzAcrylicFoam 74150 PV3"},"content":{"rendered":"<p>volzAcrylicFoam 74150 PV3 to wysokowydajna ta\u015bma uszczelniaj\u0105ca z pianki akrylowej.  Charakteryzuje si\u0119 wyj\u0105tkowo wysok\u0105 przyczepno\u015bci\u0105 pocz\u0105tkow\u0105, du\u017c\u0105 rozci\u0105gliwo\u015bci\u0105 oraz dobr\u0105 kompatybilno\u015bci\u0105 z wieloma chropowatymi powierzchniami i popularnymi izolacjami kabli, takimi jak PVC, X-PE i PP. volzAcrylicFoam 74150 PV3 wykazuje bardzo wysok\u0105 odporno\u015b\u0107 na temperatur\u0119 oraz dobr\u0105 przetwarzalno\u015b\u0107 w temperaturach poni\u017cej zera.  Przeznaczona jest do pod\u0142u\u017cnego uszczelniania wi\u0105zek kablowych, uszczelniania po\u0142\u0105cze\u0144 kabli pod rurkami termokurczliwymi, hydroizolacji po\u0142\u0105cze\u0144 oraz hermetycznego uszczelniania poddaszy.<\/p>","protected":false},"excerpt":{"rendered":"<p><strong>Aplikacje<\/strong><\/p><ul><li>Wzd\u0142u\u017cne uszczelnianie wi\u0105zek kablowych <\/li><li> Uszczelnianie po\u0142\u0105cze\u0144 kablowych za pomoc\u0105 rurek termokurczliwych <\/li><li> Trwa\u0142e i elastyczne uszczelnianie po\u0142\u0105cze\u0144 <\/li><li> Hermetyczne uszczelnianie poddaszy<\/li><\/ul> <div class='benefits'> <p><strong>Benefits<\/strong><\/p> <ul><li>Bardzo du\u017ca rozci\u0105gliwo\u015b\u0107 <\/li><li> Niezwykle wysoka si\u0142a wi\u0105zania natychmiastowego <\/li><li> Dobra kompatybilno\u015b\u0107 z wieloma chropowatymi powierzchniami i typowymi izolacjami kabli, takimi jak PVC, X-PE i PP <\/li><li> Bardzo dobra odporno\u015b\u0107 na temperatur\u0119 <\/li><li> Bardzo dobra obrabialno\u015b\u0107 w temperaturach ujemnych <\/li><li> Doskona\u0142a bariera dla pary wodnej <\/li><li> Klej akrylowy o bardzo dobrej odporno\u015bci na starzenie <\/li><li> Klej bezrozpuszczalnikowy <\/li><li> Ekstremalna elastyczno\u015b\u0107 i optymalne w\u0142a\u015bciwo\u015bci uszczelniaj\u0105ce<\/li><\/ul><\/div> <div class='conditions'><strong>Warunki Przechowywania<\/strong> <p>Rolki ta\u015bmy powinny by\u0107 przechowywane w oryginalnych kartonach, w pozycji pionowej, a nie poziomej. Zawsze nale\u017cy chroni\u0107 ta\u015bm\u0119 przed \u015bwiat\u0142em s\u0142onecznym. Aby zapewni\u0107 najlepszy okres trwa\u0142o\u015bci, temperatura przechowywania powinna wynosi\u0107 od 15\u00b0C do 25\u00b0C przy wilgotno\u015bci wzgl\u0119dnej 50% (\u00b1 30%). Ta\u015bmy przechowywane w temperaturze poni\u017cej 15\u00b0C powinny by\u0107 przez co najmniej 24 godziny przed u\u017cyciem przechowywane w temperaturze pokojowej, aby odzyska\u0142y swoje w\u0142a\u015bciwo\u015bci.<\/p><\/div>","protected":false},"featured_media":0,"comment_status":"closed","ping_status":"open","template":"","meta":[],"product_cat":[13427],"product_tag":[17156,17155,17168,16263,16264,17167,17166,17165,17154],"_links":{"self":[{"href":"https:\/\/volztapes.com\/pl\/wp-json\/wp\/v2\/product\/30869"}],"collection":[{"href":"https:\/\/volztapes.com\/pl\/wp-json\/wp\/v2\/product"}],"about":[{"href":"https:\/\/volztapes.com\/pl\/wp-json\/wp\/v2\/types\/product"}],"replies":[{"embeddable":true,"href":"https:\/\/volztapes.com\/pl\/wp-json\/wp\/v2\/comments?post=30869"}],"wp:attachment":[{"href":"https:\/\/volztapes.com\/pl\/wp-json\/wp\/v2\/media?parent=30869"}],"wp:term":[{"taxonomy":"product_cat","embeddable":true,"href":"https:\/\/volztapes.com\/pl\/wp-json\/wp\/v2\/product_cat?post=30869"},{"taxonomy":"product_tag","embeddable":true,"href":"https:\/\/volztapes.com\/pl\/wp-json\/wp\/v2\/product_tag?post=30869"}],"curies":[{"name":"wp","href":"https:\/\/api.w.org\/{rel}","templated":true}]}}