{"id":30794,"date":"2026-03-20T00:00:00","date_gmt":"2026-03-19T23:00:00","guid":{"rendered":"https:\/\/volztapes.com\/produkt\/ipg-intertape-6215\/"},"modified":"2026-04-20T09:46:23","modified_gmt":"2026-04-20T07:46:23","slug":"ipg-intertape-6215","status":"publish","type":"product","link":"https:\/\/volztapes.com\/pl\/produkt\/ipg-intertape-6215\/","title":{"rendered":"IPG\u00ae (Intertape\u00ae) 6215"},"content":{"rendered":"<p>Ta\u015bma na no\u015bniku z folii poliestrowej (PET) z klejem silikonowym. Dedykowana do trudnych operacji maskowania, takich jak r\u00f3\u017cne fazy produkcji p\u0142ytek drukowanych (PCB) lub maskowanie powierzchni podczas nak\u0142adania pow\u0142ok proszkowych. Pod\u0142o\u017ce PET zapewnia elastyczno\u015b\u0107\/dopasowanie, odporno\u015b\u0107 na rozpuszczalniki i chemikalia. Ta\u015bma usuwa si\u0119 bez pozostawiania \u015blad\u00f3w na powierzchniach. Precyzyjne ci\u0119cie zapewnia odporno\u015b\u0107 na rozdarcie i czyste, wyra\u017ane linie malowania.<\/p>","protected":false},"excerpt":{"rendered":"<p><strong>Aplikacje<\/strong><\/p><ul><li>Maskowanie wysokotemperaturowe w pow\u0142okach proszkowych i maskowanie ochronne p\u0142ytek drukowanych <\/li><li> Operacje \u0142\u0105czenia wymagaj\u0105ce kleju silikonowego <\/li><li> Ta\u015bma autoklawowa do \u0142\u0105czenia metali i produkcji kompozyt\u00f3w<\/li><\/ul> <div class='benefits'> <p><strong>Benefits<\/strong><\/p> <ul><li>Doskona\u0142a odporno\u015b\u0107 na dzia\u0142anie rozpuszczalnik\u00f3w i wilgoci <\/li><li> Dobra elastyczno\u015b\u0107 i zdolno\u015b\u0107 dopasowywania si\u0119 do powierzchni <\/li><li> Usuwa si\u0119 bez pozostawiania \u015blad\u00f3w <\/li><li> Precyzyjne ci\u0119cie zapewniaj\u0105ce odporno\u015b\u0107 na rozrywanie oraz czyste i wyra\u017ane linie malowania<\/li><\/ul><\/div> <div class='conditions'><strong>Warunki Przechowywania<\/strong> <p>Ta\u015bmy nale\u017cy przechowywa\u0107 w oryginalnych kartonach, w pozycji pionowej, w temperaturze od 18\u00b0C do 24\u00b0C przy wilgotno\u015bci wzgl\u0119dnej 40% do 50%.W przypadku sk\u0142adowania w temperaturze poni\u017cej 18\u00b0C zaleca si\u0119 przechowywanie min. 24 godziny w temperaturze pokojowej, w celu odzyskania w\u0142a\u015bciwo\u015bci. Chroni\u0107 ta\u015bmy przed \u015bwiat\u0142em s\u0142onecznym.<\/p><\/div>","protected":false},"featured_media":30768,"comment_status":"closed","ping_status":"open","template":"","meta":[],"product_cat":[17276,11318],"product_tag":[17131,17130,17132,17152,17151,17150,17149],"_links":{"self":[{"href":"https:\/\/volztapes.com\/pl\/wp-json\/wp\/v2\/product\/30794"}],"collection":[{"href":"https:\/\/volztapes.com\/pl\/wp-json\/wp\/v2\/product"}],"about":[{"href":"https:\/\/volztapes.com\/pl\/wp-json\/wp\/v2\/types\/product"}],"replies":[{"embeddable":true,"href":"https:\/\/volztapes.com\/pl\/wp-json\/wp\/v2\/comments?post=30794"}],"wp:featuredmedia":[{"embeddable":true,"href":"https:\/\/volztapes.com\/pl\/wp-json\/wp\/v2\/media\/30768"}],"wp:attachment":[{"href":"https:\/\/volztapes.com\/pl\/wp-json\/wp\/v2\/media?parent=30794"}],"wp:term":[{"taxonomy":"product_cat","embeddable":true,"href":"https:\/\/volztapes.com\/pl\/wp-json\/wp\/v2\/product_cat?post=30794"},{"taxonomy":"product_tag","embeddable":true,"href":"https:\/\/volztapes.com\/pl\/wp-json\/wp\/v2\/product_tag?post=30794"}],"curies":[{"name":"wp","href":"https:\/\/api.w.org\/{rel}","templated":true}]}}