{"id":30727,"date":"2026-02-24T00:00:00","date_gmt":"2026-02-23T23:00:00","guid":{"rendered":"https:\/\/volztapes.com\/produkt\/ipg-intertape-4240\/"},"modified":"2026-04-10T16:25:42","modified_gmt":"2026-04-10T14:25:42","slug":"ipg-intertape-4240","status":"publish","type":"product","link":"https:\/\/volztapes.com\/pl\/produkt\/ipg-intertape-4240\/","title":{"rendered":"IPG\u00ae (Intertape\u00ae) 4240"},"content":{"rendered":"<p>IPG\u00ae 4240 to ta\u015bma na bazie tkaniny szklanej o \u015bredniej wytrzyma\u0142o\u015bci i elastyczno\u015bci\/ i folii PET, pokryta agresywnym klejem akrylowym. Jest przeznaczona do wielu zastosowa\u0144 wymagaj\u0105cych wysokiej wydajno\u015bci, takich jak: izolowanie, owijanie i mocowanie. Folia poliestrowa o grubo\u015bci 25\u03bcm zapewnia odporno\u015b\u0107 na przebicie, rozdarcie kraw\u0119dzi i \u015bcieranie. Ta\u015bma IPG\u00ae 4240 zosta\u0142a opracowana specjalnie do stosowania w transformatorach olejowych. Po utwardzeniu klej akrylowy zapewnia nie tylko doskona\u0142\u0105 odporno\u015b\u0107 na przebicie i izolacj\u0119, ale tak\u017ce doskona\u0142\u0105 odporno\u015b\u0107 na chemikalia, rozpuszczalniki i starzenie.<\/p>","protected":false},"excerpt":{"rendered":"<p><strong>Aplikacje<\/strong><\/p><ul><li>Transformatory olejowe <\/li><li> Mocowanie o\u0142owiane i siod\u0142owe <\/li><li> Opaski i wi\u0105zki cewek silnik\u00f3w i transformator\u00f3w oraz os\u0142ony cewek<\/li><\/ul> <div class='benefits'> <p><strong>Benefits<\/strong><\/p> <ul><li>Doskona\u0142a odporno\u015b\u0107 na rozpuszczalniki, chemikalia, wilgo\u0107 i starzenie <\/li><li> Odporno\u015b\u0107 na przebicie, rozdarcie kraw\u0119dzi i \u015bcieranie <\/li><li> Doskona\u0142a wytrzyma\u0142o\u015b\u0107 dielektryczna i rezystancja izolacyjna<\/li><\/ul><\/div> <div class='conditions'><strong>Warunki Przechowywania<\/strong> <p>Ta\u015bmy nale\u017cy przechowywa\u0107 w oryginalnych kartonach, w pozycji pionowej, w temperaturze od 18\u00b0C do 24\u00b0C przy wilgotno\u015bci wzgl\u0119dnej 40% do 50%.W przypadku sk\u0142adowania w temperaturze poni\u017cej 18\u00b0C zaleca si\u0119 przechowywanie min. 24 godziny w temperaturze pokojowej, w celu odzyskania w\u0142a\u015bciwo\u015bci. Chroni\u0107 ta\u015bmy przed \u015bwiat\u0142em s\u0142onecznym.<\/p><\/div>","protected":false},"featured_media":30765,"comment_status":"closed","ping_status":"open","template":"","meta":[],"product_cat":[11318],"product_tag":[17055,17054,17056,17094,17095,17096,17098,17100,17093,17089,17092,17090,17091,17097,17099,17101],"_links":{"self":[{"href":"https:\/\/volztapes.com\/pl\/wp-json\/wp\/v2\/product\/30727"}],"collection":[{"href":"https:\/\/volztapes.com\/pl\/wp-json\/wp\/v2\/product"}],"about":[{"href":"https:\/\/volztapes.com\/pl\/wp-json\/wp\/v2\/types\/product"}],"replies":[{"embeddable":true,"href":"https:\/\/volztapes.com\/pl\/wp-json\/wp\/v2\/comments?post=30727"}],"wp:featuredmedia":[{"embeddable":true,"href":"https:\/\/volztapes.com\/pl\/wp-json\/wp\/v2\/media\/30765"}],"wp:attachment":[{"href":"https:\/\/volztapes.com\/pl\/wp-json\/wp\/v2\/media?parent=30727"}],"wp:term":[{"taxonomy":"product_cat","embeddable":true,"href":"https:\/\/volztapes.com\/pl\/wp-json\/wp\/v2\/product_cat?post=30727"},{"taxonomy":"product_tag","embeddable":true,"href":"https:\/\/volztapes.com\/pl\/wp-json\/wp\/v2\/product_tag?post=30727"}],"curies":[{"name":"wp","href":"https:\/\/api.w.org\/{rel}","templated":true}]}}