{"id":30726,"date":"2026-02-24T00:00:00","date_gmt":"2026-02-23T23:00:00","guid":{"rendered":"https:\/\/volztapes.com\/produkt\/volzfix-v5408-pv2\/"},"modified":"2026-03-31T18:12:18","modified_gmt":"2026-03-31T16:12:18","slug":"volzfix-v5408-pv2","status":"publish","type":"product","link":"https:\/\/volztapes.com\/pl\/produkt\/volzfix-v5408-pv2\/","title":{"rendered":"volzFix V5408 PV2"},"content":{"rendered":"<p>volzFix V5408 PV2 to dwustronna ta\u015bma z w\u0142\u00f3kniny z modyfikowanym klejem akrylowym na bazie rozpuszczalnika. Dzi\u0119ki dobrej przyczepno\u015bci jest to ta\u015bma og\u00f3lnego zastosowania, s\u0142u\u017c\u0105ca do przyklejania lekkich przedmiot\u00f3w do r\u00f3\u017cnych powierzchni.<\/p>","protected":false},"excerpt":{"rendered":"<p><strong>Aplikacje<\/strong><\/p><ul><li>Og\u00f3lna przyczepno\u015b\u0107 lekkich przedmiot\u00f3w <\/li><li> Mo\u017cliwo\u015b\u0107 stosowania na r\u00f3\u017cnych powierzchniach<\/li><\/ul> <div class='benefits'> <p><strong>Benefits<\/strong><\/p> <ul><li>Dobra przyczepno\u015b\u0107 <\/li><li> Nadaje si\u0119 do r\u00f3\u017cnych powierzchni<\/li><\/ul><\/div> <div class='conditions'><strong>Warunki Przechowywania<\/strong> <p>Ta\u015bmy nale\u017cy przechowywa\u0107 w oryginalnych kartonach, w pozycji pionowej, w temperaturze od 23\u00b0C do 28\u00b0C przy wilgotno\u015bci wzgl\u0119dnej 50%.  W przypadku sk\u0142adowania w temperaturze poni\u017cej 23\u00b0C zaleca si\u0119 przechowywanie min. 24 godziny w temperaturze pokojowej, w celu odzyskania w\u0142a\u015bciwo\u015bci. Chroni\u0107 ta\u015bmy przed \u015bwiat\u0142em s\u0142onecznym. .<\/p><\/div>","protected":false},"featured_media":0,"comment_status":"closed","ping_status":"open","template":"","meta":[],"product_cat":[11317],"product_tag":[16735,17088,17087,17051,17050,17049],"_links":{"self":[{"href":"https:\/\/volztapes.com\/pl\/wp-json\/wp\/v2\/product\/30726"}],"collection":[{"href":"https:\/\/volztapes.com\/pl\/wp-json\/wp\/v2\/product"}],"about":[{"href":"https:\/\/volztapes.com\/pl\/wp-json\/wp\/v2\/types\/product"}],"replies":[{"embeddable":true,"href":"https:\/\/volztapes.com\/pl\/wp-json\/wp\/v2\/comments?post=30726"}],"wp:attachment":[{"href":"https:\/\/volztapes.com\/pl\/wp-json\/wp\/v2\/media?parent=30726"}],"wp:term":[{"taxonomy":"product_cat","embeddable":true,"href":"https:\/\/volztapes.com\/pl\/wp-json\/wp\/v2\/product_cat?post=30726"},{"taxonomy":"product_tag","embeddable":true,"href":"https:\/\/volztapes.com\/pl\/wp-json\/wp\/v2\/product_tag?post=30726"}],"curies":[{"name":"wp","href":"https:\/\/api.w.org\/{rel}","templated":true}]}}