{"id":30725,"date":"2026-02-12T00:00:00","date_gmt":"2026-02-11T23:00:00","guid":{"rendered":"https:\/\/volztapes.com\/produkt\/volzacrylicfoam-76025-pv1\/"},"modified":"2026-04-20T09:46:19","modified_gmt":"2026-04-20T07:46:19","slug":"volzacrylicfoam-76025-pv1","status":"publish","type":"product","link":"https:\/\/volztapes.com\/pl\/produkt\/volzacrylicfoam-76025-pv1\/","title":{"rendered":"volzAcrylicFoam 76025 PV1"},"content":{"rendered":"<p>volzAcrylicFoam 76025 PV1 to dwustronna ta\u015bma klej\u0105ca sk\u0142adaj\u0105ca si\u0119 z kleju akrylowego na\u0142o\u017conego na no\u015bnik z pianki akrylowej. Dzi\u0119ki doskona\u0142ej przyczepno\u015bci jest najcz\u0119\u015bciej stosowana w przemy\u015ble motoryzacyjnym, elektronicznym i budowlanym. volzAcrylicFoam 76025 PV1 charakteryzuje si\u0119 doskona\u0142\u0105 si\u0142\u0105 trzymania i odporno\u015bci\u0105 na temperatur\u0119, a tak\u017ce wytrzymuje ekstremalne obci\u0105\u017cenia i wysok\u0105 temperatur\u0119.<\/p>","protected":false},"excerpt":{"rendered":"<p><strong>Aplikacje<\/strong><\/p><ul><li>Metal, szk\u0142o, tworzywa sztuczne o wysokiej energii powierzchniowej <\/li><li> Motoryzacja<\/li><li> Budowa<\/li><\/ul> <div class='benefits'> <p><strong>Benefits<\/strong><\/p> <ul><li>Doskona\u0142a przyczepno\u015b\u0107 i si\u0142a trzymania <\/li><li> Doskona\u0142a odporno\u015b\u0107 na temperatur\u0119 <\/li><li> Wytrzymuje ekstremalne obci\u0105\u017cenia i wysok\u0105 temperatur\u0119<\/li><\/ul><\/div> <div class='conditions'><strong>Warunki Przechowywania<\/strong> <p>Ta\u015bmy nale\u017cy przechowywa\u0107 w oryginalnych kartonach, w pozycji pionowej, w temperaturze od 21\u00b0C do 30\u00b0C przy wilgotno\u015bci wzgl\u0119dnej 50%.  W przypadku sk\u0142adowania w temperaturze poni\u017cej 21\u00b0C zaleca si\u0119 przechowywanie min. 24 godziny w temperaturze pokojowej, w celu odzyskania w\u0142a\u015bciwo\u015bci. Chroni\u0107 ta\u015bmy przed \u015bwiat\u0142em s\u0142onecznym. .<\/p><\/div>","protected":false},"featured_media":0,"comment_status":"closed","ping_status":"open","template":"","meta":[],"product_cat":[13427,11317],"product_tag":[17013,17012,17007,17006,17037,17043,17038,17036,16180,16264,17039,17045,17044,17046,16828,17005],"_links":{"self":[{"href":"https:\/\/volztapes.com\/pl\/wp-json\/wp\/v2\/product\/30725"}],"collection":[{"href":"https:\/\/volztapes.com\/pl\/wp-json\/wp\/v2\/product"}],"about":[{"href":"https:\/\/volztapes.com\/pl\/wp-json\/wp\/v2\/types\/product"}],"replies":[{"embeddable":true,"href":"https:\/\/volztapes.com\/pl\/wp-json\/wp\/v2\/comments?post=30725"}],"wp:attachment":[{"href":"https:\/\/volztapes.com\/pl\/wp-json\/wp\/v2\/media?parent=30725"}],"wp:term":[{"taxonomy":"product_cat","embeddable":true,"href":"https:\/\/volztapes.com\/pl\/wp-json\/wp\/v2\/product_cat?post=30725"},{"taxonomy":"product_tag","embeddable":true,"href":"https:\/\/volztapes.com\/pl\/wp-json\/wp\/v2\/product_tag?post=30725"}],"curies":[{"name":"wp","href":"https:\/\/api.w.org\/{rel}","templated":true}]}}