{"id":30724,"date":"2026-02-12T00:00:00","date_gmt":"2026-02-11T23:00:00","guid":{"rendered":"https:\/\/volztapes.com\/produkt\/volzmount-v5323-pv4\/"},"modified":"2026-04-20T09:46:19","modified_gmt":"2026-04-20T07:46:19","slug":"volzmount-v5323-pv4","status":"publish","type":"product","link":"https:\/\/volztapes.com\/pl\/produkt\/volzmount-v5323-pv4\/","title":{"rendered":"volzMount V5323 PV4"},"content":{"rendered":"<p>volzMount V5323 PV4 to dwustronna ta\u015bma samoprzylepna z no\u015bnikiem z bia\u0142ej pianki PE o g\u0119sto\u015bci 67 kg\/m\u00b3 i zamkni\u0119tych kom\u00f3rkach oraz klejem akrylowym na bazie rozpuszczalnika. Charakteryzuje si\u0119 bardzo siln\u0105 przyczepno\u015bci\u0105 i wysok\u0105 lepko\u015bci\u0105.<\/p>","protected":false},"excerpt":{"rendered":"<p><strong>Aplikacje<\/strong><\/p><ul><li>Klejenie profili, ram, tabliczek znamionowych, emblemat\u00f3w i tworzyw sztucznych <\/li><li> Nadaje si\u0119 do wszystkich zastosowa\u0144 pionowych, w szczeg\u00f3lno\u015bci do mocowania akcesori\u00f3w <\/li><li> Nadaje si\u0119 do trwa\u0142ego mocowania szk\u0142a i luster  <\/li><li>   Stosowany jako izolacja akustyczna i kontrola drga\u0144 w urz\u0105dzeniach samochodowych i przemys\u0142owych<\/li><\/ul> <div class='benefits'> <p><strong>Benefits<\/strong><\/p> <ul><li>Klej o dobrej przyczepno\u015bci, wysokiej lepko\u015bci i dobrej sp\u00f3jno\u015bci <\/li><li> Odporny na warunki atmosferyczne i chemikalia <\/li><li> Dobra odporno\u015b\u0107 na promieniowanie UV<\/li><\/ul><\/div> <div class='conditions'><strong>Warunki Przechowywania<\/strong> <p>Ta\u015bmy nale\u017cy przechowywa\u0107 w oryginalnych kartonach, w pozycji pionowej, w temperaturze od 19\u00b0C do 21\u00b0C przy wilgotno\u015bci wzgl\u0119dnej 50%.  W przypadku sk\u0142adowania w temperaturze poni\u017cej 19\u00b0C zaleca si\u0119 przechowywanie min. 24 godziny w temperaturze pokojowej, w celu odzyskania w\u0142a\u015bciwo\u015bci. Chroni\u0107 ta\u015bmy przed \u015bwiat\u0142em s\u0142onecznym. .<\/p><\/div>","protected":false},"featured_media":0,"comment_status":"closed","ping_status":"open","template":"","meta":[],"product_cat":[11317],"product_tag":[16937,16938,16939,16542,16941,16940,16936,16543,16902,16903,16901],"_links":{"self":[{"href":"https:\/\/volztapes.com\/pl\/wp-json\/wp\/v2\/product\/30724"}],"collection":[{"href":"https:\/\/volztapes.com\/pl\/wp-json\/wp\/v2\/product"}],"about":[{"href":"https:\/\/volztapes.com\/pl\/wp-json\/wp\/v2\/types\/product"}],"replies":[{"embeddable":true,"href":"https:\/\/volztapes.com\/pl\/wp-json\/wp\/v2\/comments?post=30724"}],"wp:attachment":[{"href":"https:\/\/volztapes.com\/pl\/wp-json\/wp\/v2\/media?parent=30724"}],"wp:term":[{"taxonomy":"product_cat","embeddable":true,"href":"https:\/\/volztapes.com\/pl\/wp-json\/wp\/v2\/product_cat?post=30724"},{"taxonomy":"product_tag","embeddable":true,"href":"https:\/\/volztapes.com\/pl\/wp-json\/wp\/v2\/product_tag?post=30724"}],"curies":[{"name":"wp","href":"https:\/\/api.w.org\/{rel}","templated":true}]}}