{"id":30723,"date":"2026-01-28T00:00:00","date_gmt":"2026-01-27T23:00:00","guid":{"rendered":"https:\/\/volztapes.com\/produkt\/volzfix-9067-pv6\/"},"modified":"2026-04-20T09:46:18","modified_gmt":"2026-04-20T07:46:18","slug":"volzfix-9067-pv6","status":"publish","type":"product","link":"https:\/\/volztapes.com\/pl\/produkt\/volzfix-9067-pv6\/","title":{"rendered":"volzFix 9067 PV6"},"content":{"rendered":"<p>volzFix 9067 PV6 to dwustronna ta\u015bma klej\u0105ca z folii poliestrowej z modyfikowanym klejem akrylowym na bazie rozpuszczalnika. Charakteryzuje si\u0119 bardzo dobr\u0105 przyczepno\u015bci\u0105 pocz\u0105tkow\u0105, bardzo dobr\u0105 przyczepno\u015bci\u0105 i si\u0142\u0105 trzymania. volzFix 9067 PV6 wykazuje doskona\u0142\u0105 odporno\u015b\u0107 na czynniki \u015brodowiskowe, takie jak \u015bwiat\u0142o, ciep\u0142o i wilgo\u0107.<\/p>","protected":false},"excerpt":{"rendered":"<p><strong>Aplikacje<\/strong><\/p><ul><li>Szeroko stosowany w przemy\u015ble prze\u0142\u0105cznik\u00f3w membranowych i elektrycznym (np. smartfony) <\/li><li> Konstrukcja modu\u0142owa <\/li><li> Mocowanie siatki mikrofonowej, folii odblaskowej LCD itp.<\/li><\/ul> <div class='benefits'> <p><strong>Benefits<\/strong><\/p> <ul><li>Doskona\u0142a przyczepno\u015b\u0107 pocz\u0105tkowa <\/li><li> Bardzo dobra przyczepno\u015b\u0107 i si\u0142a trzymania <\/li><li> Doskona\u0142a odporno\u015b\u0107 na czynniki \u015brodowiskowe, takie jak \u015bwiat\u0142o, ciep\u0142o i wilgotno\u015b\u0107 <\/li><li> Bezpieczne \u0142\u0105czenie z pod\u0142o\u017cami o wysokiej energii <\/li><li> Dobra przetwarzalno\u015b\u0107 podczas wykrawania<\/li><\/ul><\/div> <div class='conditions'><strong>Warunki Przechowywania<\/strong> <p>Ta\u015bmy nale\u017cy przechowywa\u0107 w oryginalnych kartonach, w pozycji pionowej, w temperaturze od 23\u00b0C do 28\u00b0C przy wilgotno\u015bci wzgl\u0119dnej 50%.  W przypadku sk\u0142adowania w temperaturze poni\u017cej 23\u00b0C zaleca si\u0119 przechowywanie min. 24 godziny w temperaturze pokojowej, w celu odzyskania w\u0142a\u015bciwo\u015bci. Chroni\u0107 ta\u015bmy przed \u015bwiat\u0142em s\u0142onecznym. .<\/p><\/div>","protected":false},"featured_media":0,"comment_status":"closed","ping_status":"open","template":"","meta":[],"product_cat":[11317],"product_tag":[10435,16896,13087,16913,16914,16915,16912,16895],"_links":{"self":[{"href":"https:\/\/volztapes.com\/pl\/wp-json\/wp\/v2\/product\/30723"}],"collection":[{"href":"https:\/\/volztapes.com\/pl\/wp-json\/wp\/v2\/product"}],"about":[{"href":"https:\/\/volztapes.com\/pl\/wp-json\/wp\/v2\/types\/product"}],"replies":[{"embeddable":true,"href":"https:\/\/volztapes.com\/pl\/wp-json\/wp\/v2\/comments?post=30723"}],"wp:attachment":[{"href":"https:\/\/volztapes.com\/pl\/wp-json\/wp\/v2\/media?parent=30723"}],"wp:term":[{"taxonomy":"product_cat","embeddable":true,"href":"https:\/\/volztapes.com\/pl\/wp-json\/wp\/v2\/product_cat?post=30723"},{"taxonomy":"product_tag","embeddable":true,"href":"https:\/\/volztapes.com\/pl\/wp-json\/wp\/v2\/product_tag?post=30723"}],"curies":[{"name":"wp","href":"https:\/\/api.w.org\/{rel}","templated":true}]}}