{"id":30722,"date":"2025-10-24T00:00:00","date_gmt":"2025-10-23T22:00:00","guid":{"rendered":"https:\/\/volztapes.com\/produkt\/tesaacxplus-7072\/"},"modified":"2026-04-20T09:46:16","modified_gmt":"2026-04-20T07:46:16","slug":"tesaacxplus-7072","status":"publish","type":"product","link":"https:\/\/volztapes.com\/pl\/produkt\/tesaacxplus-7072\/","title":{"rendered":"tesa\u00aeACXplus 7072"},"content":{"rendered":"<p>Seria tesa\u00ae ACXplus 707x nadaje si\u0119 do szerokiego zakresu zastosowa\u0144 zwi\u0105zanych z klejeniem. Zapewnia mocne i trwa\u0142e po\u0142\u0105czenia, nawet w przypadku materia\u0142\u00f3w o r\u00f3\u017cnych w\u0142a\u015bciwo\u015bciach powierzchniowych. Wiskoelastyczny rdze\u0144 kompensuje wyd\u0142u\u017cenia termiczne klejonych element\u00f3w w ca\u0142ym cyklu \u017cycia produktu ko\u0144cowego, w zakresie temperatur od -20 \u00b0C do 80 \u00b0C. Seria tesa\u00ae ACXplus 707x to wysokowydajna ta\u015bma z pianki akrylowej do trwa\u0142ych zastosowa\u0144 monta\u017cowych wewn\u0105trz i na zewn\u0105trz budynk\u00f3w.<\/p>","protected":false},"excerpt":{"rendered":"<p><strong>Aplikacje<\/strong><\/p><ul><li>Klejenie paneli i profili usztywniaj\u0105cych m.in. podczas produkcji i monta\u017cu:<\/li><li> wind <\/li><li>  paneli s\u0142onecznych <\/li><li> element\u00f3w fasadowych <\/li><li> pojazd\u00f3w specjalnych<\/li><\/ul> <div class='benefits'> <p><strong>Benefits<\/strong><\/p> <ul><li>Doskona\u0142a odporno\u015b\u0107 na szok termiczny do -40 \u00b0C <\/li><li> W po\u0142\u0105czeniu z naszymi \u015brodkami zwi\u0119kszaj\u0105cymi przyczepno\u015b\u0107 zapewnia bezpieczne i niezawodne po\u0142\u0105czenie w warunkach zewn\u0119trznych <\/li><li> Bardzo dobra odporno\u015b\u0107 na \u015bcinanie <\/li><li> Bardzo wysoka ko\u0144cowa si\u0142a klejenia<\/li><\/ul><\/div> <div class='conditions'><strong>Warunki Przechowywania<\/strong> <p>Rolki ta\u015bmy powinny by\u0107 przechowywane w oryginalnych kartonach, w pozycji pionowej, a nie poziomej. Zawsze nale\u017cy chroni\u0107 ta\u015bm\u0119 przed \u015bwiat\u0142em s\u0142onecznym. Aby zapewni\u0107 najlepszy okres trwa\u0142o\u015bci, temperatura przechowywania powinna wynosi\u0107 od 15\u00b0C do 25\u00b0C przy wilgotno\u015bci wzgl\u0119dnej 50% (\u00b1 30%). Ta\u015bmy przechowywane w temperaturze poni\u017cej 15\u00b0C powinny by\u0107 przez co najmniej 24 godziny przed u\u017cyciem przechowywane w temperaturze pokojowej, aby odzyska\u0142y swoje w\u0142a\u015bciwo\u015bci.<\/p><\/div>","protected":false},"featured_media":0,"comment_status":"closed","ping_status":"open","template":"","meta":[],"product_cat":[13427,11317],"product_tag":[16891,16892,16894,16893,16889,16890,16827,16828,16829],"_links":{"self":[{"href":"https:\/\/volztapes.com\/pl\/wp-json\/wp\/v2\/product\/30722"}],"collection":[{"href":"https:\/\/volztapes.com\/pl\/wp-json\/wp\/v2\/product"}],"about":[{"href":"https:\/\/volztapes.com\/pl\/wp-json\/wp\/v2\/types\/product"}],"replies":[{"embeddable":true,"href":"https:\/\/volztapes.com\/pl\/wp-json\/wp\/v2\/comments?post=30722"}],"wp:attachment":[{"href":"https:\/\/volztapes.com\/pl\/wp-json\/wp\/v2\/media?parent=30722"}],"wp:term":[{"taxonomy":"product_cat","embeddable":true,"href":"https:\/\/volztapes.com\/pl\/wp-json\/wp\/v2\/product_cat?post=30722"},{"taxonomy":"product_tag","embeddable":true,"href":"https:\/\/volztapes.com\/pl\/wp-json\/wp\/v2\/product_tag?post=30722"}],"curies":[{"name":"wp","href":"https:\/\/api.w.org\/{rel}","templated":true}]}}