{"id":30721,"date":"2025-07-09T00:00:00","date_gmt":"2025-07-08T22:00:00","guid":{"rendered":"https:\/\/volztapes.com\/produkt\/tesa-4313\/"},"modified":"2026-04-20T09:46:16","modified_gmt":"2026-04-20T07:46:16","slug":"tesa-4313","status":"publish","type":"product","link":"https:\/\/volztapes.com\/pl\/produkt\/tesa-4313\/","title":{"rendered":"tesa\u00ae 4313"},"content":{"rendered":"<p>tesa\u00ae 4313 posiada papierowy no\u015bnik z warstw\u0105 rozdzielaj\u0105c\u0105 bez silikonu i klejem bezrozpuszczalnikowym na bazie kauczuku syntetycznego. Ta\u015bma jest przyjazn\u0105 dla \u015brodowiska ta\u015bm\u0105 pakow\u0105 i kartonow\u0105. No\u015bnik jest wykonany z papieru, naturalnego, ekologicznego materia\u0142u. Poniewa\u017c produkt nie zawiera chloru i jest oparty na pochodnych czystej ropy naftowej, jego utylizacja poprzez obr\u00f3bk\u0119 ciepln\u0105 jest przyjazna dla \u015brodowiska. Ta\u015bma klej\u0105ca tesa\u00ae 4313 jest odporna na kr\u00f3tkotrwa\u0142e uderzenia, poniewa\u017c rozci\u0105gliwo\u015b\u0107 papieru jest bardzo wysoka \u2013 dwukrotnie wy\u017csza ni\u017c w przypadku por\u00f3wnywalnych, tradycyjnych ta\u015bm papierowych. Ta\u015bma papierowa mo\u017ce by\u0107 stosowana do pakowania karton\u00f3w o r\u00f3\u017cnej jako\u015bci. Ta\u015bma klej\u0105ca jest trwa\u0142a, poniewa\u017c produkt \u0142\u0105czy w sobie wysok\u0105 si\u0142\u0119 przyczepno\u015bci z dobr\u0105 wytrzyma\u0142o\u015bci\u0105 na rozdarcie. Ta\u015bm\u0119 klej\u0105c\u0105 mo\u017cna stosowa\u0107 r\u0119cznie lub za pomoc\u0105 dyspensera. Ta\u015bma do karton\u00f3w jest dost\u0119pna w kolorach havanna i bia\u0142ym. tesa\u00ae 4313 nadaje si\u0119 do zadruku.<\/p>","protected":false},"excerpt":{"rendered":"<p><strong>Aplikacje<\/strong><\/p><ul><li>tesa\u00ae 4313 to przyjazna dla \u015brodowiska ta\u015bma do zamykania karton\u00f3w i pakowania <\/li><li> Idealna do zamykania karton\u00f3w o niewielkiej i \u015bredniej wadze <\/li><li> Mo\u017ce by\u0107 stosowana r\u0119cznie lub w automatycznych maszynach do zamykania karton\u00f3w<\/li><\/ul> <div class='benefits'> <p><strong>Benefits<\/strong><\/p> <ul><li>Przyjazny dla \u015brodowiska <\/li><li> Klej bezrozpuszczalnikowy <\/li><li> Nie zawiera chloru <\/li><li> Mo\u017cliwo\u015b\u0107 utylizacji poprzez obr\u00f3bk\u0119 ciepln\u0105 <\/li><li> Wyd\u0142u\u017cenie dwukrotnie wi\u0119ksze ni\u017c w przypadku por\u00f3wnywalnych, tradycyjnych ta\u015bm papierowych <\/li><li> Wysoka si\u0142a trzymania <\/li><li> Dobra wytrzyma\u0142o\u015b\u0107 na rozci\u0105ganie<\/li><\/ul><\/div> <div class='conditions'><strong>Warunki Przechowywania<\/strong> <p>Rolki ta\u015bmy powinny by\u0107 przechowywane w oryginalnych kartonach, w pozycji pionowej, a nie poziomej. Zawsze nale\u017cy chroni\u0107 ta\u015bm\u0119 przed \u015bwiat\u0142em s\u0142onecznym. Aby zapewni\u0107 najlepszy okres trwa\u0142o\u015bci, temperatura przechowywania powinna wynosi\u0107 od 15\u00b0C do 25\u00b0C przy wilgotno\u015bci wzgl\u0119dnej 50% (\u00b1 30%). Ta\u015bmy przechowywane w temperaturze poni\u017cej 15\u00b0C powinny by\u0107 przez co najmniej 24 godziny przed u\u017cyciem przechowywane w temperaturze pokojowej, aby odzyska\u0142y swoje w\u0142a\u015bciwo\u015bci.<\/p><\/div>","protected":false},"featured_media":0,"comment_status":"closed","ping_status":"open","template":"","meta":[],"product_cat":[13335],"product_tag":[16882,16884,14987,16883,16822,16885],"_links":{"self":[{"href":"https:\/\/volztapes.com\/pl\/wp-json\/wp\/v2\/product\/30721"}],"collection":[{"href":"https:\/\/volztapes.com\/pl\/wp-json\/wp\/v2\/product"}],"about":[{"href":"https:\/\/volztapes.com\/pl\/wp-json\/wp\/v2\/types\/product"}],"replies":[{"embeddable":true,"href":"https:\/\/volztapes.com\/pl\/wp-json\/wp\/v2\/comments?post=30721"}],"wp:attachment":[{"href":"https:\/\/volztapes.com\/pl\/wp-json\/wp\/v2\/media?parent=30721"}],"wp:term":[{"taxonomy":"product_cat","embeddable":true,"href":"https:\/\/volztapes.com\/pl\/wp-json\/wp\/v2\/product_cat?post=30721"},{"taxonomy":"product_tag","embeddable":true,"href":"https:\/\/volztapes.com\/pl\/wp-json\/wp\/v2\/product_tag?post=30721"}],"curies":[{"name":"wp","href":"https:\/\/api.w.org\/{rel}","templated":true}]}}