{"id":30720,"date":"2025-09-30T00:00:00","date_gmt":"2025-09-29T22:00:00","guid":{"rendered":"https:\/\/volztapes.com\/produkt\/tesa-4952\/"},"modified":"2026-04-20T09:46:15","modified_gmt":"2026-04-20T07:46:15","slug":"tesa-4952","status":"publish","type":"product","link":"https:\/\/volztapes.com\/pl\/produkt\/tesa-4952\/","title":{"rendered":"tesa\u00ae 4952"},"content":{"rendered":"<p>tesa\u00ae 4952 to dwustronna ta\u015bma piankowa, cz\u0119sto stosowana do szerokiego zakresu r\u00f3\u017cnych zastosowa\u0144 monta\u017cowych. Ta\u015bma dwustronna charakteryzuje si\u0119 bardzo dobr\u0105 przyczepno\u015bci\u0105 i doskona\u0142\u0105 adhezj\u0105 na g\u0142adkich powierzchniach. Ta\u015bma piankowa jest odporna na promieniowanie UV, wilgo\u0107, wod\u0119, chemikalia i starzenie. Ta\u015bma idealnie nadaje si\u0119 do stosowania wewn\u0105trz i na zewn\u0105trz budynk\u00f3w, a jej d\u0142ugotrwa\u0142a odporno\u015b\u0107 na temperatur\u0119 wynosi do 80\u00b0C. tesa\u00ae 4952 sk\u0142ada si\u0119 z wysokiej jako\u015bci bia\u0142ego podk\u0142adu z pianki PE o zamkni\u0119tych kom\u00f3rkach, odpornego na \u015bcinanie modyfikowanego kleju akrylowego oraz podk\u0142adu z pergaminu. tesa\u00ae 4952 nadaje si\u0119 szczeg\u00f3lnie do mocowania p\u0142askich przedmiot\u00f3w, takich jak lustra, znaki i materia\u0142y dekoracyjne. Ponadto ta\u015bma piankowa dzia\u0142a jak dobry amortyzator, dzi\u0119ki czemu idealnie nadaje si\u0119 do r\u00f3\u017cnych funkcji uszczelniaj\u0105cych oraz do wyr\u00f3wnywania r\u00f3\u017cnych wyd\u0142u\u017ce\u0144 termicznych materia\u0142\u00f3w. Ta\u015bma tesa\u00ae 4952 posiada zewn\u0119trzny certyfikat do monta\u017cu luster meblowych.<\/p>","protected":false},"excerpt":{"rendered":"<p><strong>Aplikacje<\/strong><\/p><ul><li>Monta\u017c lusterek meblowych <\/li><li> Monta\u017c lusterek samochodowych <\/li><li> Monta\u017c listew funkcjonalnych i profili <\/li><li> Monta\u017c paneli ozdobnych<\/li><\/ul> <div class='benefits'> <p><strong>Benefits<\/strong><\/p> <ul><li>Wszechstronny klej o wysokiej pocz\u0105tkowej przyczepno\u015bci na r\u00f3\u017cnych powierzchniach <\/li><li>  Optymalny do stosowania na zewn\u0105trz: odporny na promieniowanie UV, wod\u0119 i starzenie <\/li><li>  Kompensuje r\u00f3\u017cnice w rozszerzalno\u015bci cieplnej r\u00f3\u017cnych materia\u0142\u00f3w <\/li><li> Wysoka przyczepno\u015b\u0107 natychmiastowa nawet przy niskim nacisku <\/li><li> Bardzo dobra odporno\u015b\u0107 na szok termiczny<\/li><\/ul><\/div> <div class='conditions'><strong>Warunki Przechowywania<\/strong> <p>Rolki ta\u015bmy powinny by\u0107 przechowywane w oryginalnych kartonach, w pozycji pionowej, a nie poziomej. Zawsze nale\u017cy chroni\u0107 ta\u015bm\u0119 przed \u015bwiat\u0142em s\u0142onecznym. Aby zapewni\u0107 najlepszy okres trwa\u0142o\u015bci, temperatura przechowywania powinna wynosi\u0107 od 15\u00b0C do 25\u00b0C przy wilgotno\u015bci wzgl\u0119dnej 50% (\u00b1 30%). Ta\u015bmy przechowywane w temperaturze poni\u017cej 15\u00b0C powinny by\u0107 przez co najmniej 24 godziny przed u\u017cyciem przechowywane w temperaturze pokojowej, aby odzyska\u0142y swoje w\u0142a\u015bciwo\u015bci.<\/p><\/div>","protected":false},"featured_media":0,"comment_status":"closed","ping_status":"open","template":"","meta":[],"product_cat":[11317],"product_tag":[16876,16879,16877,16880,16878,16543,10070,16816],"_links":{"self":[{"href":"https:\/\/volztapes.com\/pl\/wp-json\/wp\/v2\/product\/30720"}],"collection":[{"href":"https:\/\/volztapes.com\/pl\/wp-json\/wp\/v2\/product"}],"about":[{"href":"https:\/\/volztapes.com\/pl\/wp-json\/wp\/v2\/types\/product"}],"replies":[{"embeddable":true,"href":"https:\/\/volztapes.com\/pl\/wp-json\/wp\/v2\/comments?post=30720"}],"wp:attachment":[{"href":"https:\/\/volztapes.com\/pl\/wp-json\/wp\/v2\/media?parent=30720"}],"wp:term":[{"taxonomy":"product_cat","embeddable":true,"href":"https:\/\/volztapes.com\/pl\/wp-json\/wp\/v2\/product_cat?post=30720"},{"taxonomy":"product_tag","embeddable":true,"href":"https:\/\/volztapes.com\/pl\/wp-json\/wp\/v2\/product_tag?post=30720"}],"curies":[{"name":"wp","href":"https:\/\/api.w.org\/{rel}","templated":true}]}}