{"id":30719,"date":"2025-08-20T00:00:00","date_gmt":"2025-08-19T22:00:00","guid":{"rendered":"https:\/\/volztapes.com\/produkt\/tesa-74515\/"},"modified":"2026-04-20T09:46:15","modified_gmt":"2026-04-20T07:46:15","slug":"tesa-74515","status":"publish","type":"product","link":"https:\/\/volztapes.com\/pl\/produkt\/tesa-74515\/","title":{"rendered":"tesa\u00ae 74515"},"content":{"rendered":"<p>tesa\u00ae 74515 to przezroczysta, dwustronna ta\u015bma transferowa o grubo\u015bci 125#\u03bcm, opracowana do wysokowydajnego\n\u0142\u0105czenia pod\u0142o\u017cy o niskiej energii powierzchniowej (LSE), takich jak PP, PE i EPDM. Wyposa\u017cona jest w zmodyfikowany\nklej akrylowy, zapewniaj\u0105cy doskona\u0142\u0105 przyczepno\u015b\u0107 pocz\u0105tkow\u0105, wysok\u0105 wytrzyma\u0142o\u015b\u0107 na \u015bcinanie oraz niezawodne\nprzyleganie bez konieczno\u015bci stosowania primer\u00f3w. Gruba, podatna warstwa kleju (bez no\u015bnika) dobrze dopasowuje si\u0119\ndo lekko chropowatych lub elastycznych powierzchni, zapewniaj\u0105c jednolite zwil\u017cenie i rozk\u0142ad napr\u0119\u017ce\u0144. tesa\u00ae 74515\nzachowuje niezawodno\u015b\u0107 tak\u017ce w wymagaj\u0105cych warunkach \u015brodowiskowych, m.in. podczas dzia\u0142ania wilgoci oraz\nkr\u00f3tkotrwa\u0142ej ekspozycji na temperatur\u0119 do 200\u00b0C, co czyni j\u0105 idealnym rozwi\u0105zaniem do zastosowa\u0144 przemys\u0142owych i\nprecyzyjnego monta\u017cu, gdzie kluczowe s\u0105 czysta estetyka i trwa\u0142o\u015b\u0107.<\/p>","protected":false},"excerpt":{"rendered":"<p><strong>Aplikacje<\/strong><\/p><ul><li>Uniwersalne rozwi\u0105zanie do klejenia w szerokiej gamie wymagaj\u0105cych zastosowa\u0144 przemys\u0142owych<\/li><li> Umo\u017cliwia niezawodne, bezprimerowe \u0142\u0105czenie z pod\u0142o\u017cami o niskiej energii powierzchniowej (LSE), takimi jak PP, PE i EPDM<\/li><li> Idealna do trwa\u0142ego mocowania trudnych w klejeniu materia\u0142\u00f3w, np. uszczelek, element\u00f3w formowanych czy tworzyw o fakturowanych powierzchniach<\/li><li>  Odpowiednia do przemys\u0142owego klejenia pianek, folii i materia\u0142\u00f3w elastycznych<\/li><li> Doskonale sprawdza si\u0119 w projektach wymagaj\u0105cych niewidocznego \u0142\u0105czenia i estetyki bez widocznych po\u0142\u0105cze\u0144<\/li><\/ul> <div class='benefits'> <p><strong>Benefits<\/strong><\/p> <ul><li>Przyczepno\u015b\u0107 do LSE: \u0141\u0105czenie z tworzywami sztucznymi i powierzchniami powlekanymi bez u\u017cycia primera<\/li><li> Cienka i mocna: Wysoka si\u0142a klejenia przy grubo\u015bci zaledwie 125 \u03bcm<\/li><li> Wype\u0142nianie nier\u00f3wno\u015bci: Gruba warstwa kleju dopasowuje si\u0119 do drobnych nieregularno\u015bci powierzchni<\/li><li>Podatno\u015b\u0107: Idealna do elastycznych i fakturowanych powierzchni<\/li><li> Uniwersalno\u015b\u0107: \u015awietna przyczepno\u015b\u0107 zar\u00f3wno do materia\u0142\u00f3w LSE, jak i typowych pod\u0142o\u017cy<\/li><li> Odporno\u015b\u0107 termiczna: Wytrzymuje kr\u00f3tkotrwa\u0142\u0105 ekspozycj\u0119 na temperatur\u0119 do 200\u00b0C <\/li><li>Niski poziom LZO: Przebadana wg normy VDA 278 dla czystszego powietrza wewn\u0105trz pomieszcze\u0144<\/li><\/ul><\/div> <div class='conditions'><strong>Warunki Przechowywania<\/strong> <p>Rolki ta\u015bmy powinny by\u0107 przechowywane w oryginalnych kartonach, w pozycji pionowej, a nie poziomej. Zawsze nale\u017cy chroni\u0107 ta\u015bm\u0119 przed \u015bwiat\u0142em s\u0142onecznym. Aby zapewni\u0107 najlepszy okres trwa\u0142o\u015bci, temperatura przechowywania powinna wynosi\u0107 od 15\u00b0C do 25\u00b0C przy wilgotno\u015bci wzgl\u0119dnej 50% (\u00b1 30%). Ta\u015bmy przechowywane w temperaturze poni\u017cej 15\u00b0C powinny by\u0107 przez co najmniej 24 godziny przed u\u017cyciem przechowywane w temperaturze pokojowej, aby odzyska\u0142y swoje w\u0142a\u015bciwo\u015bci.<\/p><\/div>","protected":false},"featured_media":0,"comment_status":"closed","ping_status":"open","template":"","meta":[],"product_cat":[11317],"product_tag":[16873,16868,16871,16869,16867,16870,16872,15062,10070,16814],"_links":{"self":[{"href":"https:\/\/volztapes.com\/pl\/wp-json\/wp\/v2\/product\/30719"}],"collection":[{"href":"https:\/\/volztapes.com\/pl\/wp-json\/wp\/v2\/product"}],"about":[{"href":"https:\/\/volztapes.com\/pl\/wp-json\/wp\/v2\/types\/product"}],"replies":[{"embeddable":true,"href":"https:\/\/volztapes.com\/pl\/wp-json\/wp\/v2\/comments?post=30719"}],"wp:attachment":[{"href":"https:\/\/volztapes.com\/pl\/wp-json\/wp\/v2\/media?parent=30719"}],"wp:term":[{"taxonomy":"product_cat","embeddable":true,"href":"https:\/\/volztapes.com\/pl\/wp-json\/wp\/v2\/product_cat?post=30719"},{"taxonomy":"product_tag","embeddable":true,"href":"https:\/\/volztapes.com\/pl\/wp-json\/wp\/v2\/product_tag?post=30719"}],"curies":[{"name":"wp","href":"https:\/\/api.w.org\/{rel}","templated":true}]}}