{"id":30718,"date":"2025-08-01T00:00:00","date_gmt":"2025-07-31T22:00:00","guid":{"rendered":"https:\/\/volztapes.com\/produkt\/tesa-4950\/"},"modified":"2026-04-20T09:46:14","modified_gmt":"2026-04-20T07:46:14","slug":"tesa-4950","status":"publish","type":"product","link":"https:\/\/volztapes.com\/pl\/produkt\/tesa-4950\/","title":{"rendered":"tesa\u00ae 4950"},"content":{"rendered":"<p>tesa\u00ae 4950 to dwustronna przezroczysta ta\u015bma z folii PET o doskona\u0142ej wydajno\u015bci, przeznaczona do niezawodnego\nklejenia na pod\u0142o\u017cach o niskiej energii powierzchniowej (LSE). Dzi\u0119ki ca\u0142kowitej grubo\u015bci 100 \u03bcm i no\u015bnikowi PET\no grubo\u015bci 12 \u03bcm wykonanemu w 90% z materia\u0142\u00f3w z recyklingu pokonsumenckiego ta\u015bma \u0142\u0105czy zr\u00f3wnowa\u017cony\ncharakter z doskona\u0142ymi w\u0142a\u015bciwo\u015bciami technicznymi. Klej akrylowy o zwi\u0119kszonej lepko\u015bci zapewnia siln\u0105 przyczepno\u015b\u0107\npocz\u0105tkow\u0105 i doskona\u0142\u0105 wytrzyma\u0142o\u015b\u0107 na \u015bcinanie, nawet w wymagaj\u0105cych \u015brodowiskach.<\/p>","protected":false},"excerpt":{"rendered":"<p><strong>Aplikacje<\/strong><\/p><ul><li>Wszechstronne rozwi\u0105zanie w zakresie klejenia do szerokiej gamy wymagaj\u0105cych zastosowa\u0144 przemys\u0142owych <\/li><li>Przyczepno\u015b\u0107 bez podk\u0142adu do pod\u0142o\u017cy o niskiej energii powierzchniowej (LSE), takich jak PP, PE i EPDM<\/li><li> Idealne rozwi\u0105zanie do d\u0142ugotrwa\u0142ego monta\u017cu na trudnych do sklejenia materia\u0142ach, w tym uszczelkach i elementach formowanych <\/li><li>Do monta\u017cu przemys\u0142owego, gdzie estetyczne wyko\u0144czenie, stabilno\u015b\u0107 wymiarowa i przezroczysto\u015b\u0107 po\u0142\u0105cze\u0144 maj\u0105 kluczowe znaczenie.<\/li><\/ul> <div class='benefits'> <p><strong>Benefits<\/strong><\/p> <ul><li>Zoptymalizowana przyczepno\u015b\u0107 LSE: niezawodne klejenie do PP, PE i EPDM bez podk\u0142adu<\/li><li>  Wysoka wytrzyma\u0142o\u015b\u0107 na \u015bcinanie: wytrzymuje napr\u0119\u017cenia i wysok\u0105 temperatur\u0119, zapewniaj\u0105c wysok\u0105 trwa\u0142o\u015b\u0107<\/li><li> Stabilno\u015b\u0107 wymiarowa: no\u015bnik PET umo\u017cliwia wygodne operowanie ta\u015bm\u0105 i precyzyjne wykrawanie<\/li><li> Odporno\u015b\u0107 termiczna: wytrzymuje kr\u00f3tkotrwa\u0142e dzia\u0142anie temperatury do 200 \u00b0C<\/li><li> Niska zawarto\u015b\u0107 LZO: przetestowana zgodnie z norm\u0105 VDA 278 dla czystszego powietrza w pomieszczeniach<\/li><\/ul><\/div> <div class='conditions'><strong>Warunki Przechowywania<\/strong> <p>Rolki ta\u015bmy powinny by\u0107 przechowywane w oryginalnych kartonach, w pozycji pionowej, a nie poziomej. Zawsze nale\u017cy chroni\u0107 ta\u015bm\u0119 przed \u015bwiat\u0142em s\u0142onecznym. Aby zapewni\u0107 najlepszy okres trwa\u0142o\u015bci, temperatura przechowywania powinna wynosi\u0107 od 15\u00b0C do 25\u00b0C przy wilgotno\u015bci wzgl\u0119dnej 50% (\u00b1 30%). Ta\u015bmy przechowywane w temperaturze poni\u017cej 15\u00b0C powinny by\u0107 przez co najmniej 24 godziny przed u\u017cyciem przechowywane w temperaturze pokojowej, aby odzyska\u0142y swoje w\u0142a\u015bciwo\u015bci.<\/p><\/div>","protected":false},"featured_media":0,"comment_status":"closed","ping_status":"open","template":"","meta":[],"product_cat":[11317],"product_tag":[16873,16868,16871,16869,16867,16870,16872,10070,16806],"_links":{"self":[{"href":"https:\/\/volztapes.com\/pl\/wp-json\/wp\/v2\/product\/30718"}],"collection":[{"href":"https:\/\/volztapes.com\/pl\/wp-json\/wp\/v2\/product"}],"about":[{"href":"https:\/\/volztapes.com\/pl\/wp-json\/wp\/v2\/types\/product"}],"replies":[{"embeddable":true,"href":"https:\/\/volztapes.com\/pl\/wp-json\/wp\/v2\/comments?post=30718"}],"wp:attachment":[{"href":"https:\/\/volztapes.com\/pl\/wp-json\/wp\/v2\/media?parent=30718"}],"wp:term":[{"taxonomy":"product_cat","embeddable":true,"href":"https:\/\/volztapes.com\/pl\/wp-json\/wp\/v2\/product_cat?post=30718"},{"taxonomy":"product_tag","embeddable":true,"href":"https:\/\/volztapes.com\/pl\/wp-json\/wp\/v2\/product_tag?post=30718"}],"curies":[{"name":"wp","href":"https:\/\/api.w.org\/{rel}","templated":true}]}}