{"id":30717,"date":"2025-11-18T00:00:00","date_gmt":"2025-11-17T23:00:00","guid":{"rendered":"https:\/\/volztapes.com\/produkt\/volzelektro-41356-pv4\/"},"modified":"2026-04-20T09:46:12","modified_gmt":"2026-04-20T07:46:12","slug":"volzelektro-41356-pv4","status":"publish","type":"product","link":"https:\/\/volztapes.com\/pl\/produkt\/volzelektro-41356-pv4\/","title":{"rendered":"volzElektro 41356 PV4"},"content":{"rendered":"<p>volzElektro 41356 PV4 to laminat z folii PET\/Nomex\u00ae, pokryty z jednej strony termoutwardzalnym klejem kauczukowym. Przeznaczony do zastosowa\u0144 elektrycznych w wysokich temperaturach, gdzie wymagany jest cienki i odporny na przebicie no\u015bnik.<\/p>","protected":false},"excerpt":{"rendered":"<p><strong>Aplikacje<\/strong><\/p><ul><li>Izolacja fazowa silnik\u00f3w elektrycznych, generator\u00f3w itp. <\/li><li> Zewn\u0119trzne owijanie, zak\u0142adanie ko\u0144c\u00f3wek i mocowanie przewod\u00f3w transformator\u00f3w elektrycznych, cewek itp.<\/li><\/ul> <div class='benefits'> <p><strong>Benefits<\/strong><\/p> <ul><li>Bardzo dobra odporno\u015b\u0107 termiczna i wyj\u0105tkowa wytrzyma\u0142o\u015b\u0107 na przebicie <\/li><li> Wysoka przyczepno\u015b\u0107 pocz\u0105tkowa <\/li><li> Dobra odporno\u015b\u0107 chemiczna po utwardzeniu termicznym<\/li><\/ul><\/div> <div class='conditions'><strong>Warunki Przechowywania<\/strong> <p>Rolki ta\u015bmy powinny by\u0107 przechowywane w oryginalnych kartonach, w pozycji pionowej, a nie poziomej. Zawsze nale\u017cy chroni\u0107 ta\u015bm\u0119 przed \u015bwiat\u0142em s\u0142onecznym. Aby zapewni\u0107 najlepszy okres trwa\u0142o\u015bci, temperatura przechowywania powinna wynosi\u0107 od 15\u00b0C do 25\u00b0C przy wilgotno\u015bci wzgl\u0119dnej 50% (\u00b1 30%). Ta\u015bmy przechowywane w temperaturze poni\u017cej 15\u00b0C powinny by\u0107 przez co najmniej 24 godziny przed u\u017cyciem przechowywane w temperaturze pokojowej, aby odzyska\u0142y swoje w\u0142a\u015bciwo\u015bci.<\/p><\/div>","protected":false},"featured_media":29944,"comment_status":"closed","ping_status":"open","template":"","meta":[],"product_cat":[11318],"product_tag":[10268,16797,10628,16804,10630,16798,16800,16738,16805,16803,16802,16801,16796],"_links":{"self":[{"href":"https:\/\/volztapes.com\/pl\/wp-json\/wp\/v2\/product\/30717"}],"collection":[{"href":"https:\/\/volztapes.com\/pl\/wp-json\/wp\/v2\/product"}],"about":[{"href":"https:\/\/volztapes.com\/pl\/wp-json\/wp\/v2\/types\/product"}],"replies":[{"embeddable":true,"href":"https:\/\/volztapes.com\/pl\/wp-json\/wp\/v2\/comments?post=30717"}],"wp:featuredmedia":[{"embeddable":true,"href":"https:\/\/volztapes.com\/pl\/wp-json\/wp\/v2\/media\/29944"}],"wp:attachment":[{"href":"https:\/\/volztapes.com\/pl\/wp-json\/wp\/v2\/media?parent=30717"}],"wp:term":[{"taxonomy":"product_cat","embeddable":true,"href":"https:\/\/volztapes.com\/pl\/wp-json\/wp\/v2\/product_cat?post=30717"},{"taxonomy":"product_tag","embeddable":true,"href":"https:\/\/volztapes.com\/pl\/wp-json\/wp\/v2\/product_tag?post=30717"}],"curies":[{"name":"wp","href":"https:\/\/api.w.org\/{rel}","templated":true}]}}