{"id":30716,"date":"2025-10-17T00:00:00","date_gmt":"2025-10-16T22:00:00","guid":{"rendered":"https:\/\/volztapes.com\/produkt\/volzfix-v5265-pe\/"},"modified":"2026-03-31T18:12:05","modified_gmt":"2026-03-31T16:12:05","slug":"volzfix-v5265-pe","status":"publish","type":"product","link":"https:\/\/volztapes.com\/pl\/produkt\/volzfix-v5265-pe\/","title":{"rendered":"volzFix V5265-PE"},"content":{"rendered":"<p>volzFix V5265 PE to modyfikowany klej akrylowy o grubo\u015bci 125 mikron\u00f3w, nawini\u0119ty na br\u0105zow\u0105 silikonowan\u0105 papierow\u0105 warstw\u0119 rozdzielaj\u0105c\u0105. Przeznaczony do monta\u017cu r\u00f3\u017cnych materia\u0142\u00f3w, takich jak tkaniny, papier, folie plastikowe, folie metalowe, tektura, szk\u0142o itp.  Charakteryzuje si\u0119 bardzo wysok\u0105 przyczepno\u015bci\u0105 i adhezj\u0105, dobr\u0105 wytrzyma\u0142o\u015bci\u0105 na \u015bcinanie i odporno\u015bci\u0105 na starz<\/p>","protected":false},"excerpt":{"rendered":"<p><strong>Aplikacje<\/strong><\/p><ul><li>Przemys\u0142 papierniczy i tworzyw sztucznych, \u0142\u0105czenie w locie, rozpoczynanie rdzenia, zak\u0142adanie ko\u0144c\u00f3wek, pakowanie itp. <\/li><li> Laminowanie tkanin i pianki, monta\u017c wy\u015bwietlaczy, zdj\u0119\u0107, plakat\u00f3w, ulotek itp.<\/li><\/ul> <div class='benefits'> <p><strong>Benefits<\/strong><\/p> <ul><li>Bardzo wysoka przyczepno\u015b\u0107 i adhezja <\/li><li> Dobra wytrzyma\u0142o\u015b\u0107 na \u015bcinanie i odporno\u015b\u0107 na starzenie <\/li><li>  Nie zawiera kwas\u00f3w<\/li><\/ul><\/div> <div class='conditions'><strong>Warunki Przechowywania<\/strong> <p>Rolki ta\u015bmy powinny by\u0107 przechowywane w oryginalnych kartonach, w pozycji pionowej, a nie poziomej. Zawsze nale\u017cy chroni\u0107 ta\u015bm\u0119 przed \u015bwiat\u0142em s\u0142onecznym. Aby zapewni\u0107 najlepszy okres trwa\u0142o\u015bci, temperatura przechowywania powinna wynosi\u0107 od 15\u00b0C do 25\u00b0C przy wilgotno\u015bci wzgl\u0119dnej 50% (\u00b1 30%). Ta\u015bmy przechowywane w temperaturze poni\u017cej 15\u00b0C powinny by\u0107 przez co najmniej 24 godziny przed u\u017cyciem przechowywane w temperaturze pokojowej, aby odzyska\u0142y swoje w\u0142a\u015bciwo\u015bci.<\/p><\/div>","protected":false},"featured_media":29847,"comment_status":"closed","ping_status":"open","template":"","meta":[],"product_cat":[11317],"product_tag":[16780,16779,16793,16792,16794,16781,16788,16790,16789,16791,16777,13076,13077,16778,16795],"_links":{"self":[{"href":"https:\/\/volztapes.com\/pl\/wp-json\/wp\/v2\/product\/30716"}],"collection":[{"href":"https:\/\/volztapes.com\/pl\/wp-json\/wp\/v2\/product"}],"about":[{"href":"https:\/\/volztapes.com\/pl\/wp-json\/wp\/v2\/types\/product"}],"replies":[{"embeddable":true,"href":"https:\/\/volztapes.com\/pl\/wp-json\/wp\/v2\/comments?post=30716"}],"wp:featuredmedia":[{"embeddable":true,"href":"https:\/\/volztapes.com\/pl\/wp-json\/wp\/v2\/media\/29847"}],"wp:attachment":[{"href":"https:\/\/volztapes.com\/pl\/wp-json\/wp\/v2\/media?parent=30716"}],"wp:term":[{"taxonomy":"product_cat","embeddable":true,"href":"https:\/\/volztapes.com\/pl\/wp-json\/wp\/v2\/product_cat?post=30716"},{"taxonomy":"product_tag","embeddable":true,"href":"https:\/\/volztapes.com\/pl\/wp-json\/wp\/v2\/product_tag?post=30716"}],"curies":[{"name":"wp","href":"https:\/\/api.w.org\/{rel}","templated":true}]}}