{"id":30714,"date":"2025-10-15T00:00:00","date_gmt":"2025-10-14T22:00:00","guid":{"rendered":"https:\/\/volztapes.com\/produkt\/volzflex-1086\/"},"modified":"2026-04-20T09:46:10","modified_gmt":"2026-04-20T07:46:10","slug":"volzflex-1086","status":"publish","type":"product","link":"https:\/\/volztapes.com\/pl\/produkt\/volzflex-1086\/","title":{"rendered":"volzFlex 1086"},"content":{"rendered":"<p>volzFlex 1086 to samogasn\u0105ca ta\u015bma z mi\u0119kkiego PVC najwy\u017cszej jako\u015bci, pokryta agresywnym klejem z naturalnego kauczuku wra\u017cliwym na nacisk. Jest przeznaczona do stosowania w sektorze elektrycznym, gdzie wymagane s\u0105 uznane specyfikacje lub normy mi\u0119dzynarodowe, a bezpiecze\u0144stwo \u015brodowiska ma priorytetowe znaczenie.<\/p>","protected":false},"excerpt":{"rendered":"<p><strong>Aplikacje<\/strong><\/p><ul><li>Pierwsza izolacja elektryczna <\/li><li> Produkcja wi\u0105zek przewod\u00f3w <\/li><li> Ochrona po\u0142\u0105cze\u0144 kabli niskiego i \u015bredniego napi\u0119cia <\/li><li> \u015aledzenie kolor\u00f3w<\/li><\/ul> <div class='benefits'> <p><strong>Benefits<\/strong><\/p> <ul><li>Dobra odporno\u015b\u0107 na \u015bcieranie, korozj\u0119 i wilgo\u0107 <\/li><li> Wysoka wytrzyma\u0142o\u015b\u0107 dielektryczna i dobra ochrona mechaniczna <\/li><li> Doskona\u0142a zdolno\u015b\u0107 dopasowania kszta\u0142tu <\/li><li> Mo\u017cliwo\u015b\u0107 nak\u0142adania r\u0119cznego <\/li><li> Zgodno\u015b\u0107 z dyrektyw\u0105 europejsk\u0105 2011\/65\/WE (RoHS 2) i rozporz\u0105dzeniem delegowanym Komisji (UE) 2015\/863 (RoHS 3) <\/li><li> Certyfikaty IMQ i VDE zgodnie z norm\u0105 IEC 60454-3-1 <\/li><li> Certyfikat UL <\/li><li> Technologia przyjazna dla \u015brodowiska<\/li><\/ul><\/div> <div class='conditions'><strong>Warunki Przechowywania<\/strong> <p>Rolki ta\u015bmy powinny by\u0107 przechowywane w oryginalnych kartonach, w pozycji pionowej, a nie poziomej. Zawsze nale\u017cy chroni\u0107 ta\u015bm\u0119 przed \u015bwiat\u0142em s\u0142onecznym. Aby zapewni\u0107 najlepszy okres trwa\u0142o\u015bci, temperatura przechowywania powinna wynosi\u0107 od 15\u00b0C do 25\u00b0C przy wilgotno\u015bci wzgl\u0119dnej 50% (\u00b1 30%). Ta\u015bmy przechowywane w temperaturze poni\u017cej 15\u00b0C powinny by\u0107 przez co najmniej 24 godziny przed u\u017cyciem przechowywane w temperaturze pokojowej, aby odzyska\u0142y swoje w\u0142a\u015bciwo\u015bci.<\/p><\/div>","protected":false},"featured_media":0,"comment_status":"closed","ping_status":"open","template":"","meta":[],"product_cat":[11318],"product_tag":[16760,16771,16761,16768,16769,16770,16759],"_links":{"self":[{"href":"https:\/\/volztapes.com\/pl\/wp-json\/wp\/v2\/product\/30714"}],"collection":[{"href":"https:\/\/volztapes.com\/pl\/wp-json\/wp\/v2\/product"}],"about":[{"href":"https:\/\/volztapes.com\/pl\/wp-json\/wp\/v2\/types\/product"}],"replies":[{"embeddable":true,"href":"https:\/\/volztapes.com\/pl\/wp-json\/wp\/v2\/comments?post=30714"}],"wp:attachment":[{"href":"https:\/\/volztapes.com\/pl\/wp-json\/wp\/v2\/media?parent=30714"}],"wp:term":[{"taxonomy":"product_cat","embeddable":true,"href":"https:\/\/volztapes.com\/pl\/wp-json\/wp\/v2\/product_cat?post=30714"},{"taxonomy":"product_tag","embeddable":true,"href":"https:\/\/volztapes.com\/pl\/wp-json\/wp\/v2\/product_tag?post=30714"}],"curies":[{"name":"wp","href":"https:\/\/api.w.org\/{rel}","templated":true}]}}