{"id":30713,"date":"2025-10-06T00:00:00","date_gmt":"2025-10-05T22:00:00","guid":{"rendered":"https:\/\/volztapes.com\/produkt\/volzmount-v5312\/"},"modified":"2026-04-20T09:46:10","modified_gmt":"2026-04-20T07:46:10","slug":"volzmount-v5312","status":"publish","type":"product","link":"https:\/\/volztapes.com\/pl\/produkt\/volzmount-v5312\/","title":{"rendered":"volzMount V5312"},"content":{"rendered":"<p>volzMount V5312 to dwustronna ta\u015bma samoprzylepna z no\u015bnikiem z pianki PE o zamkni\u0119tych kom\u00f3rkach i \u015bredniej g\u0119sto\u015bci oraz wysokowydajnym klejem akrylowym. Charakteryzuje si\u0119 wysok\u0105 przyczepno\u015bci\u0105 pocz\u0105tkow\u0105 i wytrzyma\u0142o\u015bci\u0105 na \u015bcinanie, doskona\u0142\u0105 odporno\u015bci\u0105 na promieniowanie UV i starzenie oraz dobr\u0105 przyczepno\u015bci\u0105 do r\u00f3\u017cnych g\u0142adkich i chropowatych powierzchni. volzMount V5312 jest przeznaczony do og\u00f3lnych zastosowa\u0144 monta\u017cowych i konstrukcyjnych w przemy\u015ble motoryzacyjnym, meblarskim, budowlanym i konstrukcyjnym.<\/p>","protected":false},"excerpt":{"rendered":"<p><strong>Aplikacje<\/strong><\/p><ul><li>Monta\u017c element\u00f3w z tworzyw sztucznych w przemy\u015ble motoryzacyjnym <\/li><li> Mocowanie profili dekoracyjnych, listew meblowych i przewod\u00f3w elektrycznych <\/li><li> Monta\u017c tabliczek znamionowych, emblemat\u00f3w i profili z tworzyw sztucznych w budownictwie<\/li><\/ul> <div class='benefits'> <p><strong>Benefits<\/strong><\/p> <ul><li>Wysoka przyczepno\u015b\u0107 pocz\u0105tkowa i wytrzyma\u0142o\u015b\u0107 na \u015bcinanie <\/li><li> Doskona\u0142a odporno\u015b\u0107 na promieniowanie UV i starzenie  <\/li><li> Dobra przyczepno\u015b\u0107 do r\u00f3\u017cnych g\u0142adkich i chropowatych pod\u0142o\u017cy<\/li><\/ul><\/div> <div class='conditions'><strong>Warunki Przechowywania<\/strong> <p>Rolki ta\u015bmy powinny by\u0107 przechowywane w oryginalnych kartonach, w pozycji pionowej, a nie poziomej. Zawsze nale\u017cy chroni\u0107 ta\u015bm\u0119 przed \u015bwiat\u0142em s\u0142onecznym. Aby zapewni\u0107 najlepszy okres trwa\u0142o\u015bci, temperatura przechowywania powinna wynosi\u0107 od 15\u00b0C do 25\u00b0C przy wilgotno\u015bci wzgl\u0119dnej 50% (\u00b1 30%). Ta\u015bmy przechowywane w temperaturze poni\u017cej 15\u00b0C powinny by\u0107 przez co najmniej 24 godziny przed u\u017cyciem przechowywane w temperaturze pokojowej, aby odzyska\u0142y swoje w\u0142a\u015bciwo\u015bci.<\/p><\/div>","protected":false},"featured_media":29841,"comment_status":"closed","ping_status":"open","template":"","meta":[],"product_cat":[11317],"product_tag":[13081,10510,13085,16734,13082,13079,10065,13078,13080,13086,16739,16748,16747,10803,16542,13083,11034,16746,13084,16741,10066,10069,16732,16735,16738,16737,16736,16733,15031,16745,10070,16740,11033,13076,10511,10067,16743,16742,16744],"_links":{"self":[{"href":"https:\/\/volztapes.com\/pl\/wp-json\/wp\/v2\/product\/30713"}],"collection":[{"href":"https:\/\/volztapes.com\/pl\/wp-json\/wp\/v2\/product"}],"about":[{"href":"https:\/\/volztapes.com\/pl\/wp-json\/wp\/v2\/types\/product"}],"replies":[{"embeddable":true,"href":"https:\/\/volztapes.com\/pl\/wp-json\/wp\/v2\/comments?post=30713"}],"wp:featuredmedia":[{"embeddable":true,"href":"https:\/\/volztapes.com\/pl\/wp-json\/wp\/v2\/media\/29841"}],"wp:attachment":[{"href":"https:\/\/volztapes.com\/pl\/wp-json\/wp\/v2\/media?parent=30713"}],"wp:term":[{"taxonomy":"product_cat","embeddable":true,"href":"https:\/\/volztapes.com\/pl\/wp-json\/wp\/v2\/product_cat?post=30713"},{"taxonomy":"product_tag","embeddable":true,"href":"https:\/\/volztapes.com\/pl\/wp-json\/wp\/v2\/product_tag?post=30713"}],"curies":[{"name":"wp","href":"https:\/\/api.w.org\/{rel}","templated":true}]}}