{"id":30712,"date":"2025-10-07T00:00:00","date_gmt":"2025-10-06T22:00:00","guid":{"rendered":"https:\/\/volztapes.com\/produkt\/volzfix-9017-pv3\/"},"modified":"2026-04-20T09:46:07","modified_gmt":"2026-04-20T07:46:07","slug":"volzfix-9017-pv3","status":"publish","type":"product","link":"https:\/\/volztapes.com\/pl\/produkt\/volzfix-9017-pv3\/","title":{"rendered":"volzFix 9017 PV3"},"content":{"rendered":"<p>volzFix 9017 PV3 to dwustronna ta\u015bma klej\u0105ca, kt\u00f3rej ka\u017cda strona ma inn\u0105 si\u0142\u0119 przyczepno\u015bci. Strona o niskiej przyczepno\u015bci zapewnia mo\u017cliwo\u015b\u0107 usuni\u0119cia bez pozostawiania \u015blad\u00f3w, natomiast strona o wysokiej przyczepno\u015bci gwarantuje optymaln\u0105 przyczepno\u015b\u0107 na g\u0142adkich powierzchniach.<\/p>","protected":false},"excerpt":{"rendered":"<p><strong>Aplikacje<\/strong><\/p><ul><li>Maskowanie cz\u0119\u015bci podczas malowania proszkowego <\/li><li> Monta\u017c podk\u0142adek ochronnych <\/li><li> Monta\u017c grafik na witrynach sklepowych i oknach <\/li><li> Monta\u017c kart inteligentnych <\/li><li> Ochrona jasnych element\u00f3w <\/li><li> Ta\u015bma aplikacyjna do emblemat\u00f3w samochodowych <\/li><li> Tymczasowe mocowanie w firmach zajmuj\u0105cych si\u0119 wyka\u0144czaniem druku i wysy\u0142k\u0105 bezpo\u015bredni\u0105<\/li><\/ul> <div class='benefits'> <p><strong>Benefits<\/strong><\/p> <ul><li>\u0141atwe usuwanie bez pozostawiania \u015blad\u00f3w <\/li><li> Trwa\u0142e i nietrwa\u0142e strony samoprzylepne <\/li><li> Dobra odporno\u015b\u0107 na promieniowanie UV<\/li><\/ul><\/div> <div class='conditions'><strong>Warunki Przechowywania<\/strong> <p>Rolki ta\u015bmy powinny by\u0107 przechowywane w oryginalnych kartonach, w pozycji pionowej, a nie poziomej. Zawsze nale\u017cy chroni\u0107 ta\u015bm\u0119 przed \u015bwiat\u0142em s\u0142onecznym. Aby zapewni\u0107 najlepszy okres trwa\u0142o\u015bci, temperatura przechowywania powinna wynosi\u0107 od 15\u00b0C do 25\u00b0C przy wilgotno\u015bci wzgl\u0119dnej 50% (\u00b1 30%). Ta\u015bmy przechowywane w temperaturze poni\u017cej 15\u00b0C powinny by\u0107 przez co najmniej 24 godziny przed u\u017cyciem przechowywane w temperaturze pokojowej, aby odzyska\u0142y swoje w\u0142a\u015bciwo\u015bci.<\/p><\/div>","protected":false},"featured_media":0,"comment_status":"closed","ping_status":"open","template":"","meta":[],"product_cat":[11317],"product_tag":[16721,16722,16723,16724,16731,16730,16720],"_links":{"self":[{"href":"https:\/\/volztapes.com\/pl\/wp-json\/wp\/v2\/product\/30712"}],"collection":[{"href":"https:\/\/volztapes.com\/pl\/wp-json\/wp\/v2\/product"}],"about":[{"href":"https:\/\/volztapes.com\/pl\/wp-json\/wp\/v2\/types\/product"}],"replies":[{"embeddable":true,"href":"https:\/\/volztapes.com\/pl\/wp-json\/wp\/v2\/comments?post=30712"}],"wp:attachment":[{"href":"https:\/\/volztapes.com\/pl\/wp-json\/wp\/v2\/media?parent=30712"}],"wp:term":[{"taxonomy":"product_cat","embeddable":true,"href":"https:\/\/volztapes.com\/pl\/wp-json\/wp\/v2\/product_cat?post=30712"},{"taxonomy":"product_tag","embeddable":true,"href":"https:\/\/volztapes.com\/pl\/wp-json\/wp\/v2\/product_tag?post=30712"}],"curies":[{"name":"wp","href":"https:\/\/api.w.org\/{rel}","templated":true}]}}