{"id":30711,"date":"2025-04-24T00:00:00","date_gmt":"2025-04-23T22:00:00","guid":{"rendered":"https:\/\/volztapes.com\/produkt\/volzband-31800-pv1\/"},"modified":"2026-04-20T09:46:07","modified_gmt":"2026-04-20T07:46:07","slug":"volzband-31800-pv1","status":"publish","type":"product","link":"https:\/\/volztapes.com\/pl\/produkt\/volzband-31800-pv1\/","title":{"rendered":"volzBand 31800 PV1"},"content":{"rendered":"<p>volzBand 31800 PV1 to wysokiej jako\u015bci, wytrzyma\u0142a ta\u015bma z wyt\u0142aczanego LDPE z klejem z naturalnego kauczuku. \u0141\u0105czy w sobie dodatkow\u0105 grubo\u015b\u0107 z wyj\u0105tkow\u0105 przyczepno\u015bci\u0105 i wytrzyma\u0142o\u015bci\u0105 na rozci\u0105ganie, zapewniaj\u0105c wydajno\u015b\u0107 w ekstremalnych warunkach.<\/p>","protected":false},"excerpt":{"rendered":"<p><strong>Aplikacje<\/strong><\/p><ul><li>Typowa ta\u015bma naprawcza, kt\u00f3ra mo\u017ce by\u0107 stosowana w r\u00f3\u017cnych zastosowaniach <\/li><li> Oznaczanie, pokrywanie, pakowanie, ochrona, uszczelnianie <\/li><li> Mocowanie kabli <\/li><li> Oznaczenia pod\u0142ogowe <\/li><li> Mocowanie konstrukcji <\/li><li> Og\u00f3lne prace zwi\u0105zane z oznaczaniem <\/li><li> Uszczelnianie toreb i karton\u00f3w<\/li><\/ul> <div class='benefits'> <p><strong>Benefits<\/strong><\/p> <ul><li>Najwy\u017csza jako\u015b\u0107 <\/li><li> Wyj\u0105tkowa przyczepno\u015b\u0107 i wytrzyma\u0142o\u015b\u0107 na rozci\u0105ganie <\/li><li> Sprawdzona w ekstremalnych warunkach<\/li><\/ul><\/div> <div class='conditions'><strong>Warunki Przechowywania<\/strong> <p>Rolki ta\u015bmy powinny by\u0107 przechowywane w oryginalnych kartonach, w pozycji pionowej, a nie poziomej. Zawsze nale\u017cy chroni\u0107 ta\u015bm\u0119 przed \u015bwiat\u0142em s\u0142onecznym. Aby zapewni\u0107 najlepszy okres trwa\u0142o\u015bci, temperatura przechowywania powinna wynosi\u0107 od 15\u00b0C do 25\u00b0C przy wilgotno\u015bci wzgl\u0119dnej 50% (\u00b1 30%). Ta\u015bmy przechowywane w temperaturze poni\u017cej 15\u00b0C powinny by\u0107 przez co najmniej 24 godziny przed u\u017cyciem przechowywane w temperaturze pokojowej, aby odzyska\u0142y swoje w\u0142a\u015bciwo\u015bci.<\/p><\/div>","protected":false},"featured_media":0,"comment_status":"closed","ping_status":"open","template":"","meta":[],"product_cat":[13334],"product_tag":[16596,16717,16716,16715,16719,16718,16595],"_links":{"self":[{"href":"https:\/\/volztapes.com\/pl\/wp-json\/wp\/v2\/product\/30711"}],"collection":[{"href":"https:\/\/volztapes.com\/pl\/wp-json\/wp\/v2\/product"}],"about":[{"href":"https:\/\/volztapes.com\/pl\/wp-json\/wp\/v2\/types\/product"}],"replies":[{"embeddable":true,"href":"https:\/\/volztapes.com\/pl\/wp-json\/wp\/v2\/comments?post=30711"}],"wp:attachment":[{"href":"https:\/\/volztapes.com\/pl\/wp-json\/wp\/v2\/media?parent=30711"}],"wp:term":[{"taxonomy":"product_cat","embeddable":true,"href":"https:\/\/volztapes.com\/pl\/wp-json\/wp\/v2\/product_cat?post=30711"},{"taxonomy":"product_tag","embeddable":true,"href":"https:\/\/volztapes.com\/pl\/wp-json\/wp\/v2\/product_tag?post=30711"}],"curies":[{"name":"wp","href":"https:\/\/api.w.org\/{rel}","templated":true}]}}