{"id":30709,"date":"2025-08-14T00:00:00","date_gmt":"2025-08-13T22:00:00","guid":{"rendered":"https:\/\/volztapes.com\/produkt\/volzmount-v5327\/"},"modified":"2026-04-20T09:46:06","modified_gmt":"2026-04-20T07:46:06","slug":"volzmount-v5327","status":"publish","type":"product","link":"https:\/\/volztapes.com\/pl\/produkt\/volzmount-v5327\/","title":{"rendered":"volzMount V5327"},"content":{"rendered":"<p>volzMount V5327 to czarna, dwustronna ta\u015bma klej\u0105ca z pianki PE o grubo\u015bci 3,0 mm, pokryta klejem akrylowym na bazie rozpuszczalnika.<\/p>","protected":false},"excerpt":{"rendered":"<p><strong>Aplikacje<\/strong><\/p><ul><li>Monta\u017c element\u00f3w z tworzyw sztucznych w przemy\u015ble motoryzacyjnym <\/li><li> Monta\u017c profili dekoracyjnych, listew meblowych, przewod\u00f3w elektrycznych <\/li><li> Monta\u017c tabliczek znamionowych, emblemat\u00f3w i profili z tworzyw sztucznych w budownictwie<\/li><\/ul> <div class='benefits'> <p><strong>Benefits<\/strong><\/p> <ul><li>Dobra przyczepno\u015b\u0107 pocz\u0105tkowa i wytrzyma\u0142o\u015b\u0107 na \u015bcinanie <\/li><li> Silna przyczepno\u015b\u0107 do r\u00f3\u017cnych g\u0142adkich i chropowatych pod\u0142o\u017cy<\/li><\/ul><\/div> <div class='conditions'><strong>Warunki Przechowywania<\/strong> <p>Rolki ta\u015bmy powinny by\u0107 przechowywane w oryginalnych kartonach, w pozycji pionowej, a nie poziomej. Zawsze nale\u017cy chroni\u0107 ta\u015bm\u0119 przed \u015bwiat\u0142em s\u0142onecznym. Aby zapewni\u0107 najlepszy okres trwa\u0142o\u015bci, temperatura przechowywania powinna wynosi\u0107 od 15\u00b0C do 25\u00b0C przy wilgotno\u015bci wzgl\u0119dnej 50% (\u00b1 30%). Ta\u015bmy przechowywane w temperaturze poni\u017cej 15\u00b0C powinny by\u0107 przez co najmniej 24 godziny przed u\u017cyciem przechowywane w temperaturze pokojowej, aby odzyska\u0142y swoje w\u0142a\u015bciwo\u015bci.<\/p><\/div>","protected":false},"featured_media":0,"comment_status":"closed","ping_status":"open","template":"","meta":[],"product_cat":[11317],"product_tag":[16542,16543,16522,16521],"_links":{"self":[{"href":"https:\/\/volztapes.com\/pl\/wp-json\/wp\/v2\/product\/30709"}],"collection":[{"href":"https:\/\/volztapes.com\/pl\/wp-json\/wp\/v2\/product"}],"about":[{"href":"https:\/\/volztapes.com\/pl\/wp-json\/wp\/v2\/types\/product"}],"replies":[{"embeddable":true,"href":"https:\/\/volztapes.com\/pl\/wp-json\/wp\/v2\/comments?post=30709"}],"wp:attachment":[{"href":"https:\/\/volztapes.com\/pl\/wp-json\/wp\/v2\/media?parent=30709"}],"wp:term":[{"taxonomy":"product_cat","embeddable":true,"href":"https:\/\/volztapes.com\/pl\/wp-json\/wp\/v2\/product_cat?post=30709"},{"taxonomy":"product_tag","embeddable":true,"href":"https:\/\/volztapes.com\/pl\/wp-json\/wp\/v2\/product_tag?post=30709"}],"curies":[{"name":"wp","href":"https:\/\/api.w.org\/{rel}","templated":true}]}}