{"id":30707,"date":"2025-05-09T00:00:00","date_gmt":"2025-05-08T22:00:00","guid":{"rendered":"https:\/\/volztapes.com\/produkt\/tesaacxplus-7054\/"},"modified":"2026-04-20T09:46:03","modified_gmt":"2026-04-20T07:46:03","slug":"tesaacxplus-7054","status":"publish","type":"product","link":"https:\/\/volztapes.com\/pl\/produkt\/tesaacxplus-7054\/","title":{"rendered":"tesa\u00aeACXplus 7054"},"content":{"rendered":"<p>tesa\u00ae ACXplus 7054 to wysoce przezroczysta akrylowa ta\u015bma samoprzylepna, kt\u00f3ra jest szczeg\u00f3lnie odpowiednia do strukturalnego i trwa\u0142ego \u0142\u0105czenia szk\u0142a lub przezroczystych tworzyw sztucznych. R\u00f3\u017cne rozszerzalno\u015bci cieplne klejonych materia\u0142\u00f3w s\u0105 bardzo dobrze kompensowane przez\nlepkospr\u0119\u017cysty rdze\u0144 akrylowy. Produkt charakteryzuje si\u0119 wysok\u0105 pocz\u0105tkow\u0105 i ko\u0144cow\u0105 si\u0142\u0105 klejenia.<\/p>","protected":false},"excerpt":{"rendered":"<p><strong>Aplikacje<\/strong><\/p><ul><li>Trwa\u0142e mocowanie przezroczystych i p\u00f3\u0142przezroczystych materia\u0142\u00f3w <\/li><li> Produkcja znak\u00f3w i wy\u015bwietlaczy <\/li><li> Monta\u017c szklanych \u015bcianek dzia\u0142owych <\/li><li> Mocowanie dekoracyjnych paneli szklanych<\/li><\/ul> <div class='benefits'> <p><strong>Benefits<\/strong><\/p> <ul><li>R\u00f3\u017cne rozszerzalno\u015bci cieplne klejonych materia\u0142\u00f3w s\u0105 bardzo dobrze kompensowane przez lepkospr\u0119\u017cysty rdze\u0144 akrylowy. Produkt charakteryzuje si\u0119 wysok\u0105 pocz\u0105tkow\u0105 i ko\u0144cow\u0105 si\u0142\u0105 klejenia<\/li><\/ul><\/div> <div class='conditions'><strong>Warunki Przechowywania<\/strong> <p>Ta\u015bmy nale\u017cy przechowywa\u0107 w oryginalnych kartonach, w pozycji pionowej, w temperaturze od 19\u00b0C do 21\u00b0C przy wilgotno\u015bci wzgl\u0119dnej 50%.  W przypadku sk\u0142adowania w temperaturze poni\u017cej 19\u00b0C zaleca si\u0119 przechowywanie min. 24 godziny w temperaturze pokojowej, w celu odzyskania w\u0142a\u015bciwo\u015bci. Chroni\u0107 ta\u015bmy przed \u015bwiat\u0142em s\u0142onecznym. .<\/p><\/div>","protected":false},"featured_media":0,"comment_status":"closed","ping_status":"open","template":"","meta":[],"product_cat":[13427,11317],"product_tag":[16514,16506,16539,16538,16537,16532,16533,16513],"_links":{"self":[{"href":"https:\/\/volztapes.com\/pl\/wp-json\/wp\/v2\/product\/30707"}],"collection":[{"href":"https:\/\/volztapes.com\/pl\/wp-json\/wp\/v2\/product"}],"about":[{"href":"https:\/\/volztapes.com\/pl\/wp-json\/wp\/v2\/types\/product"}],"replies":[{"embeddable":true,"href":"https:\/\/volztapes.com\/pl\/wp-json\/wp\/v2\/comments?post=30707"}],"wp:attachment":[{"href":"https:\/\/volztapes.com\/pl\/wp-json\/wp\/v2\/media?parent=30707"}],"wp:term":[{"taxonomy":"product_cat","embeddable":true,"href":"https:\/\/volztapes.com\/pl\/wp-json\/wp\/v2\/product_cat?post=30707"},{"taxonomy":"product_tag","embeddable":true,"href":"https:\/\/volztapes.com\/pl\/wp-json\/wp\/v2\/product_tag?post=30707"}],"curies":[{"name":"wp","href":"https:\/\/api.w.org\/{rel}","templated":true}]}}