{"id":30706,"date":"2024-11-30T00:00:00","date_gmt":"2024-11-29T23:00:00","guid":{"rendered":"https:\/\/volztapes.com\/produkt\/tesaacxplus-7055\/"},"modified":"2026-04-20T09:46:03","modified_gmt":"2026-04-20T07:46:03","slug":"tesaacxplus-7055","status":"publish","type":"product","link":"https:\/\/volztapes.com\/pl\/produkt\/tesaacxplus-7055\/","title":{"rendered":"tesa\u00aeACXplus 7055"},"content":{"rendered":"<p>tesa\u00ae ACXplus 7055 to wysoce przezroczysta ta\u015bma z rdzeniem akrylowym, przeznaczona do \u0142\u0105czenia materia\u0142\u00f3w w celu uzyskania bezszwowego i optycznie przezroczystego wyko\u0144czenia. P\u00f3\u0142przezroczyste i przezroczyste materia\u0142y, takie jak szk\u0142o lub akryl, mo\u017cna \u0142atwo \u0142\u0105czy\u0107 za pomoc\u0105 ta\u015bmy tesa\u00ae ACXplus 7055.<\/p>","protected":false},"excerpt":{"rendered":"<p><strong>Aplikacje<\/strong><\/p><ul><li>Klejenie przezroczystych \/ p\u00f3\u0142przezroczystych pod\u0142o\u017cy <\/li><li> Idealny do pod\u0142o\u017cy szklanych i akrylowych<\/li><li> Profile wyt\u0142aczane <\/li><li> Monta\u017c oznakowania <\/li><li> Profile plisse <\/li><li> Do zastosowa\u0144 wewn\u0119trznych i zewn\u0119trznych<\/li><\/ul> <div class='benefits'> <p><strong>Benefits<\/strong><\/p> <ul><li>Wysoka przezroczysto\u015b\u0107 <\/li><li> Zapewnia bezszwowe i optycznie przezroczyste wyko\u0144czenie<\/li><\/ul><\/div> <div class='conditions'><strong>Warunki Przechowywania<\/strong> <p>Ta\u015bmy nale\u017cy przechowywa\u0107 w oryginalnych kartonach, w pozycji pionowej, w temperaturze od 19\u00b0C do 21\u00b0C przy wilgotno\u015bci wzgl\u0119dnej 50%.  W przypadku sk\u0142adowania w temperaturze poni\u017cej 19\u00b0C zaleca si\u0119 przechowywanie min. 24 godziny w temperaturze pokojowej, w celu odzyskania w\u0142a\u015bciwo\u015bci. Chroni\u0107 ta\u015bmy przed \u015bwiat\u0142em s\u0142onecznym. .<\/p><\/div>","protected":false},"featured_media":0,"comment_status":"closed","ping_status":"open","template":"","meta":[],"product_cat":[13427,11317],"product_tag":[16507,16506,16535,16536,16534,16532,16533,16505],"_links":{"self":[{"href":"https:\/\/volztapes.com\/pl\/wp-json\/wp\/v2\/product\/30706"}],"collection":[{"href":"https:\/\/volztapes.com\/pl\/wp-json\/wp\/v2\/product"}],"about":[{"href":"https:\/\/volztapes.com\/pl\/wp-json\/wp\/v2\/types\/product"}],"replies":[{"embeddable":true,"href":"https:\/\/volztapes.com\/pl\/wp-json\/wp\/v2\/comments?post=30706"}],"wp:attachment":[{"href":"https:\/\/volztapes.com\/pl\/wp-json\/wp\/v2\/media?parent=30706"}],"wp:term":[{"taxonomy":"product_cat","embeddable":true,"href":"https:\/\/volztapes.com\/pl\/wp-json\/wp\/v2\/product_cat?post=30706"},{"taxonomy":"product_tag","embeddable":true,"href":"https:\/\/volztapes.com\/pl\/wp-json\/wp\/v2\/product_tag?post=30706"}],"curies":[{"name":"wp","href":"https:\/\/api.w.org\/{rel}","templated":true}]}}