{"id":30705,"date":"2025-06-12T00:00:00","date_gmt":"2025-06-11T22:00:00","guid":{"rendered":"https:\/\/volztapes.com\/produkt\/volzacrylicfoam-76080ps-pv1\/"},"modified":"2026-04-20T09:46:02","modified_gmt":"2026-04-20T07:46:02","slug":"volzacrylicfoam-76080ps-pv1","status":"publish","type":"product","link":"https:\/\/volztapes.com\/pl\/produkt\/volzacrylicfoam-76080ps-pv1\/","title":{"rendered":"volzAcrylicFoam 76080PS PV1"},"content":{"rendered":"<p>volzAcrylicFoam 76080PS PV1 to dwustronna, szara, bezrozpuszczalnikowa, przyjazna dla \u015brodowiska (wolna od LZO) ta\u015bma z pianki akrylowej. Klej jest zintegrowany bezpo\u015brednio z piank\u0105. Produkt jest stabilny zar\u00f3wno w wysokich, jak i niskich temperaturach, zachowuje wytrzyma\u0142o\u015b\u0107 pod wp\u0142ywem promieniowania UV i ciep\u0142a. Dzi\u0119ki wysokiej odporno\u015bci chemicznej oraz na wilgo\u0107, w\u0142a\u015bciwo\u015bci volzAcrylicFoam 76080PS PV1 nie ulegaj\u0105 zmianie w wi\u0119kszo\u015bci warunk\u00f3w \u015brodowiskowych. Ta\u015bma charakteryzuje si\u0119 doskona\u0142\u0105 si\u0142\u0105 klejenia i wytrzymuje r\u00f3\u017cne obci\u0105\u017cenia w szerokim zakresie zastosowa\u0144.<\/p>","protected":false},"excerpt":{"rendered":"<p><strong>Aplikacje<\/strong><\/p><ul><li>Metal, szk\u0142o, tworzywa sztuczne o wysokiej energii powierzchniowej <\/li><li> Motoryzacja<\/li><li> Przemys\u0142 znakowy<\/li><\/ul> <div class='benefits'> <p><strong>Benefits<\/strong><\/p> <ul><li>Nie zawiera rozpuszczalnik\u00f3w, nie zawiera LZO i jest przyjazny dla \u015brodowiska<\/li><li> Stabilny w wysokich i niskich temperaturach<\/li><li> Doskona\u0142a odporno\u015b\u0107 na promieniowanie UV i chemikalia<\/li><li> Doskona\u0142a przyczepno\u015b\u0107<\/li><\/ul><\/div> <div class='conditions'><strong>Warunki Przechowywania<\/strong> <p>Ta\u015bmy nale\u017cy przechowywa\u0107 w oryginalnych kartonach, w pozycji pionowej, w temperaturze od 21\u00b0C do 30\u00b0C przy wilgotno\u015bci wzgl\u0119dnej 50%.  W przypadku sk\u0142adowania w temperaturze poni\u017cej 21\u00b0C zaleca si\u0119 przechowywanie min. 24 godziny w temperaturze pokojowej, w celu odzyskania w\u0142a\u015bciwo\u015bci. Chroni\u0107 ta\u015bmy przed \u015bwiat\u0142em s\u0142onecznym. .<\/p><\/div>","protected":false},"featured_media":29354,"comment_status":"closed","ping_status":"open","template":"","meta":[],"product_cat":[13427,11317],"product_tag":[16432,16431,16181,16179,16182,16180,16430,16183],"_links":{"self":[{"href":"https:\/\/volztapes.com\/pl\/wp-json\/wp\/v2\/product\/30705"}],"collection":[{"href":"https:\/\/volztapes.com\/pl\/wp-json\/wp\/v2\/product"}],"about":[{"href":"https:\/\/volztapes.com\/pl\/wp-json\/wp\/v2\/types\/product"}],"replies":[{"embeddable":true,"href":"https:\/\/volztapes.com\/pl\/wp-json\/wp\/v2\/comments?post=30705"}],"wp:featuredmedia":[{"embeddable":true,"href":"https:\/\/volztapes.com\/pl\/wp-json\/wp\/v2\/media\/29354"}],"wp:attachment":[{"href":"https:\/\/volztapes.com\/pl\/wp-json\/wp\/v2\/media?parent=30705"}],"wp:term":[{"taxonomy":"product_cat","embeddable":true,"href":"https:\/\/volztapes.com\/pl\/wp-json\/wp\/v2\/product_cat?post=30705"},{"taxonomy":"product_tag","embeddable":true,"href":"https:\/\/volztapes.com\/pl\/wp-json\/wp\/v2\/product_tag?post=30705"}],"curies":[{"name":"wp","href":"https:\/\/api.w.org\/{rel}","templated":true}]}}