{"id":30702,"date":"2025-06-12T00:00:00","date_gmt":"2025-06-11T22:00:00","guid":{"rendered":"https:\/\/volztapes.com\/produkt\/volzacrylicfoam-74300-00-pv1\/"},"modified":"2026-04-20T09:45:58","modified_gmt":"2026-04-20T07:45:58","slug":"volzacrylicfoam-74300-00-pv1","status":"publish","type":"product","link":"https:\/\/volztapes.com\/pl\/produkt\/volzacrylicfoam-74300-00-pv1\/","title":{"rendered":"volzAcrylicFoam 74300-00 PV1"},"content":{"rendered":"<p>volzAcrylicFoam74300-00 PV1 to przezroczysta, przyjazna dla \u015brodowiska (bez LZO) ta\u015bma z pianki akrylowej.  Klej jest osadzony w samej piance. Jest stabilny zar\u00f3wno w wysokich, jak i niskich temperaturach, pozostaje mocny pod wp\u0142ywem \u015bwiat\u0142a UV i ciep\u0142a.  Dzi\u0119ki du\u017cej odporno\u015bci na chemikalia i wilgo\u0107, volzAcrylicFoam74300-00 PV1 ma doskona\u0142\u0105 si\u0142\u0119 trzymania, kt\u00f3ra wytrzymuje r\u00f3\u017cne ci\u0119\u017cary w wielu \u015brodowiskach.<\/p>","protected":false},"excerpt":{"rendered":"<p><strong>Aplikacje<\/strong><\/p><ul><li>Metal, szk\u0142o, tworzywa sztuczne o wysokiej energii powierzchniowej <\/li><li> \u0141\u0105czenie przezroczystych materia\u0142\u00f3w <\/li><li> Panele dekoracyjne<\/li><li> Tabliczki znamionowe i znaki<\/li><\/ul> <div class='benefits'> <p><strong>Benefits<\/strong><\/p> <ul><li>Nie zawiera LZO i jest przyjazny dla \u015brodowiska<\/li><li> Stabilny w wysokich i niskich temperaturach<\/li><li> Doskona\u0142a odporno\u015b\u0107 na promieniowanie UV i chemikalia<\/li><li> Doskona\u0142a przyczepno\u015b\u0107<\/li><\/ul><\/div> <div class='conditions'><strong>Warunki Przechowywania<\/strong> <p>Ta\u015bmy nale\u017cy przechowywa\u0107 w oryginalnych kartonach, w pozycji pionowej, w temperaturze od 21\u00b0C do 30\u00b0C przy wilgotno\u015bci wzgl\u0119dnej 50%.  W przypadku sk\u0142adowania w temperaturze poni\u017cej 21\u00b0C zaleca si\u0119 przechowywanie min. 24 godziny w temperaturze pokojowej, w celu odzyskania w\u0142a\u015bciwo\u015bci. Chroni\u0107 ta\u015bmy przed \u015bwiat\u0142em s\u0142onecznym. .<\/p><\/div>","protected":false},"featured_media":0,"comment_status":"closed","ping_status":"open","template":"","meta":[],"product_cat":[13427,11317],"product_tag":[16419,16418,16455,16482,16483,16264,16417],"_links":{"self":[{"href":"https:\/\/volztapes.com\/pl\/wp-json\/wp\/v2\/product\/30702"}],"collection":[{"href":"https:\/\/volztapes.com\/pl\/wp-json\/wp\/v2\/product"}],"about":[{"href":"https:\/\/volztapes.com\/pl\/wp-json\/wp\/v2\/types\/product"}],"replies":[{"embeddable":true,"href":"https:\/\/volztapes.com\/pl\/wp-json\/wp\/v2\/comments?post=30702"}],"wp:attachment":[{"href":"https:\/\/volztapes.com\/pl\/wp-json\/wp\/v2\/media?parent=30702"}],"wp:term":[{"taxonomy":"product_cat","embeddable":true,"href":"https:\/\/volztapes.com\/pl\/wp-json\/wp\/v2\/product_cat?post=30702"},{"taxonomy":"product_tag","embeddable":true,"href":"https:\/\/volztapes.com\/pl\/wp-json\/wp\/v2\/product_tag?post=30702"}],"curies":[{"name":"wp","href":"https:\/\/api.w.org\/{rel}","templated":true}]}}