{"id":30701,"date":"2025-06-11T00:00:00","date_gmt":"2025-06-10T22:00:00","guid":{"rendered":"https:\/\/volztapes.com\/produkt\/volzacrylicfoam-74110-pv1\/"},"modified":"2026-04-20T09:45:57","modified_gmt":"2026-04-20T07:45:57","slug":"volzacrylicfoam-74110-pv1","status":"publish","type":"product","link":"https:\/\/volztapes.com\/pl\/produkt\/volzacrylicfoam-74110-pv1\/","title":{"rendered":"volzAcrylicFoam 74110 PV1"},"content":{"rendered":"<p>volzAcrylicFoam 74110 PV1 to dwustronna ta\u015bma klej\u0105ca sk\u0142adaj\u0105ca si\u0119 z kleju akrylowego pokrytego tward\u0105 piank\u0105 akrylow\u0105.  Dzi\u0119ki doskona\u0142ej przyczepno\u015bci jest odpowiednia dla przemys\u0142u motoryzacyjnego, elektrycznego i budowlanego. volzAcrylicFoam 74110 PV1 ma doskona\u0142\u0105 si\u0142\u0119 trzymania i odporno\u015b\u0107 na temperatur\u0119 oraz mo\u017ce wytrzyma\u0107 ekstremalne obci\u0105\u017cenia i ciep\u0142o.<\/p>","protected":false},"excerpt":{"rendered":"<p><strong>Aplikacje<\/strong><\/p><ul><li>Metal, szk\u0142o, tworzywa sztuczne o wysokiej energii powierzchniowej <\/li><li> Motoryzacja<\/li><li> Przemys\u0142 znakowy<\/li><\/ul> <div class='benefits'> <p><strong>Benefits<\/strong><\/p> <ul><li>Doskona\u0142a przyczepno\u015b\u0107 i si\u0142a trzymania<\/li><li> Doskona\u0142a odporno\u015b\u0107 na temperatur\u0119<\/li><li> Wytrzymuje ekstremalne obci\u0105\u017cenia i ciep\u0142o<\/li><li> Dobra odporno\u015b\u0107 na promieniowanie UV i chemikalia<\/li><\/ul><\/div> <div class='conditions'><strong>Warunki Przechowywania<\/strong> <p>Ta\u015bmy nale\u017cy przechowywa\u0107 w oryginalnych kartonach, w pozycji pionowej, w temperaturze od 21\u00b0C do 30\u00b0C przy wilgotno\u015bci wzgl\u0119dnej 50%.  W przypadku sk\u0142adowania w temperaturze poni\u017cej 21\u00b0C zaleca si\u0119 przechowywanie min. 24 godziny w temperaturze pokojowej, w celu odzyskania w\u0142a\u015bciwo\u015bci. Chroni\u0107 ta\u015bmy przed \u015bwiat\u0142em s\u0142onecznym. .<\/p><\/div>","protected":false},"featured_media":29440,"comment_status":"closed","ping_status":"open","template":"","meta":[],"product_cat":[13427,11317],"product_tag":[16415,16414,16181,16219,16416,16182,16180,16413,16183],"_links":{"self":[{"href":"https:\/\/volztapes.com\/pl\/wp-json\/wp\/v2\/product\/30701"}],"collection":[{"href":"https:\/\/volztapes.com\/pl\/wp-json\/wp\/v2\/product"}],"about":[{"href":"https:\/\/volztapes.com\/pl\/wp-json\/wp\/v2\/types\/product"}],"replies":[{"embeddable":true,"href":"https:\/\/volztapes.com\/pl\/wp-json\/wp\/v2\/comments?post=30701"}],"wp:featuredmedia":[{"embeddable":true,"href":"https:\/\/volztapes.com\/pl\/wp-json\/wp\/v2\/media\/29440"}],"wp:attachment":[{"href":"https:\/\/volztapes.com\/pl\/wp-json\/wp\/v2\/media?parent=30701"}],"wp:term":[{"taxonomy":"product_cat","embeddable":true,"href":"https:\/\/volztapes.com\/pl\/wp-json\/wp\/v2\/product_cat?post=30701"},{"taxonomy":"product_tag","embeddable":true,"href":"https:\/\/volztapes.com\/pl\/wp-json\/wp\/v2\/product_tag?post=30701"}],"curies":[{"name":"wp","href":"https:\/\/api.w.org\/{rel}","templated":true}]}}