{"id":30696,"date":"2025-06-11T00:00:00","date_gmt":"2025-06-10T22:00:00","guid":{"rendered":"https:\/\/volztapes.com\/produkt\/volzacrylicfoam-74040-pv1\/"},"modified":"2026-04-20T09:45:52","modified_gmt":"2026-04-20T07:45:52","slug":"volzacrylicfoam-74040-pv1","status":"publish","type":"product","link":"https:\/\/volztapes.com\/pl\/produkt\/volzacrylicfoam-74040-pv1\/","title":{"rendered":"volzAcrylicFoam 74040 PV1"},"content":{"rendered":"<p>volzAcrylicFoam 74040 PV1 to dwustronna, wysokowydajna ta\u015bma z pianki akrylowej. Oferuj\u0105c wysok\u0105 wytrzyma\u0142o\u015b\u0107 na \u015bcinanie i przyleganie oraz bardzo wysok\u0105 odporno\u015b\u0107 na temperatur\u0119, nadaje si\u0119 do zastosowa\u0144 w przemy\u015ble samochodowym, elektronicznym i budowlanym. Ta\u015bma jest bardzo cienka i idealnie nadaje si\u0119 do szerokiego zakresu zastosowa\u0144, w kt\u00f3rych wymagana jest grubo\u015b\u0107, temperatura i wytrzyma\u0142o\u015b\u0107 na odrywanie. Nadaje si\u0119 do r\u00f3\u017cnych rodzaj\u00f3w metalu, plastiku, ceramiki, stali nierdzewnej, aluminium i innych.<\/p>","protected":false},"excerpt":{"rendered":"<p><strong>Aplikacje<\/strong><\/p><ul><li>Nadaje si\u0119 do klejenia do pod\u0142o\u017cy o wysokiej i \u015bredniej energii powierzchniowej, takich jak metale (stal i aluminium), ceramika (szk\u0142o) i r\u00f3\u017cne tworzywa sztuczne<\/li><li> Zast\u0119puje mechaniczne elementy z\u0142\u0105czne, takie jak nity, \u015bruby, spawy lub kleje w p\u0142ynie <\/li><li>Automotive <\/li><li>Budownictwo<\/li><li> Zastosowania wewn\u0119trzne i zewn\u0119trzne<\/li><\/ul> <div class='benefits'> <p><strong>Benefits<\/strong><\/p> <ul><li>Doskona\u0142a przyczepno\u015b\u0107 i si\u0142a trzymania<\/li><li> Doskona\u0142a odporno\u015b\u0107 na temperatur\u0119<\/li><li> Wytrzymuje ekstremalne obci\u0105\u017cenia i ciep\u0142o<\/li><li> Bardzo dobra odporno\u015b\u0107 na promieniowanie UV i chemikalia<\/li><\/ul><\/div> <div class='conditions'><strong>Warunki Przechowywania<\/strong> <p>Ta\u015bmy nale\u017cy przechowywa\u0107 w oryginalnych kartonach, w pozycji pionowej, w temperaturze od 21\u00b0C do 30\u00b0C przy wilgotno\u015bci wzgl\u0119dnej 50%.  W przypadku sk\u0142adowania w temperaturze poni\u017cej 21\u00b0C zaleca si\u0119 przechowywanie min. 24 godziny w temperaturze pokojowej, w celu odzyskania w\u0142a\u015bciwo\u015bci. Chroni\u0107 ta\u015bmy przed \u015bwiat\u0142em s\u0142onecznym. .<\/p><\/div>","protected":false},"featured_media":29392,"comment_status":"closed","ping_status":"open","template":"","meta":[],"product_cat":[13427,11317],"product_tag":[16139,16308,16181,16307],"_links":{"self":[{"href":"https:\/\/volztapes.com\/pl\/wp-json\/wp\/v2\/product\/30696"}],"collection":[{"href":"https:\/\/volztapes.com\/pl\/wp-json\/wp\/v2\/product"}],"about":[{"href":"https:\/\/volztapes.com\/pl\/wp-json\/wp\/v2\/types\/product"}],"replies":[{"embeddable":true,"href":"https:\/\/volztapes.com\/pl\/wp-json\/wp\/v2\/comments?post=30696"}],"wp:featuredmedia":[{"embeddable":true,"href":"https:\/\/volztapes.com\/pl\/wp-json\/wp\/v2\/media\/29392"}],"wp:attachment":[{"href":"https:\/\/volztapes.com\/pl\/wp-json\/wp\/v2\/media?parent=30696"}],"wp:term":[{"taxonomy":"product_cat","embeddable":true,"href":"https:\/\/volztapes.com\/pl\/wp-json\/wp\/v2\/product_cat?post=30696"},{"taxonomy":"product_tag","embeddable":true,"href":"https:\/\/volztapes.com\/pl\/wp-json\/wp\/v2\/product_tag?post=30696"}],"curies":[{"name":"wp","href":"https:\/\/api.w.org\/{rel}","templated":true}]}}