{"id":30695,"date":"2025-05-27T00:00:00","date_gmt":"2025-05-26T22:00:00","guid":{"rendered":"https:\/\/volztapes.com\/produkt\/ipg-intertape-mm-149855\/"},"modified":"2026-03-31T18:11:40","modified_gmt":"2026-03-31T16:11:40","slug":"ipg-intertape-mm-149855","status":"publish","type":"product","link":"https:\/\/volztapes.com\/pl\/produkt\/ipg-intertape-mm-149855\/","title":{"rendered":"IPG\u00ae (Intertape\u00ae) MM 149855"},"content":{"rendered":"<p>IPG\u00ae (Intertape\u00ae) MM (Mint Mask) 149855 to nasycona, krepowa ta\u015bma maskuj\u0105ca w kolorze mi\u0119towej zieleni z samoprzylepnym klejem kauczukowym.  Jest elastyczna i charakteryzuje si\u0119 dobr\u0105 przyczepno\u015bci\u0105 i wytrzyma\u0142o\u015bci\u0105.  IPG\u00ae (Intertape\u00ae) MM 149855 odwija si\u0119 g\u0142adko, jest odporna na \u0142uszczenie si\u0119 farby, dobrze sprawdza si\u0119 podczas szlifowania na mokro, jest czysta i \u0142atwa do usuni\u0119cia.  Jest kompatybilna zar\u00f3wno z farbami wodnymi, jak i rozpuszczalnikowymi, jest odporna na promieniowanie UV do trzech dni.<\/p>","protected":false},"excerpt":{"rendered":"<p><strong>Aplikacje<\/strong><\/p><ul><li>Maskowanie lakieru samochodowego, ci\u0119\u017carowego, autobusowego i morskiego<\/li><\/ul> <div class='benefits'> <p><strong>Benefits<\/strong><\/p> <ul><li>Zgodny <\/li><li> Dobra przyczepno\u015b\u0107 i w\u0142a\u015bciwo\u015bci trzymania <\/li><li> Czyste, \u0142atwe usuwanie <\/li><li> G\u0142adkie odwijanie <\/li><li> Odporny na \u0142uszczenie si\u0119 farby <\/li><li> Dobrze sprawdza si\u0119 podczas szlifowania na mokro <\/li><li> Kompatybilny z farbami na bazie wody i rozpuszczalnik\u00f3w <\/li><li> Odporny na promieniowanie UV do trzech dni<\/li><\/ul><\/div> <div class='conditions'><strong>Warunki Przechowywania<\/strong> <p>Ta\u015bmy nale\u017cy przechowywa\u0107 w oryginalnych kartonach, w pozycji pionowej, w temperaturze od 19\u00b0C do 21\u00b0C przy wilgotno\u015bci wzgl\u0119dnej 50%.  W przypadku sk\u0142adowania w temperaturze poni\u017cej 19\u00b0C zaleca si\u0119 przechowywanie min. 24 godziny w temperaturze pokojowej, w celu odzyskania w\u0142a\u015bciwo\u015bci. Chroni\u0107 ta\u015bmy przed \u015bwiat\u0142em s\u0142onecznym. .<\/p><\/div>","protected":false},"featured_media":0,"comment_status":"closed","ping_status":"open","template":"","meta":[],"product_cat":[13328],"product_tag":[17048,17047,16324,16325,16323,16313,16312],"_links":{"self":[{"href":"https:\/\/volztapes.com\/pl\/wp-json\/wp\/v2\/product\/30695"}],"collection":[{"href":"https:\/\/volztapes.com\/pl\/wp-json\/wp\/v2\/product"}],"about":[{"href":"https:\/\/volztapes.com\/pl\/wp-json\/wp\/v2\/types\/product"}],"replies":[{"embeddable":true,"href":"https:\/\/volztapes.com\/pl\/wp-json\/wp\/v2\/comments?post=30695"}],"wp:attachment":[{"href":"https:\/\/volztapes.com\/pl\/wp-json\/wp\/v2\/media?parent=30695"}],"wp:term":[{"taxonomy":"product_cat","embeddable":true,"href":"https:\/\/volztapes.com\/pl\/wp-json\/wp\/v2\/product_cat?post=30695"},{"taxonomy":"product_tag","embeddable":true,"href":"https:\/\/volztapes.com\/pl\/wp-json\/wp\/v2\/product_tag?post=30695"}],"curies":[{"name":"wp","href":"https:\/\/api.w.org\/{rel}","templated":true}]}}