{"id":30694,"date":"2025-05-20T00:00:00","date_gmt":"2025-05-19T22:00:00","guid":{"rendered":"https:\/\/volztapes.com\/produkt\/volzacrylicfoam-74050-pv3\/"},"modified":"2026-04-20T09:45:51","modified_gmt":"2026-04-20T07:45:51","slug":"volzacrylicfoam-74050-pv3","status":"publish","type":"product","link":"https:\/\/volztapes.com\/pl\/produkt\/volzacrylicfoam-74050-pv3\/","title":{"rendered":"volzAcrylicFoam 74050 PV3"},"content":{"rendered":"<p>volzAcrylicFoam 74050 PV3 to wysoce elastyczna, przezroczysta ta\u015bma klej\u0105ca z czystej pianki akrylowej. Dzi\u0119ki dobrze wywa\u017conemu profilowi wydajno\u015bci jest idealna zar\u00f3wno do zastosowa\u0144 wewn\u0119trznych, jak i zewn\u0119trznych. volzAcrylicFoam 74050 PV3 ma dobre w\u0142a\u015bciwo\u015bci poch\u0142aniania i t\u0142umienia wstrz\u0105s\u00f3w i jest szczeg\u00f3lnie odpowiednia do zastosowa\u0144, w kt\u00f3rych wymagane jest przezroczyste, elastyczne klejenie. Dost\u0119pna w szerokim zakresie grubo\u015bci.<\/p>","protected":false},"excerpt":{"rendered":"<p><strong>Aplikacje<\/strong><\/p><ul><li>Do zastosowa\u0144 wewn\u0119trznych i zewn\u0119trznych <\/li><li> Idealny do zastosowa\u0144, w kt\u00f3rych wymagane jest przezroczyste, elastyczne wi\u0105zanie<\/li><\/ul> <div class='benefits'> <p><strong>Benefits<\/strong><\/p> <ul><li>Doskona\u0142a elastyczno\u015b\u0107 i optymalne dopasowanie do r\u00f3\u017cnych pod\u0142o\u017cy <\/li><li> Kompensacja napr\u0119\u017ce\u0144 trwa\u0142ych<\/li><li> Doskona\u0142a odporno\u015b\u0107 na temperatur\u0119 i starzenie<\/li><li> Bardzo dobra przyczepno\u015b\u0107 i wytrzyma\u0142o\u015b\u0107 na \u015bcinanie<\/li><li> Dobre w\u0142a\u015bciwo\u015bci t\u0142umi\u0105ce<\/li><\/ul><\/div> <div class='conditions'><strong>Warunki Przechowywania<\/strong> <p>Ta\u015bmy nale\u017cy przechowywa\u0107 w oryginalnych kartonach, w pozycji pionowej, w temperaturze od 21\u00b0C do 30\u00b0C przy wilgotno\u015bci wzgl\u0119dnej 50%.  W przypadku sk\u0142adowania w temperaturze poni\u017cej 21\u00b0C zaleca si\u0119 przechowywanie min. 24 godziny w temperaturze pokojowej, w celu odzyskania w\u0142a\u015bciwo\u015bci. Chroni\u0107 ta\u015bmy przed \u015bwiat\u0142em s\u0142onecznym. .<\/p><\/div>","protected":false},"featured_media":29476,"comment_status":"closed","ping_status":"open","template":"","meta":[],"product_cat":[13427,11317],"product_tag":[16139,16308,16181,16307],"_links":{"self":[{"href":"https:\/\/volztapes.com\/pl\/wp-json\/wp\/v2\/product\/30694"}],"collection":[{"href":"https:\/\/volztapes.com\/pl\/wp-json\/wp\/v2\/product"}],"about":[{"href":"https:\/\/volztapes.com\/pl\/wp-json\/wp\/v2\/types\/product"}],"replies":[{"embeddable":true,"href":"https:\/\/volztapes.com\/pl\/wp-json\/wp\/v2\/comments?post=30694"}],"wp:featuredmedia":[{"embeddable":true,"href":"https:\/\/volztapes.com\/pl\/wp-json\/wp\/v2\/media\/29476"}],"wp:attachment":[{"href":"https:\/\/volztapes.com\/pl\/wp-json\/wp\/v2\/media?parent=30694"}],"wp:term":[{"taxonomy":"product_cat","embeddable":true,"href":"https:\/\/volztapes.com\/pl\/wp-json\/wp\/v2\/product_cat?post=30694"},{"taxonomy":"product_tag","embeddable":true,"href":"https:\/\/volztapes.com\/pl\/wp-json\/wp\/v2\/product_tag?post=30694"}],"curies":[{"name":"wp","href":"https:\/\/api.w.org\/{rel}","templated":true}]}}