{"id":30691,"date":"2025-06-13T00:00:00","date_gmt":"2025-06-12T22:00:00","guid":{"rendered":"https:\/\/volztapes.com\/produkt\/volzacrylicfoam-76080-55-pv1\/"},"modified":"2026-04-20T09:45:48","modified_gmt":"2026-04-20T07:45:48","slug":"volzacrylicfoam-76080-55-pv1","status":"publish","type":"product","link":"https:\/\/volztapes.com\/pl\/produkt\/volzacrylicfoam-76080-55-pv1\/","title":{"rendered":"volzAcrylicFoam 76080-55 PV1"},"content":{"rendered":"<p>volzAcrylicFoam 76080-55 PV1 to wysokowydajna, dwustronna ta\u015bma klej\u0105ca sk\u0142adaj\u0105ca si\u0119 z kleju akrylowego pokrytego trwa\u0142ym no\u015bnikiem z pianki akrylowej. Produkt ten zosta\u0142 opracowany do u\u017cytku w przemy\u015ble motoryzacyjnym, elektrycznym i wielu innych obszarach zastosowa\u0144 i oferuje doskona\u0142\u0105 przyczepno\u015b\u0107 do szerokiej gamy powierzchni. Ta\u015bma charakteryzuje si\u0119 r\u00f3wnie\u017c wysok\u0105 odporno\u015bci\u0105 na temperatur\u0119.<\/p>","protected":false},"excerpt":{"rendered":"<p><strong>Aplikacje<\/strong><\/p><ul><li>Metal, szk\u0142o, tworzywa sztuczne o wysokiej energii powierzchniowej <\/li><li>Motoryzacja <\/li><li> Budownictwo<\/li><\/ul> <div class='benefits'> <p><strong>Benefits<\/strong><\/p> <ul><li>Doskona\u0142a si\u0142a trzymania i odporno\u015b\u0107 na temperatur\u0119<\/li><li> Wytrzymuje ekstremalne obci\u0105\u017cenia i ciep\u0142o<\/li><li> Doskona\u0142a przyczepno\u015b\u0107 <\/li><li> Dobra odporno\u015b\u0107 na promieniowanie UV i chemikalia<\/li><\/ul><\/div> <div class='conditions'><strong>Warunki Przechowywania<\/strong> <p>Ta\u015bmy nale\u017cy przechowywa\u0107 w oryginalnych kartonach, w pozycji pionowej, w temperaturze od 21\u00b0C do 30\u00b0C przy wilgotno\u015bci wzgl\u0119dnej 50%.  W przypadku sk\u0142adowania w temperaturze poni\u017cej 21\u00b0C zaleca si\u0119 przechowywanie min. 24 godziny w temperaturze pokojowej, w celu odzyskania w\u0142a\u015bciwo\u015bci. Chroni\u0107 ta\u015bmy przed \u015bwiat\u0142em s\u0142onecznym. .<\/p><\/div>","protected":false},"featured_media":27470,"comment_status":"closed","ping_status":"open","template":"","meta":[],"product_cat":[13427,11317],"product_tag":[16171,16170,16181,16211,16298,16182,16180,16169,16183],"_links":{"self":[{"href":"https:\/\/volztapes.com\/pl\/wp-json\/wp\/v2\/product\/30691"}],"collection":[{"href":"https:\/\/volztapes.com\/pl\/wp-json\/wp\/v2\/product"}],"about":[{"href":"https:\/\/volztapes.com\/pl\/wp-json\/wp\/v2\/types\/product"}],"replies":[{"embeddable":true,"href":"https:\/\/volztapes.com\/pl\/wp-json\/wp\/v2\/comments?post=30691"}],"wp:featuredmedia":[{"embeddable":true,"href":"https:\/\/volztapes.com\/pl\/wp-json\/wp\/v2\/media\/27470"}],"wp:attachment":[{"href":"https:\/\/volztapes.com\/pl\/wp-json\/wp\/v2\/media?parent=30691"}],"wp:term":[{"taxonomy":"product_cat","embeddable":true,"href":"https:\/\/volztapes.com\/pl\/wp-json\/wp\/v2\/product_cat?post=30691"},{"taxonomy":"product_tag","embeddable":true,"href":"https:\/\/volztapes.com\/pl\/wp-json\/wp\/v2\/product_tag?post=30691"}],"curies":[{"name":"wp","href":"https:\/\/api.w.org\/{rel}","templated":true}]}}