{"id":30688,"date":"2025-04-24T00:00:00","date_gmt":"2025-04-23T22:00:00","guid":{"rendered":"https:\/\/volztapes.com\/produkt\/volzacrylicfoam-74050-00-pv1\/"},"modified":"2026-04-20T09:45:46","modified_gmt":"2026-04-20T07:45:46","slug":"volzacrylicfoam-74050-00-pv1","status":"publish","type":"product","link":"https:\/\/volztapes.com\/pl\/produkt\/volzacrylicfoam-74050-00-pv1\/","title":{"rendered":"volzAcrylicFoam 74050-00 PV1"},"content":{"rendered":"<p>volzAcrylicFoam 74050-00 PV1 to dwustronna, przezroczysta, przyjazna dla \u015brodowiska (bez LZO) akrylowa ta\u015bma piankowa o grubo\u015bci 0,50 mm. Jest stabilna zar\u00f3wno w wysokich, jak i niskich temperaturach, zachowuje wytrzyma\u0142o\u015b\u0107 w \u015bwietle UV oraz jest odporna na ciep\u0142o, chemikalia i wilgo\u0107. volzAcrylicFoam 74050-00 PV1 ma doskona\u0142\u0105 si\u0142\u0119 trzymania, kt\u00f3ra wytrzymuje r\u00f3\u017cne ci\u0119\u017cary w wielu \u015brodowiskach.<\/p>","protected":false},"excerpt":{"rendered":"<p><strong>Aplikacje<\/strong><\/p><ul><li>Metal, szk\u0142o, tworzywa sztuczne o wysokiej energii powierzchniowej <\/li><li> Panele dekoracyjne <\/li><li> \u0141\u0105czenie przezroczystych materia\u0142\u00f3w <\/li><li> Tabliczki identyfikacyjne <\/li><li> Znaki<\/li><\/ul> <div class='benefits'> <p><strong>Benefits<\/strong><\/p> <ul><li>Doskona\u0142a przyczepno\u015b\u0107 <\/li><li> Brak LZO &#8211; przyjazny dla \u015brodowiska <\/li><li> Stabilny w wysokich i niskich temperaturach <\/li><li> Doskona\u0142a odporno\u015b\u0107 na promieniowanie UV <\/li><li> Odporny na ciep\u0142o, chemikalia i wilgo\u0107<\/li><\/ul><\/div> <div class='conditions'><strong>Warunki Przechowywania<\/strong> <p>Ta\u015bmy nale\u017cy przechowywa\u0107 w oryginalnych kartonach, w pozycji pionowej, w temperaturze od 21\u00b0C do 30\u00b0C przy wilgotno\u015bci wzgl\u0119dnej 50%.  W przypadku sk\u0142adowania w temperaturze poni\u017cej 21\u00b0C zaleca si\u0119 przechowywanie min. 24 godziny w temperaturze pokojowej, w celu odzyskania w\u0142a\u015bciwo\u015bci. Chroni\u0107 ta\u015bmy przed \u015bwiat\u0142em s\u0142onecznym. .<\/p><\/div>","protected":false},"featured_media":29404,"comment_status":"closed","ping_status":"open","template":"","meta":[],"product_cat":[13427,11317],"product_tag":[10882,16208,16283,16263,16284,16264,16282,16158],"_links":{"self":[{"href":"https:\/\/volztapes.com\/pl\/wp-json\/wp\/v2\/product\/30688"}],"collection":[{"href":"https:\/\/volztapes.com\/pl\/wp-json\/wp\/v2\/product"}],"about":[{"href":"https:\/\/volztapes.com\/pl\/wp-json\/wp\/v2\/types\/product"}],"replies":[{"embeddable":true,"href":"https:\/\/volztapes.com\/pl\/wp-json\/wp\/v2\/comments?post=30688"}],"wp:featuredmedia":[{"embeddable":true,"href":"https:\/\/volztapes.com\/pl\/wp-json\/wp\/v2\/media\/29404"}],"wp:attachment":[{"href":"https:\/\/volztapes.com\/pl\/wp-json\/wp\/v2\/media?parent=30688"}],"wp:term":[{"taxonomy":"product_cat","embeddable":true,"href":"https:\/\/volztapes.com\/pl\/wp-json\/wp\/v2\/product_cat?post=30688"},{"taxonomy":"product_tag","embeddable":true,"href":"https:\/\/volztapes.com\/pl\/wp-json\/wp\/v2\/product_tag?post=30688"}],"curies":[{"name":"wp","href":"https:\/\/api.w.org\/{rel}","templated":true}]}}