{"id":30687,"date":"2025-04-23T00:00:00","date_gmt":"2025-04-22T22:00:00","guid":{"rendered":"https:\/\/volztapes.com\/produkt\/volzacrylicfoam-76080-pv2\/"},"modified":"2026-04-20T09:45:44","modified_gmt":"2026-04-20T07:45:44","slug":"volzacrylicfoam-76080-pv2","status":"publish","type":"product","link":"https:\/\/volztapes.com\/pl\/produkt\/volzacrylicfoam-76080-pv2\/","title":{"rendered":"volzAcrylicFoam 76080 PV2"},"content":{"rendered":"<p>volzAcrylicFoam 76080 PV2 to akrylowa ta\u015bma piankowa o grubo\u015bci 0,80 mm, cz\u0119sto stosowana w motoryzacji i przemy\u015ble. Jej podstawowe w\u0142a\u015bciwo\u015bci pozwalaj\u0105 na skrupulatne przetwarzanie, zapewniaj\u0105c doskona\u0142e wi\u0105zanie w zastosowaniach wymagaj\u0105cych wyj\u0105tkowej precyzji.  Wykazuje wyj\u0105tkowe wi\u0105zanie z szerok\u0105 gam\u0105 materia\u0142\u00f3w, w tym metalem, szk\u0142em, ceramik\u0105 i tworzywami sztucznymi poddanymi obr\u00f3bce koronowej, plazmowej lub gruntowaniu. W r\u00f3\u017cnych zastosowaniach, volzAcrylicFoam 76080 PV2 mo\u017ce by\u0107 u\u017cywany do zast\u0119powania mechanicznych element\u00f3w z\u0142\u0105cznych, takich jak nity, \u015bruby, spawy lub kleje w p\u0142ynie.<\/p>","protected":false},"excerpt":{"rendered":"<p><strong>Aplikacje<\/strong><\/p><ul><li>Ok\u0142adziny k\u00f3\u0142 samochodowych, lusterka i p\u0142yty bie\u017cnika <\/li><li> Oznakowanie zewn\u0119trzne i kraty okienne <\/li><li> Sprz\u0119t AGD <\/li><li> Przyklejanie ramek elektroniki mobilnej <\/li><li> Monta\u017c komponent\u00f3w<\/li><\/ul> <div class='benefits'> <p><strong>Benefits<\/strong><\/p> <ul><li>Konformowalny <\/li><li> \u0141atwy do wykrawania<\/li><li> Wiskoelastyczny charakter zapewnia silne wi\u0105zanie, kt\u00f3re mo\u017ce absorbowa\u0107 wstrz\u0105sy i napr\u0119\u017cenia <\/li><li> D\u0142ugotrwa\u0142e wi\u0105zanie do zastosowa\u0144 wewn\u0119trznych i zewn\u0119trznych<\/li><li> Doskona\u0142a odporno\u015b\u0107 na rozpuszczalniki, plastyfikatory i wilgo\u0107<\/li><li> 100% zamkni\u0119ta struktura kom\u00f3rkowa<\/li><\/ul><\/div> <div class='conditions'><strong>Warunki Przechowywania<\/strong> <p>Rolki ta\u015bmy powinny by\u0107 przechowywane w oryginalnych kartonach, w pozycji pionowej, a nie poziomej. Zawsze nale\u017cy chroni\u0107 ta\u015bm\u0119 przed \u015bwiat\u0142em s\u0142onecznym. Aby zapewni\u0107 najlepszy okres trwa\u0142o\u015bci, temperatura przechowywania powinna wynosi\u0107 od 15\u00b0C do 25\u00b0C przy wilgotno\u015bci wzgl\u0119dnej 50% (\u00b1 30%). Ta\u015bmy przechowywane w temperaturze poni\u017cej 15\u00b0C powinny by\u0107 przez co najmniej 24 godziny przed u\u017cyciem przechowywane w temperaturze pokojowej, aby odzyska\u0142y swoje w\u0142a\u015bciwo\u015bci.<\/p><\/div>","protected":false},"featured_media":29485,"comment_status":"closed","ping_status":"open","template":"","meta":[],"product_cat":[13427,11317],"product_tag":[16150,16149,16152,16151,16276,16278,16263,16277,16264,16148],"_links":{"self":[{"href":"https:\/\/volztapes.com\/pl\/wp-json\/wp\/v2\/product\/30687"}],"collection":[{"href":"https:\/\/volztapes.com\/pl\/wp-json\/wp\/v2\/product"}],"about":[{"href":"https:\/\/volztapes.com\/pl\/wp-json\/wp\/v2\/types\/product"}],"replies":[{"embeddable":true,"href":"https:\/\/volztapes.com\/pl\/wp-json\/wp\/v2\/comments?post=30687"}],"wp:featuredmedia":[{"embeddable":true,"href":"https:\/\/volztapes.com\/pl\/wp-json\/wp\/v2\/media\/29485"}],"wp:attachment":[{"href":"https:\/\/volztapes.com\/pl\/wp-json\/wp\/v2\/media?parent=30687"}],"wp:term":[{"taxonomy":"product_cat","embeddable":true,"href":"https:\/\/volztapes.com\/pl\/wp-json\/wp\/v2\/product_cat?post=30687"},{"taxonomy":"product_tag","embeddable":true,"href":"https:\/\/volztapes.com\/pl\/wp-json\/wp\/v2\/product_tag?post=30687"}],"curies":[{"name":"wp","href":"https:\/\/api.w.org\/{rel}","templated":true}]}}