{"id":30686,"date":"2025-04-23T00:00:00","date_gmt":"2025-04-22T22:00:00","guid":{"rendered":"https:\/\/volztapes.com\/produkt\/volzacrylicfoam-74050-pv2\/"},"modified":"2026-03-31T18:11:29","modified_gmt":"2026-03-31T16:11:29","slug":"volzacrylicfoam-74050-pv2","status":"publish","type":"product","link":"https:\/\/volztapes.com\/pl\/produkt\/volzacrylicfoam-74050-pv2\/","title":{"rendered":"volzAcrylicFoam 74050 PV2"},"content":{"rendered":"<p>volzAcrylicFoam 74050 PV2 to wysokowydajna, przezroczysta, dwustronna ta\u015bma z pianki akrylowej o grubo\u015bci 0,50 mm z czerwon\u0105 przek\u0142adk\u0105 PE o grubo\u015bci 0,14 mm.   Zosta\u0142a zaprojektowana do tworzenia niezwykle mocnego, bezszwowego po\u0142\u0105czenia, szczeg\u00f3lnie mi\u0119dzy przezroczystymi materia\u0142ami, takimi jak szk\u0142o i tworzywa sztuczne. volz AcrylicFoam 74050 PV2 to mi\u0119kka, wielofunkcyjna ta\u015bma klej\u0105ca o wysokiej przyczepno\u015bci, zapewniaj\u0105ca kompatybilno\u015b\u0107 zar\u00f3wno z g\u0142adkimi, jak i szorstkimi powierzchniami. Oferuje wszechstronno\u015b\u0107 w r\u00f3\u017cnych zastosowaniach i mo\u017ce by\u0107 u\u017cywana do zast\u0119powania mechanicznych element\u00f3w z\u0142\u0105cznych, takich jak nity, \u015bruby, spoiny lub kleje w p\u0142ynie.\n\nPrzet\u0142umaczono z DeepL.com (wersja darmowa)<\/p>","protected":false},"excerpt":{"rendered":"<p><strong>Aplikacje<\/strong><\/p><ul><li>Niezwykle mocne klejenie przezroczystych materia\u0142\u00f3w, takich jak szk\u0142o lub plastik <\/li><li> Zastosowania wewn\u0119trzne i zewn\u0119trzne <\/li><li> Obramowania k\u00f3\u0142 samochodowych, lusterka i p\u0142yty bie\u017cnika <\/li><li> Oznakowanie zewn\u0119trzne i kratki okienne <\/li><li> Mocowanie szyby obiektywu do obudowy <\/li><li> Sprz\u0119t AGD <\/li><li> Klejenie ramek elektroniki mobilnej <\/li><li> Monta\u017c komponent\u00f3w<\/li><\/ul> <div class='benefits'> <p><strong>Benefits<\/strong><\/p> <ul><li>Bezspoinowe \u0142\u0105czenie <\/li><li> Doskona\u0142a odporno\u015b\u0107 na rozpuszczalniki, plastyfikatory i wilgo\u0107 <\/li><li> Wiskoelastyczny charakter zapewnia silne wi\u0105zanie, kt\u00f3re mo\u017ce absorbowa\u0107 wstrz\u0105sy i napr\u0119\u017cenia <\/li><li> Dobrze wi\u0105\u017ce zar\u00f3wno na g\u0142adkich, jak i chropowatych powierzchniach<\/li><\/ul><\/div> <div class='conditions'><strong>Warunki Przechowywania<\/strong> <p>Rolki ta\u015bmy powinny by\u0107 przechowywane w oryginalnych kartonach, w pozycji pionowej, a nie poziomej. Zawsze nale\u017cy chroni\u0107 ta\u015bm\u0119 przed \u015bwiat\u0142em s\u0142onecznym. Aby zapewni\u0107 najlepszy okres trwa\u0142o\u015bci, temperatura przechowywania powinna wynosi\u0107 od 15\u00b0C do 25\u00b0C przy wilgotno\u015bci wzgl\u0119dnej 50% (\u00b1 30%). Ta\u015bmy przechowywane w temperaturze poni\u017cej 15\u00b0C powinny by\u0107 przez co najmniej 24 godziny przed u\u017cyciem przechowywane w temperaturze pokojowej, aby odzyska\u0142y swoje w\u0142a\u015bciwo\u015bci.<\/p><\/div>","protected":false},"featured_media":29473,"comment_status":"closed","ping_status":"open","template":"","meta":[],"product_cat":[13427,11317],"product_tag":[16139,16138,16141,16140,16268,16267,16269,16270,16263,16265,16266,16264,16137],"_links":{"self":[{"href":"https:\/\/volztapes.com\/pl\/wp-json\/wp\/v2\/product\/30686"}],"collection":[{"href":"https:\/\/volztapes.com\/pl\/wp-json\/wp\/v2\/product"}],"about":[{"href":"https:\/\/volztapes.com\/pl\/wp-json\/wp\/v2\/types\/product"}],"replies":[{"embeddable":true,"href":"https:\/\/volztapes.com\/pl\/wp-json\/wp\/v2\/comments?post=30686"}],"wp:featuredmedia":[{"embeddable":true,"href":"https:\/\/volztapes.com\/pl\/wp-json\/wp\/v2\/media\/29473"}],"wp:attachment":[{"href":"https:\/\/volztapes.com\/pl\/wp-json\/wp\/v2\/media?parent=30686"}],"wp:term":[{"taxonomy":"product_cat","embeddable":true,"href":"https:\/\/volztapes.com\/pl\/wp-json\/wp\/v2\/product_cat?post=30686"},{"taxonomy":"product_tag","embeddable":true,"href":"https:\/\/volztapes.com\/pl\/wp-json\/wp\/v2\/product_tag?post=30686"}],"curies":[{"name":"wp","href":"https:\/\/api.w.org\/{rel}","templated":true}]}}