{"id":30685,"date":"2025-04-10T00:00:00","date_gmt":"2025-04-09T22:00:00","guid":{"rendered":"https:\/\/volztapes.com\/produkt\/volzfixv52230-pv2\/"},"modified":"2026-04-10T16:25:01","modified_gmt":"2026-04-10T14:25:01","slug":"volzfixv52230-pv2","status":"publish","type":"product","link":"https:\/\/volztapes.com\/pl\/produkt\/volzfixv52230-pv2\/","title":{"rendered":"volzFixV52230 PV2"},"content":{"rendered":"<p>volzFix V52230 PV2 to ta\u015bma transferowa wzmocniona siatk\u0105 poliestrow\u0105 z trwa\u0142ym klejem na bazie akrylu. Nadaje si\u0119 do szerokiego zakresu zastosowa\u0144 w bran\u017cy budowlanej, motoryzacyjnej i AGD. Posiada zastosowanie na czystych, suchych i p\u0142askich powierzchniach, w tym lekko chropowatych jak i zakrzywionych. Dzi\u0119ki wysokiej przyczepno\u015bci pocz\u0105tkowej i trwa\u0142ej wydajno\u015bci, ta\u015bma volzFix V52230 PV2 jest idealna do laminowania r\u00f3\u017cnych materia\u0142\u00f3w, w tym folii, filc\u00f3w i pianek.<\/p>","protected":false},"excerpt":{"rendered":"<p><strong>Aplikacje<\/strong><\/p><ul><li>R\u00f3\u017cne zastosowania w budownictwie, przemy\u015ble motoryzacyjnym i AGD <\/li><li> Nadaje si\u0119 do zastosowa\u0144 na czystych, suchych i p\u0142askich powierzchniach, w tym lekko chropowatych i zakrzywionych powierzchniach<\/li><li> G\u0142\u00f3wnie u\u017cywany do laminowania\nz szeregiem materia\u0142\u00f3w, w tym folii, filc\u00f3w, pianek<\/li><li> Trudne aplikacje klejenia<\/li><\/ul> <div class='benefits'> <p><strong>Benefits<\/strong><\/p> <ul><li>Wysoka przyczepno\u015b\u0107 pocz\u0105tkowa<\/li><li> Trwa\u0142a wydajno\u015b\u0107<\/li><li> Przylega do szerokiej gamy materia\u0142\u00f3w<\/li><\/ul><\/div> <div class='conditions'><strong>Warunki Przechowywania<\/strong> <p>Rolki ta\u015bmy powinny by\u0107 przechowywane w oryginalnych kartonach, w pozycji pionowej, a nie poziomej. Zawsze nale\u017cy chroni\u0107 ta\u015bm\u0119 przed \u015bwiat\u0142em s\u0142onecznym. Aby zapewni\u0107 najlepszy okres trwa\u0142o\u015bci, temperatura przechowywania powinna wynosi\u0107 od 15\u00b0C do 25\u00b0C przy wilgotno\u015bci wzgl\u0119dnej 50% (\u00b1 30%). Ta\u015bmy przechowywane w temperaturze poni\u017cej 15\u00b0C powinny by\u0107 przez co najmniej 24 godziny przed u\u017cyciem przechowywane w temperaturze pokojowej, aby odzyska\u0142y swoje w\u0142a\u015bciwo\u015bci.<\/p><\/div>","protected":false},"featured_media":0,"comment_status":"closed","ping_status":"open","template":"","meta":[],"product_cat":[11317],"product_tag":[13319,13326,13337,13338,13339,15062,13325,13324,13323],"_links":{"self":[{"href":"https:\/\/volztapes.com\/pl\/wp-json\/wp\/v2\/product\/30685"}],"collection":[{"href":"https:\/\/volztapes.com\/pl\/wp-json\/wp\/v2\/product"}],"about":[{"href":"https:\/\/volztapes.com\/pl\/wp-json\/wp\/v2\/types\/product"}],"replies":[{"embeddable":true,"href":"https:\/\/volztapes.com\/pl\/wp-json\/wp\/v2\/comments?post=30685"}],"wp:attachment":[{"href":"https:\/\/volztapes.com\/pl\/wp-json\/wp\/v2\/media?parent=30685"}],"wp:term":[{"taxonomy":"product_cat","embeddable":true,"href":"https:\/\/volztapes.com\/pl\/wp-json\/wp\/v2\/product_cat?post=30685"},{"taxonomy":"product_tag","embeddable":true,"href":"https:\/\/volztapes.com\/pl\/wp-json\/wp\/v2\/product_tag?post=30685"}],"curies":[{"name":"wp","href":"https:\/\/api.w.org\/{rel}","templated":true}]}}