{"id":30683,"date":"2025-04-03T00:00:00","date_gmt":"2025-04-02T22:00:00","guid":{"rendered":"https:\/\/volztapes.com\/produkt\/volzpack-3013-pv7\/"},"modified":"2026-03-31T18:11:26","modified_gmt":"2026-03-31T16:11:26","slug":"volzpack-3013-pv7","status":"publish","type":"product","link":"https:\/\/volztapes.com\/pl\/produkt\/volzpack-3013-pv7\/","title":{"rendered":"volzPack 3013 PV7"},"content":{"rendered":"<p>volzPack 3013 PV2 &#8211; krepowa ta\u015bma pakowa z klejem z kauczuku naturalnego i \u017cywicy hydrow\u0119glowej. Bardzo dobra si\u0142a klejenia dla opakowa\u0144 wykonanych z papieru makulaturowego.<\/p>","protected":false},"excerpt":{"rendered":"<p><strong>Aplikacje<\/strong><\/p><ul><li>Ta\u015bma pakowa do karton\u00f3w papierowych<\/li><\/ul> <div class='benefits'> <p><strong>Benefits<\/strong><\/p> <ul><li>Dobra si\u0142a klejenia do opakowa\u0144 pochodz\u0105cych z recyklingu<\/li><li> D\u0142ugotrwa\u0142a si\u0142a klejenia<\/li><li>Bardzo dobry tack<\/li><li> Idealny do przechowywania w ekstremalnych temperaturach i \u015brodowiskach o wysokiej wilgotno\u015bci<\/li><li>rozdzieralny r\u0119cznie<\/li><\/ul><\/div> <div class='conditions'><strong>Warunki Przechowywania<\/strong> <p>Rolki ta\u015bmy powinny by\u0107 przechowywane w oryginalnych kartonach, w pozycji pionowej, a nie poziomej. Zawsze nale\u017cy chroni\u0107 ta\u015bm\u0119 przed \u015bwiat\u0142em s\u0142onecznym. Aby zapewni\u0107 najlepszy okres trwa\u0142o\u015bci, temperatura przechowywania powinna wynosi\u0107 od 15\u00b0C do 25\u00b0C przy wilgotno\u015bci wzgl\u0119dnej 50% (\u00b1 30%). Ta\u015bmy przechowywane w temperaturze poni\u017cej 15\u00b0C powinny by\u0107 przez co najmniej 24 godziny przed u\u017cyciem przechowywane w temperaturze pokojowej, aby odzyska\u0142y swoje w\u0142a\u015bciwo\u015bci.<\/p><\/div>","protected":false},"featured_media":0,"comment_status":"closed","ping_status":"open","template":"","meta":[],"product_cat":[13335],"product_tag":[13176,14987,15057,14995,13177,13175],"_links":{"self":[{"href":"https:\/\/volztapes.com\/pl\/wp-json\/wp\/v2\/product\/30683"}],"collection":[{"href":"https:\/\/volztapes.com\/pl\/wp-json\/wp\/v2\/product"}],"about":[{"href":"https:\/\/volztapes.com\/pl\/wp-json\/wp\/v2\/types\/product"}],"replies":[{"embeddable":true,"href":"https:\/\/volztapes.com\/pl\/wp-json\/wp\/v2\/comments?post=30683"}],"wp:attachment":[{"href":"https:\/\/volztapes.com\/pl\/wp-json\/wp\/v2\/media?parent=30683"}],"wp:term":[{"taxonomy":"product_cat","embeddable":true,"href":"https:\/\/volztapes.com\/pl\/wp-json\/wp\/v2\/product_cat?post=30683"},{"taxonomy":"product_tag","embeddable":true,"href":"https:\/\/volztapes.com\/pl\/wp-json\/wp\/v2\/product_tag?post=30683"}],"curies":[{"name":"wp","href":"https:\/\/api.w.org\/{rel}","templated":true}]}}