{"id":30682,"date":"2025-03-26T00:00:00","date_gmt":"2025-03-25T23:00:00","guid":{"rendered":"https:\/\/volztapes.com\/produkt\/volzband-6014\/"},"modified":"2026-03-31T18:11:22","modified_gmt":"2026-03-31T16:11:22","slug":"volzband-6014","status":"publish","type":"product","link":"https:\/\/volztapes.com\/pl\/produkt\/volzband-6014\/","title":{"rendered":"volzBand 6014"},"content":{"rendered":"<p>volzCloth 6014 &#8211; ta\u015bma og\u00f3lnego przeznaczenia stosowana do wi\u0105zania, uszczelniania, zszywania, naprawy, przechowywania, hydrauliki i hydroizolacji.<\/p>","protected":false},"excerpt":{"rendered":"<p><strong>Aplikacje<\/strong><\/p><ul><li>Zastosowanie uniwersalne naprawcze<\/li><\/ul> <div class='benefits'> <p><strong>Benefits<\/strong><\/p> <ul><li>Doskona\u0142a si\u0142a klejenia i przyleganie do powierzchni <\/li><li>Doskona\u0142y tack<\/li><li> Mo\u017cliwo\u015b\u0107 r\u0119cznego rozerwania<\/li><\/ul><\/div> <div class='conditions'><strong>Warunki Przechowywania<\/strong> <p>Rolki ta\u015bmy powinny by\u0107 przechowywane w oryginalnych kartonach, w pozycji pionowej, a nie poziomej. Zawsze nale\u017cy chroni\u0107 ta\u015bm\u0119 przed \u015bwiat\u0142em s\u0142onecznym. Aby zapewni\u0107 najlepszy okres trwa\u0142o\u015bci, temperatura przechowywania powinna wynosi\u0107 od 15\u00b0C do 25\u00b0C przy wilgotno\u015bci wzgl\u0119dnej 50% (\u00b1 30%). Ta\u015bmy przechowywane w temperaturze poni\u017cej 15\u00b0C powinny by\u0107 przez co najmniej 24 godziny przed u\u017cyciem przechowywane w temperaturze pokojowej, aby odzyska\u0142y swoje w\u0142a\u015bciwo\u015bci.<\/p><\/div>","protected":false},"featured_media":0,"comment_status":"closed","ping_status":"open","template":"","meta":[],"product_cat":[13334],"product_tag":[13164,13168,13169,15053,15051,15052,13167,13166,15049,13163,13165,15048,15050],"_links":{"self":[{"href":"https:\/\/volztapes.com\/pl\/wp-json\/wp\/v2\/product\/30682"}],"collection":[{"href":"https:\/\/volztapes.com\/pl\/wp-json\/wp\/v2\/product"}],"about":[{"href":"https:\/\/volztapes.com\/pl\/wp-json\/wp\/v2\/types\/product"}],"replies":[{"embeddable":true,"href":"https:\/\/volztapes.com\/pl\/wp-json\/wp\/v2\/comments?post=30682"}],"wp:attachment":[{"href":"https:\/\/volztapes.com\/pl\/wp-json\/wp\/v2\/media?parent=30682"}],"wp:term":[{"taxonomy":"product_cat","embeddable":true,"href":"https:\/\/volztapes.com\/pl\/wp-json\/wp\/v2\/product_cat?post=30682"},{"taxonomy":"product_tag","embeddable":true,"href":"https:\/\/volztapes.com\/pl\/wp-json\/wp\/v2\/product_tag?post=30682"}],"curies":[{"name":"wp","href":"https:\/\/api.w.org\/{rel}","templated":true}]}}