{"id":30681,"date":"2025-03-26T00:00:00","date_gmt":"2025-03-25T23:00:00","guid":{"rendered":"https:\/\/volztapes.com\/produkt\/volzfilament-5074-pv2\/"},"modified":"2026-04-20T09:45:39","modified_gmt":"2026-04-20T07:45:39","slug":"volzfilament-5074-pv2","status":"publish","type":"product","link":"https:\/\/volztapes.com\/pl\/produkt\/volzfilament-5074-pv2\/","title":{"rendered":"volzFilament 5074 PV2"},"content":{"rendered":"<p>volzFilament5074 PV2 \u2013 ta\u015bma pakowa z filamentem wzd\u0142u\u017cnym. Ta\u015bma sk\u0142ada si\u0119 z monofilamentu BOPP wzmocnionego w\u0142\u00f3knem szklanym.<\/p>","protected":false},"excerpt":{"rendered":"<p><strong>Aplikacje<\/strong><\/p><ul><li>Wzmocnienie, wi\u0105zanie, paletyzacja i pakowanie<\/li><\/ul> <div class='benefits'> <p><strong>Benefits<\/strong><\/p> <ul><li>Doskona\u0142a adhezja i tack <\/li><li> Wysoka wytrzyma\u0142o\u015b\u0107 na rozci\u0105ganie<\/li><\/ul><\/div> <div class='conditions'><strong>Warunki Przechowywania<\/strong> <p>Rolki ta\u015bmy powinny by\u0107 przechowywane w oryginalnych kartonach, w pozycji pionowej, a nie poziomej. Zawsze nale\u017cy chroni\u0107 ta\u015bm\u0119 przed \u015bwiat\u0142em s\u0142onecznym. Aby zapewni\u0107 najlepszy okres trwa\u0142o\u015bci, temperatura przechowywania powinna wynosi\u0107 od 15\u00b0C do 25\u00b0C przy wilgotno\u015bci wzgl\u0119dnej 50% (\u00b1 30%). Ta\u015bmy przechowywane w temperaturze poni\u017cej 15\u00b0C powinny by\u0107 przez co najmniej 24 godziny przed u\u017cyciem przechowywane w temperaturze pokojowej, aby odzyska\u0142y swoje w\u0142a\u015bciwo\u015bci.<\/p><\/div>","protected":false},"featured_media":0,"comment_status":"closed","ping_status":"open","template":"","meta":[],"product_cat":[13332],"product_tag":[13156,13158,13154,15039,15040,15035,15027,15037,15034,15031,13157,13155,15038],"_links":{"self":[{"href":"https:\/\/volztapes.com\/pl\/wp-json\/wp\/v2\/product\/30681"}],"collection":[{"href":"https:\/\/volztapes.com\/pl\/wp-json\/wp\/v2\/product"}],"about":[{"href":"https:\/\/volztapes.com\/pl\/wp-json\/wp\/v2\/types\/product"}],"replies":[{"embeddable":true,"href":"https:\/\/volztapes.com\/pl\/wp-json\/wp\/v2\/comments?post=30681"}],"wp:attachment":[{"href":"https:\/\/volztapes.com\/pl\/wp-json\/wp\/v2\/media?parent=30681"}],"wp:term":[{"taxonomy":"product_cat","embeddable":true,"href":"https:\/\/volztapes.com\/pl\/wp-json\/wp\/v2\/product_cat?post=30681"},{"taxonomy":"product_tag","embeddable":true,"href":"https:\/\/volztapes.com\/pl\/wp-json\/wp\/v2\/product_tag?post=30681"}],"curies":[{"name":"wp","href":"https:\/\/api.w.org\/{rel}","templated":true}]}}