{"id":30678,"date":"2025-03-24T00:00:00","date_gmt":"2025-03-23T23:00:00","guid":{"rendered":"https:\/\/volztapes.com\/produkt\/volzmasking-3016u\/"},"modified":"2026-04-20T09:45:37","modified_gmt":"2026-04-20T07:45:37","slug":"volzmasking-3016u","status":"publish","type":"product","link":"https:\/\/volztapes.com\/pl\/produkt\/volzmasking-3016u\/","title":{"rendered":"volzMasking 3016U"},"content":{"rendered":"<p>volzMasking 3016U &#8211; ta\u015bma maskuj\u0105ca przeznaczona do klejenia w temperaturze 80\u00baC (max. 1 godzina).<\/p>","protected":false},"excerpt":{"rendered":"<p><strong>Aplikacje<\/strong><\/p><ul><li>Ta\u015bma maskuj\u0105ca do automotive<\/li><\/ul> <div class='benefits'> <p><strong>Benefits<\/strong><\/p> <ul><li>Doskona\u0142a si\u0142a klejenia do wszystkich powierzchni <\/li><li>\u0141atwa aplikacja na zakrzywionych profilach i nier\u00f3wnych powierzchniach <\/li><li>\u0141atwo usuwalna nie pozostawia \u015blad\u00f3w kleju <\/li><li>Odporno\u015b\u0107 temp. 80\u00b0C (1 godzina).<\/li><\/ul><\/div> <div class='conditions'><strong>Warunki Przechowywania<\/strong> <p>Rolki ta\u015bmy powinny by\u0107 przechowywane w oryginalnych kartonach, w pozycji pionowej, a nie poziomej. Zawsze nale\u017cy chroni\u0107 ta\u015bm\u0119 przed \u015bwiat\u0142em s\u0142onecznym. Aby zapewni\u0107 najlepszy okres trwa\u0142o\u015bci, temperatura przechowywania powinna wynosi\u0107 od 15\u00b0C do 25\u00b0C przy wilgotno\u015bci wzgl\u0119dnej 50% (\u00b1 30%). Ta\u015bmy przechowywane w temperaturze poni\u017cej 15\u00b0C powinny by\u0107 przez co najmniej 24 godziny przed u\u017cyciem przechowywane w temperaturze pokojowej, aby odzyska\u0142y swoje w\u0142a\u015bciwo\u015bci.<\/p><\/div>","protected":false},"featured_media":0,"comment_status":"closed","ping_status":"open","template":"","meta":[],"product_cat":[13328],"product_tag":[13135,15016,13137,15015,15014,13136,13138,13077,13134],"_links":{"self":[{"href":"https:\/\/volztapes.com\/pl\/wp-json\/wp\/v2\/product\/30678"}],"collection":[{"href":"https:\/\/volztapes.com\/pl\/wp-json\/wp\/v2\/product"}],"about":[{"href":"https:\/\/volztapes.com\/pl\/wp-json\/wp\/v2\/types\/product"}],"replies":[{"embeddable":true,"href":"https:\/\/volztapes.com\/pl\/wp-json\/wp\/v2\/comments?post=30678"}],"wp:attachment":[{"href":"https:\/\/volztapes.com\/pl\/wp-json\/wp\/v2\/media?parent=30678"}],"wp:term":[{"taxonomy":"product_cat","embeddable":true,"href":"https:\/\/volztapes.com\/pl\/wp-json\/wp\/v2\/product_cat?post=30678"},{"taxonomy":"product_tag","embeddable":true,"href":"https:\/\/volztapes.com\/pl\/wp-json\/wp\/v2\/product_tag?post=30678"}],"curies":[{"name":"wp","href":"https:\/\/api.w.org\/{rel}","templated":true}]}}