{"id":30676,"date":"2025-03-20T00:00:00","date_gmt":"2025-03-19T23:00:00","guid":{"rendered":"https:\/\/volztapes.com\/produkt\/volzpack-2080\/"},"modified":"2026-04-10T16:24:52","modified_gmt":"2026-04-10T14:24:52","slug":"volzpack-2080","status":"publish","type":"product","link":"https:\/\/volztapes.com\/pl\/produkt\/volzpack-2080\/","title":{"rendered":"volzPack 2080"},"content":{"rendered":"<p>volzPack 2080 ta\u015bma pakowa na kleju hotmelt.<\/p>","protected":false},"excerpt":{"rendered":"<p><strong>Aplikacje<\/strong><\/p><ul><li>Nadaje si\u0119 do wszystkich typ\u00f3w opakowa\u0144<\/li><li>R\u0119czne i automatyczne zamykanie karton\u00f3w<\/li><\/ul> <div class='benefits'> <p><strong>Benefits<\/strong><\/p> <ul><li>Bardzo silny tack <\/li><li>Wysoka jako\u015b\u0107 kleju gwarantuje trwa\u0142e przyleganie i bezpieczne przechowywanie nawet w zmiennych temperaturach<\/li><li> Bardzo dobra si\u0142a klejenia do opakowa\u0144 pochodz\u0105cych z recyklingu<\/li><\/ul><\/div> <div class='conditions'><strong>Warunki Przechowywania<\/strong> <p>Rolki ta\u015bmy powinny by\u0107 przechowywane w oryginalnych kartonach, w pozycji pionowej, a nie poziomej. Zawsze nale\u017cy chroni\u0107 ta\u015bm\u0119 przed \u015bwiat\u0142em s\u0142onecznym. Aby zapewni\u0107 najlepszy okres trwa\u0142o\u015bci, temperatura przechowywania powinna wynosi\u0107 od 15\u00b0C do 25\u00b0C przy wilgotno\u015bci wzgl\u0119dnej 50% (\u00b1 30%). Ta\u015bmy przechowywane w temperaturze poni\u017cej 15\u00b0C powinny by\u0107 przez co najmniej 24 godziny przed u\u017cyciem przechowywane w temperaturze pokojowej, aby odzyska\u0142y swoje w\u0142a\u015bciwo\u015bci.<\/p><\/div>","protected":false},"featured_media":0,"comment_status":"closed","ping_status":"open","template":"","meta":[],"product_cat":[13335],"product_tag":[13129,14987,15000,13128,13127,13126],"_links":{"self":[{"href":"https:\/\/volztapes.com\/pl\/wp-json\/wp\/v2\/product\/30676"}],"collection":[{"href":"https:\/\/volztapes.com\/pl\/wp-json\/wp\/v2\/product"}],"about":[{"href":"https:\/\/volztapes.com\/pl\/wp-json\/wp\/v2\/types\/product"}],"replies":[{"embeddable":true,"href":"https:\/\/volztapes.com\/pl\/wp-json\/wp\/v2\/comments?post=30676"}],"wp:attachment":[{"href":"https:\/\/volztapes.com\/pl\/wp-json\/wp\/v2\/media?parent=30676"}],"wp:term":[{"taxonomy":"product_cat","embeddable":true,"href":"https:\/\/volztapes.com\/pl\/wp-json\/wp\/v2\/product_cat?post=30676"},{"taxonomy":"product_tag","embeddable":true,"href":"https:\/\/volztapes.com\/pl\/wp-json\/wp\/v2\/product_tag?post=30676"}],"curies":[{"name":"wp","href":"https:\/\/api.w.org\/{rel}","templated":true}]}}