{"id":30675,"date":"2025-01-09T00:00:00","date_gmt":"2025-01-08T23:00:00","guid":{"rendered":"https:\/\/volztapes.com\/produkt\/volzpack-3013-pv2\/"},"modified":"2026-03-31T18:11:14","modified_gmt":"2026-03-31T16:11:14","slug":"volzpack-3013-pv2","status":"publish","type":"product","link":"https:\/\/volztapes.com\/pl\/produkt\/volzpack-3013-pv2\/","title":{"rendered":"volzPack 3013 PV2"},"content":{"rendered":"<p>volzPack 3013 PV2 &#8211; ta\u015bma pakowa kraftowa na kleju hotmelt. Bardzo dobra si\u0142a klejenia w przypadku opakowa\u0144 wykonanych z papieru z recyklingu.<\/p>","protected":false},"excerpt":{"rendered":"<p><strong>Aplikacje<\/strong><\/p><ul><li>Ta\u015bma pakowa do zaklejania karton\u00f3w do zastosowa\u0144 r\u0119cznych i automatycznych<\/li><\/ul> <div class='benefits'> <p><strong>Benefits<\/strong><\/p> <ul><li>Bardzo dobra si\u0142a klejenia do opakowa\u0144 pochodz\u0105cych z recyklingu<\/li><li>Dobry tack<\/li><li>Mo\u017cliwo\u015b\u0107 r\u0119cznego rozrywania<\/li><\/ul><\/div> <div class='conditions'><strong>Warunki Przechowywania<\/strong> <p>Rolki ta\u015bmy powinny by\u0107 przechowywane w oryginalnych kartonach, w pozycji pionowej, a nie poziomej. Zawsze nale\u017cy chroni\u0107 ta\u015bm\u0119 przed \u015bwiat\u0142em s\u0142onecznym. Aby zapewni\u0107 najlepszy okres trwa\u0142o\u015bci, temperatura przechowywania powinna wynosi\u0107 od 15\u00b0C do 25\u00b0C przy wilgotno\u015bci wzgl\u0119dnej 50% (\u00b1 30%). Ta\u015bmy przechowywane w temperaturze poni\u017cej 15\u00b0C powinny by\u0107 przez co najmniej 24 godziny przed u\u017cyciem przechowywane w temperaturze pokojowej, aby odzyska\u0142y swoje w\u0142a\u015bciwo\u015bci.<\/p><\/div>","protected":false},"featured_media":0,"comment_status":"closed","ping_status":"open","template":"","meta":[],"product_cat":[13335],"product_tag":[13125,14987,15000,13124,13123,13122],"_links":{"self":[{"href":"https:\/\/volztapes.com\/pl\/wp-json\/wp\/v2\/product\/30675"}],"collection":[{"href":"https:\/\/volztapes.com\/pl\/wp-json\/wp\/v2\/product"}],"about":[{"href":"https:\/\/volztapes.com\/pl\/wp-json\/wp\/v2\/types\/product"}],"replies":[{"embeddable":true,"href":"https:\/\/volztapes.com\/pl\/wp-json\/wp\/v2\/comments?post=30675"}],"wp:attachment":[{"href":"https:\/\/volztapes.com\/pl\/wp-json\/wp\/v2\/media?parent=30675"}],"wp:term":[{"taxonomy":"product_cat","embeddable":true,"href":"https:\/\/volztapes.com\/pl\/wp-json\/wp\/v2\/product_cat?post=30675"},{"taxonomy":"product_tag","embeddable":true,"href":"https:\/\/volztapes.com\/pl\/wp-json\/wp\/v2\/product_tag?post=30675"}],"curies":[{"name":"wp","href":"https:\/\/api.w.org\/{rel}","templated":true}]}}