{"id":28995,"date":"2022-02-25T00:00:00","date_gmt":"2022-02-24T23:00:00","guid":{"rendered":"https:\/\/volztapes.com\/produkt\/volzfix-v5263\/"},"modified":"2026-03-31T16:50:39","modified_gmt":"2026-03-31T14:50:39","slug":"volzfix-v5263","status":"publish","type":"product","link":"https:\/\/volztapes.com\/pl\/produkt\/volzfix-v5263\/","title":{"rendered":"volzFix V5263"},"content":{"rendered":"","protected":false},"excerpt":{"rendered":" <div class='conditions'><strong>Warunki Przechowywania<\/strong> <p>Ta\u015bmy nale\u017cy przechowywa\u0107 w oryginalnych kartonach, w pozycji pionowej, w temperaturze od 19\u00b0C do 21\u00b0C przy wilgotno\u015bci wzgl\u0119dnej 50%.  W przypadku sk\u0142adowania w temperaturze poni\u017cej 19\u00b0C zaleca si\u0119 przechowywanie min. 24 godziny w temperaturze pokojowej, w celu odzyskania w\u0142a\u015bciwo\u015bci. Chroni\u0107 ta\u015bmy przed \u015bwiat\u0142em s\u0142onecznym. .<\/p><\/div>","protected":false},"featured_media":18837,"comment_status":"closed","ping_status":"open","template":"","meta":[],"product_cat":[11317],"product_tag":[],"_links":{"self":[{"href":"https:\/\/volztapes.com\/pl\/wp-json\/wp\/v2\/product\/28995"}],"collection":[{"href":"https:\/\/volztapes.com\/pl\/wp-json\/wp\/v2\/product"}],"about":[{"href":"https:\/\/volztapes.com\/pl\/wp-json\/wp\/v2\/types\/product"}],"replies":[{"embeddable":true,"href":"https:\/\/volztapes.com\/pl\/wp-json\/wp\/v2\/comments?post=28995"}],"wp:featuredmedia":[{"embeddable":true,"href":"https:\/\/volztapes.com\/pl\/wp-json\/wp\/v2\/media\/18837"}],"wp:attachment":[{"href":"https:\/\/volztapes.com\/pl\/wp-json\/wp\/v2\/media?parent=28995"}],"wp:term":[{"taxonomy":"product_cat","embeddable":true,"href":"https:\/\/volztapes.com\/pl\/wp-json\/wp\/v2\/product_cat?post=28995"},{"taxonomy":"product_tag","embeddable":true,"href":"https:\/\/volztapes.com\/pl\/wp-json\/wp\/v2\/product_tag?post=28995"}],"curies":[{"name":"wp","href":"https:\/\/api.w.org\/{rel}","templated":true}]}}