{"id":28881,"date":"2019-12-04T00:00:00","date_gmt":"2019-12-03T23:00:00","guid":{"rendered":"https:\/\/volztapes.com\/produkt\/volzelektro-4138\/"},"modified":"2026-03-31T16:47:07","modified_gmt":"2026-03-31T14:47:07","slug":"volzelektro-4138","status":"publish","type":"product","link":"https:\/\/volztapes.com\/pl\/produkt\/volzelektro-4138\/","title":{"rendered":"volzElektro 4138"},"content":{"rendered":"","protected":false},"excerpt":{"rendered":" <div class='conditions'><strong>Warunki Przechowywania<\/strong> <p>Ta\u015bmy nale\u017cy przechowywa\u0107 w oryginalnych kartonach, w pozycji pionowej, w temperaturze od 15\u00b0C do 25\u00b0C przy wilgotno\u015bci wzgl\u0119dnej 50% (\u00b1 30%).W przypadku sk\u0142adowania w temperaturze poni\u017cej 15\u00b0C zaleca si\u0119 przechowywanie min. 24 godziny w temperaturze pokojowej, w celu odzyskania w\u0142a\u015bciwo\u015bci. Chroni\u0107 ta\u015bmy przed \u015bwiat\u0142em s\u0142onecznym.<\/p><\/div>","protected":false},"featured_media":18888,"comment_status":"closed","ping_status":"open","template":"","meta":[],"product_cat":[11318],"product_tag":[],"_links":{"self":[{"href":"https:\/\/volztapes.com\/pl\/wp-json\/wp\/v2\/product\/28881"}],"collection":[{"href":"https:\/\/volztapes.com\/pl\/wp-json\/wp\/v2\/product"}],"about":[{"href":"https:\/\/volztapes.com\/pl\/wp-json\/wp\/v2\/types\/product"}],"replies":[{"embeddable":true,"href":"https:\/\/volztapes.com\/pl\/wp-json\/wp\/v2\/comments?post=28881"}],"wp:featuredmedia":[{"embeddable":true,"href":"https:\/\/volztapes.com\/pl\/wp-json\/wp\/v2\/media\/18888"}],"wp:attachment":[{"href":"https:\/\/volztapes.com\/pl\/wp-json\/wp\/v2\/media?parent=28881"}],"wp:term":[{"taxonomy":"product_cat","embeddable":true,"href":"https:\/\/volztapes.com\/pl\/wp-json\/wp\/v2\/product_cat?post=28881"},{"taxonomy":"product_tag","embeddable":true,"href":"https:\/\/volztapes.com\/pl\/wp-json\/wp\/v2\/product_tag?post=28881"}],"curies":[{"name":"wp","href":"https:\/\/api.w.org\/{rel}","templated":true}]}}