{"id":17818,"date":"2024-07-15T15:37:35","date_gmt":"2024-07-15T13:37:35","guid":{"rendered":"https:\/\/volztapes.com\/lista-obserwowanych\/"},"modified":"2024-07-15T15:37:35","modified_gmt":"2024-07-15T13:37:35","slug":"lista-obserwowanych","status":"publish","type":"page","link":"https:\/\/volztapes.com\/pl\/lista-obserwowanych\/","title":{"rendered":"Lista obserwowanych"},"content":{"rendered":"\n<div class=\"woocommerce ywraq-wrapper ywraq-empty\">\n\t\t\t<div id=\"yith-ywraq-message\"><div class=\"ywraq-question-message\">\n\t<\/div>\n<\/div>\n\t\t\n\t\t\t\t<div class=\"ywraq-form-table-wrapper vertical\">\n\t\t\t\n<p class=\"ywraq_list_empty_message\">Twoja lista jest pusta, dodaj produkty do listy, aby wys\u0142a\u0107 \u017c\u0105danie<p><p class=\"return-to-shop\"><a class=\"button wc-backward\" href=\"https:\/\/volztapes.com\/produkte\/\">Powr\u00f3t do katalogu produkt\u00f3w<\/a><\/p>\n\t\t\t\t\t<\/div>\n\t<\/div>\n","protected":false},"excerpt":{"rendered":"Twoja lista jest pusta, dodaj produkty do listy, aby wys\u0142a\u0107 \u017c\u0105daniePowr\u00f3t do katalogu produkt\u00f3w","protected":false},"author":37,"featured_media":0,"parent":0,"menu_order":0,"comment_status":"closed","ping_status":"closed","template":"","meta":{"footnotes":""},"_links":{"self":[{"href":"https:\/\/volztapes.com\/pl\/wp-json\/wp\/v2\/pages\/17818"}],"collection":[{"href":"https:\/\/volztapes.com\/pl\/wp-json\/wp\/v2\/pages"}],"about":[{"href":"https:\/\/volztapes.com\/pl\/wp-json\/wp\/v2\/types\/page"}],"author":[{"embeddable":true,"href":"https:\/\/volztapes.com\/pl\/wp-json\/wp\/v2\/users\/37"}],"replies":[{"embeddable":true,"href":"https:\/\/volztapes.com\/pl\/wp-json\/wp\/v2\/comments?post=17818"}],"version-history":[{"count":0,"href":"https:\/\/volztapes.com\/pl\/wp-json\/wp\/v2\/pages\/17818\/revisions"}],"wp:attachment":[{"href":"https:\/\/volztapes.com\/pl\/wp-json\/wp\/v2\/media?parent=17818"}],"curies":[{"name":"wp","href":"https:\/\/api.w.org\/{rel}","templated":true}]}}