{"id":17773,"date":"2024-07-15T11:31:55","date_gmt":"2024-07-15T09:31:55","guid":{"rendered":"https:\/\/volztapes.com\/kontakt\/"},"modified":"2024-07-23T10:39:08","modified_gmt":"2024-07-23T08:39:08","slug":"kontakt","status":"publish","type":"page","link":"https:\/\/volztapes.com\/pl\/kontakt\/","title":{"rendered":"Kontakt"},"content":{"rendered":"[vc_row full_width=&#8221;stretch_row&#8221; css=&#8221;.vc_custom_1721231743606{margin-top: -30px !important;padding-top: 100px !important;padding-bottom: 35px !important;background-image: url(https:\/\/volztapes.com\/wp-content\/uploads\/2024\/07\/vt-pl-building-slider_half.png?id=17542) !important;background-position: center !important;background-repeat: no-repeat !important;background-size: cover !important;}&#8221; el_class=&#8221;banner_new&#8221;][vc_column width=&#8221;1\/3&#8243;][vc_custom_heading text=&#8221;KONTAKT&#8221; font_container=&#8221;tag:h2|font_size:40px|text_align:center|color:%23ffffff|line_height:60px&#8221; use_theme_fonts=&#8221;yes&#8221; css=&#8221;.vc_custom_1700206376730{padding-top: 4% !important;padding-right: 4% !important;padding-bottom: 4% !important;padding-left: 4% !important;background-color: rgba(0,162,226,0.8) !important;*background-color: rgb(0,162,226) !important;}&#8221;][\/vc_column][vc_column width=&#8221;1\/3&#8243;][\/vc_column][vc_column width=&#8221;1\/3&#8243;][\/vc_column][\/vc_row][vc_row][vc_column][vc_empty_space][vc_column_text]Masz jakie\u015b pytania? Doradzimy\r\n\r\n[\/vc_column_text][\/vc_column][\/vc_row][vc_row][vc_column width=&#8221;1\/2&#8243;][vc_column_text]\r\n<h4>Formularz kontaktowy<\/h4>\r\n[\/vc_column_text]\n<div class=\"wpcf7 no-js\" id=\"wpcf7-f17776-o1\" lang=\"en-US\" dir=\"ltr\">\n<div class=\"screen-reader-response\"><p role=\"status\" aria-live=\"polite\" aria-atomic=\"true\"><\/p> <ul><\/ul><\/div>\n<form action=\"\/pl\/wp-json\/wp\/v2\/pages\/17773#wpcf7-f17776-o1\" method=\"post\" class=\"wpcf7-form init\" aria-label=\"Contact form\" novalidate=\"novalidate\" data-status=\"init\">\n<div style=\"display: none;\">\n<input type=\"hidden\" name=\"_wpcf7\" value=\"17776\" \/>\n<input type=\"hidden\" name=\"_wpcf7_version\" value=\"5.9.8\" \/>\n<input type=\"hidden\" name=\"_wpcf7_locale\" value=\"en_US\" \/>\n<input type=\"hidden\" name=\"_wpcf7_unit_tag\" value=\"wpcf7-f17776-o1\" \/>\n<input type=\"hidden\" name=\"_wpcf7_container_post\" value=\"0\" \/>\n<input type=\"hidden\" name=\"_wpcf7_posted_data_hash\" value=\"\" \/>\n<\/div>\n<p><label class=\"formularSetLineheight\"> Imi\u0119*<br \/>\n<span class=\"wpcf7-form-control-wrap\" data-name=\"your-first-name\"><input size=\"40\" maxlength=\"400\" class=\"wpcf7-form-control wpcf7-text wpcf7-validates-as-required\" aria-required=\"true\" aria-invalid=\"false\" value=\"\" type=\"text\" name=\"your-first-name\" \/><\/span> <\/label>\n<\/p>\n<p><label class=\"formularSetLineheight\"> Nazwisko*<br \/>\n<span class=\"wpcf7-form-control-wrap\" data-name=\"your-last-name\"><input size=\"40\" maxlength=\"400\" class=\"wpcf7-form-control wpcf7-text wpcf7-validates-as-required\" aria-required=\"true\" aria-invalid=\"false\" value=\"\" type=\"text\" name=\"your-last-name\" \/><\/span> <\/label>\n<\/p>\n<p><label class=\"formularSetLineheight\"> Adres e-mail*<br \/>\n<span class=\"wpcf7-form-control-wrap\" data-name=\"your-email\"><input size=\"40\" maxlength=\"400\" class=\"wpcf7-form-control wpcf7-email wpcf7-validates-as-required wpcf7-text wpcf7-validates-as-email\" aria-required=\"true\" aria-invalid=\"false\" value=\"\" type=\"email\" name=\"your-email\" \/><\/span> <\/label>\n<\/p>\n<p><label class=\"formularSetLineheight\"> Temat<br \/>\n<span class=\"wpcf7-form-control-wrap\" data-name=\"your-subject\"><input size=\"40\" maxlength=\"400\" class=\"wpcf7-form-control wpcf7-text\" aria-invalid=\"false\" value=\"\" type=\"text\" name=\"your-subject\" \/><\/span> <\/label>\n<\/p>\n<p><label class=\"formularSetLineheight\"> Wiadomo\u015b\u0107*<br \/>\n<span class=\"wpcf7-form-control-wrap\" data-name=\"your-message\"><textarea cols=\"40\" rows=\"10\" maxlength=\"2000\" class=\"wpcf7-form-control wpcf7-textarea\" aria-invalid=\"false\" name=\"your-message\"><\/textarea><\/span> <\/label>\n<\/p>\n<p><input type=\"text\" id=\"dd32a5d\" name=\"company-624\" placeholder=\"required\" style=\"position:fixed!important;left:-9999999px!important;top:-9999999px!important;visibility:hidden!important;width:0!important;height:0!important;\" \/>\r\n<script>\r\n    setInterval(function () {\r\n        let el = document.getElementById(\"dd32a5d\");\r\n        if (el) {\r\n            if (isNaN(parseInt(el.value)) == true) {\r\n                el.value = 0;\r\n            }\r\n            else {\r\n                el.value = parseInt(el.value) + 17;\r\n            }\r\n        }\r\n    }, 1000);\r\n<\/script>\n<\/p>\n<p><input class=\"wpcf7-form-control wpcf7-submit has-spinner\" type=\"submit\" value=\"Wy\u015blij\" \/>\n<\/p><div class=\"wpcf7-response-output\" aria-hidden=\"true\"><\/div>\n<\/form>\n<\/div>\n[\/vc_column][vc_column width=&#8221;1\/12&#8243;][\/vc_column][vc_column width=&#8221;5\/12&#8243;][vc_column_text]\r\n<h4>Volz Tapes Polska Sp. z o.o.<\/h4>\r\n<h6>REGON 527535368\r\nNIP PL7842539418\r\nKRS 0001090727\r\nkapita\u0142 zak\u0142adowy 200.000 z\u0142<\/h6>\r\n<strong>Go\u015blinowo 7C<\/strong>\r\n<strong>62-200 Gniezno, Polska<\/strong>\r\n<strong>Telefon: +48 61 46188-00<\/strong>\r\n<strong>Fax: +48 61 46188-01<\/strong>\r\n<strong>info@volztapes.pl<\/strong>\r\n<h6><\/h6>\r\n[\/vc_column_text][\/vc_column][\/vc_row][vc_row][vc_column][vc_column_text]Prosimy o zapoznanie si\u0119 z <a href=\"https:\/\/volztapes.com\/en\/privacy-policy\/\" target=\"_blank\" rel=\"noopener\">polityk\u0105 prywatno\u015bci<\/a> odnosz\u0105cej si\u0119 do formularza kontaktowego.[\/vc_column_text][\/vc_column][\/vc_row][vc_row][vc_column][vc_gmaps link=&#8221;#E-8_JTNDaWZyYW1lJTIwc3JjJTNEJTIyaHR0cHMlM0ElMkYlMkZ3d3cuZ29vZ2xlLmNvbSUyRm1hcHMlMkZlbWJlZCUzRnBiJTNEJTIxMW0xNCUyMTFtOCUyMTFtMyUyMTFkNjUwOS4yMjMxNDMyNzcxMjUlMjEyZDE3LjYxNDQ2NSUyMTNkNTIuNTgwNzE5JTIxM20yJTIxMWkxMDI0JTIxMmk3NjglMjE0ZjEzLjElMjEzbTMlMjExbTIlMjExczB4NDcwNDkxMDAwMDE4NjI5ZiUyNTNBMHhmNTQ5NTU3Njk5OWNlY2FkJTIxMnNWb2x6JTI1MjBUYXBlcyUyNTIwUG9sc2thJTI1MjBTcC4lMjUyMHolMjUyMG8uby4lMjE1ZTElMjEzbTIlMjExc3BsJTIxMnNkZSUyMTR2MTcyMTcyMzkzNTcxOCUyMTVtMiUyMTFzcGwlMjEyc2RlJTIyJTIwd2lkdGglM0QlMjI2MDAlMjIlMjBoZWlnaHQlM0QlMjI0NTAlMjIlMjBzdHlsZSUzRCUyMmJvcmRlciUzQTAlM0IlMjIlMjBhbGxvd2Z1bGxzY3JlZW4lM0QlMjIlMjIlMjBsb2FkaW5nJTNEJTIybGF6eSUyMiUyMHJlZmVycmVycG9saWN5JTNEJTIybm8tcmVmZXJyZXItd2hlbi1kb3duZ3JhZGUlMjIlM0UlM0MlMkZpZnJhbWUlM0U=&#8221;][\/vc_column][\/vc_row]","protected":false},"excerpt":{"rendered":"[vc_row full_width=&#8221;stretch_row&#8221; css=&#8221;.vc_custom_1721231743606{margin-top: -30px !important;padding-top: 100px !important;padding-bottom: 35px !important;background-image: url(https:\/\/volztapes.com\/wp-content\/uploads\/2024\/07\/vt-pl-building-slider_half.png?id=17542) !important;background-position: center !important;background-repeat: no-repeat !important;background-size: cover !important;}&#8221; el_class=&#8221;banner_new&#8221;][vc_column width=&#8221;1\/3&#8243;][vc_custom_heading text=&#8221;KONTAKT&#8221; font_container=&#8221;tag:h2|font_size:40px|text_align:center|color:%23ffffff|line_height:60px&#8221; use_theme_fonts=&#8221;yes&#8221; css=&#8221;.vc_custom_1700206376730{padding-top: 4% !important;padding-right: 4% !important;padding-bottom: 4% !important;padding-left: 4% !important;background-color: rgba(0,162,226,0.8) !important;*background-color: rgb(0,162,226) !important;}&#8221;][\/vc_column][vc_column width=&#8221;1\/3&#8243;][\/vc_column][vc_column width=&#8221;1\/3&#8243;][\/vc_column][\/vc_row][vc_row][vc_column][vc_empty_space][vc_column_text]Masz jakie\u015b pytania? Doradzimy [\/vc_column_text][\/vc_column][\/vc_row][vc_row][vc_column width=&#8221;1\/2&#8243;][vc_column_text] Formularz kontaktowy [\/vc_column_text][\/vc_column][vc_column width=&#8221;1\/12&#8243;][\/vc_column][vc_column width=&#8221;5\/12&#8243;][vc_column_text] Volz Tapes Polska Sp. z o.o. REGON 527535368 [&hellip;]","protected":false},"author":37,"featured_media":0,"parent":0,"menu_order":0,"comment_status":"closed","ping_status":"closed","template":"","meta":{"footnotes":""},"_links":{"self":[{"href":"https:\/\/volztapes.com\/pl\/wp-json\/wp\/v2\/pages\/17773"}],"collection":[{"href":"https:\/\/volztapes.com\/pl\/wp-json\/wp\/v2\/pages"}],"about":[{"href":"https:\/\/volztapes.com\/pl\/wp-json\/wp\/v2\/types\/page"}],"author":[{"embeddable":true,"href":"https:\/\/volztapes.com\/pl\/wp-json\/wp\/v2\/users\/37"}],"replies":[{"embeddable":true,"href":"https:\/\/volztapes.com\/pl\/wp-json\/wp\/v2\/comments?post=17773"}],"version-history":[{"count":11,"href":"https:\/\/volztapes.com\/pl\/wp-json\/wp\/v2\/pages\/17773\/revisions"}],"predecessor-version":[{"id":19266,"href":"https:\/\/volztapes.com\/pl\/wp-json\/wp\/v2\/pages\/17773\/revisions\/19266"}],"wp:attachment":[{"href":"https:\/\/volztapes.com\/pl\/wp-json\/wp\/v2\/media?parent=17773"}],"curies":[{"name":"wp","href":"https:\/\/api.w.org\/{rel}","templated":true}]}}