{"id":17587,"date":"2024-07-09T16:22:53","date_gmt":"2024-07-09T14:22:53","guid":{"rendered":"https:\/\/volztapes.com\/o-nas\/osoby-kontakotwe\/"},"modified":"2024-09-09T11:41:19","modified_gmt":"2024-09-09T09:41:19","slug":"osoby-kontakotwe","status":"publish","type":"page","link":"https:\/\/volztapes.com\/pl\/o-nas\/osoby-kontakotwe\/","title":{"rendered":"Osoby kontaktowe"},"content":{"rendered":"[vc_row full_width=&#8221;stretch_row&#8221; css=&#8221;.vc_custom_1480098908888{margin-top: -30px !important;background-color: #ededed !important;}&#8221;][vc_column offset=&#8221;vc_col-lg-offset-0 vc_col-lg-6&#8243;][vc_row_inner][vc_column_inner offset=&#8221;vc_hidden-md vc_hidden-sm vc_hidden-xs&#8221;][vc_empty_space height=&#8221;60&#8243;][\/vc_column_inner][\/vc_row_inner][vc_row_inner css=&#8221;.vc_custom_1480079012229{margin-bottom: 0px !important;padding-bottom: 0px !important;}&#8221;][vc_column_inner width=&#8221;3\/4&#8243;][vc_custom_heading text=&#8221;TWOJE KONTAKTY:&#8221; font_container=&#8221;tag:h1|font_size:32|text_align:left&#8221; use_theme_fonts=&#8221;yes&#8221;][vc_custom_heading text=&#8221;VOLZ<sup>\u00ae<\/sup> TAPES\r\nOSOBI\u015aCIE:&#8221; font_container=&#8221;tag:h1|font_size:32|text_align:left|line_height:1.3&#8243; use_theme_fonts=&#8221;yes&#8221;][vc_empty_space height=&#8221;16&#8243;][vc_column_text]<strong>Dane kontaktowe kluczowych pracownik\u00f3w dost\u0119pnych do indywidualnych konsultacji.\r\nZ niecierpliwo\u015bci\u0105 czekamy na kontakt!<\/strong>[\/vc_column_text][vc_column_text]\r\n<h6>Zeskanuj kod QR, aby zapisa\u0107 dane kontaktowe wybranej osoby na swoim smartfonie<\/h6>\r\n[\/vc_column_text][\/vc_column_inner][vc_column_inner width=&#8221;1\/4&#8243;][\/vc_column_inner][\/vc_row_inner][\/vc_column][vc_column offset=&#8221;vc_col-lg-6&#8243;][vc_row_inner][vc_column_inner][\/vc_column_inner][\/vc_row_inner]<div class=\"ts-heading heading-3 style-1\"><h3>Prezes Zarz\u0105du<\/h3><\/div>[vc_row_inner][vc_column_inner][vc_single_image image=&#8221;19226&#8243; img_size=&#8221;200&#215;200&#8243;][vc_column_text]\r\n<h6><strong><u>Andreas Benz<\/u><\/strong><\/h6>\r\nTel.: +48 61 46 188 &#8211; 11\r\nFax: +48 61 46 188 &#8211; 02\r\n<a href=\"mailto:a.benz@volztapes.pl\">a.benz[at]volztapes.pl<\/a>[\/vc_column_text][vc_single_image image=&#8221;17652&#8243; img_size=&#8221;150&#215;150&#8243;][\/vc_column_inner][\/vc_row_inner][\/vc_column][\/vc_row][vc_row][vc_column]<div class=\"ts-heading heading-3 style-2\"><h3>DZIA\u0141 SPRZEDA\u017bY \/ ZAKUP\u00d3W<\/h3><\/div>[\/vc_column][\/vc_row][vc_row][vc_column width=&#8221;1\/4&#8243;][\/vc_column][vc_column width=&#8221;1\/4&#8243;][vc_single_image image=&#8221;17706&#8243; img_size=&#8221;200&#215;200&#8243;][vc_column_text]\r\n<h6><strong>Andrzej Piszczatowski <\/strong><\/h6>\r\nTel.: +48 61 46188-10\r\nFax: +48 61 46188-01\r\nMobile: +48\u00a0784\u00a0049 830\r\n<a href=\"mailto:a.piszczatowski@volztapes.pl\">a.piszczatowski[at]volztapes.pl<\/a>\r\n<h6><\/h6>\r\n[\/vc_column_text][vc_single_image image=&#8221;17593&#8243; img_size=&#8221;150&#215;150&#8243;][\/vc_column][vc_column width=&#8221;1\/4&#8243;][vc_single_image image=&#8221;17671&#8243; img_size=&#8221;200&#215;200&#8243;][vc_column_text]\r\n<h6><strong>Ma\u0142gorzata Zyk<\/strong><\/h6>\r\nTel.: +48 61 46188-12\r\nFax: +48 61 46188-01\r\nMobil: +48 784 049 834\r\n<a href=\"mailto:m.zyk@volztapes.pl\">m.zyk[at]volztapes.pl<\/a>\r\n<h6><\/h6>\r\n[\/vc_column_text][vc_single_image image=&#8221;17606&#8243; img_size=&#8221;150&#215;150&#8243;][\/vc_column][vc_column width=&#8221;1\/4&#8243;][\/vc_column][\/vc_row][vc_row][vc_column el_class=&#8221;scharfs&#8221;]<div class=\"ts-heading heading-3 style-2\"><h3>REGIONALNI DORADCY TECHNICZNI<\/h3><\/div>[\/vc_column][\/vc_row][vc_row][vc_column width=&#8221;1\/4&#8243;][\/vc_column][vc_column width=&#8221;1\/4&#8243;][vc_single_image image=&#8221;17730&#8243; img_size=&#8221;200&#215;200&#8243;][vc_column_text]\r\n<h6><strong>\u0141ukasz Dobry\r\n<\/strong>Region Polska P\u00f3\u0142nocna<\/h6>\r\nTel.: +48 61 46 188 &#8211; 14\r\nFax: +48 61 46 188 &#8211; 04\r\nMobil: +48\u00a0784\u00a0049 831\r\n<a href=\"mailto:l.dobry@volztapes.pl\">l.dobry[at]volztapes.pl<\/a>\r\n<h6><\/h6>\r\n[\/vc_column_text][vc_single_image image=&#8221;17609&#8243; img_size=&#8221;150&#215;150&#8243;][\/vc_column][vc_column width=&#8221;1\/4&#8243;][vc_single_image image=&#8221;17718&#8243; img_size=&#8221;200&#215;200&#8243;][vc_column_text]\r\n<h6><strong>Wojciech Szemraj\r\n<\/strong>Region Polska Po\u0142udniowa<\/h6>\r\nTel.: +48 61 46188-15\r\nFax: +48 61 46188-05\r\nMobil: +48\u00a0784\u00a0049 832\r\n<a href=\"mailto:w.szemraj@volztapes.pl\">w.szemraj[at]volztapes.pl<\/a>\r\n<h6><\/h6>\r\n[\/vc_column_text][vc_single_image image=&#8221;17606&#8243; img_size=&#8221;150&#215;150&#8243;][\/vc_column][vc_column width=&#8221;1\/4&#8243;][\/vc_column][\/vc_row][vc_row][vc_column]<div class=\"ts-heading heading-3 style-2\"><h3>DZIA\u0141 KSI\u0118GOWO\u015aCI<\/h3><\/div>[\/vc_column][\/vc_row][vc_row][vc_column width=&#8221;1\/3&#8243; el_class=&#8221;scharfs&#8221;][vc_column_text]\r\n\r\n[\/vc_column_text][\/vc_column][vc_column width=&#8221;1\/3&#8243;][vc_single_image image=&#8221;17674&#8243; img_size=&#8221;200&#215;200&#8243;][vc_column_text]\r\n<h6><strong>Anna Borysiak<\/strong><\/h6>\r\nTel.: +48 61 46 188 &#8211; 13\r\nFax: +48 61 46 188 &#8211; 03\r\nMobil: +48 784 049 833\r\n<a href=\"mailto:a.borysiak@volztapes.p\">a.borysiak[at]volztapes.p<\/a>l\r\n<h6><\/h6>\r\n[\/vc_column_text][vc_single_image image=&#8221;17695&#8243; img_size=&#8221;150&#215;150&#8243;][\/vc_column][vc_column width=&#8221;1\/3&#8243;][\/vc_column][\/vc_row][vc_row][vc_column width=&#8221;1\/4&#8243;][\/vc_column][vc_column width=&#8221;1\/4&#8243;][vc_column_text]\r\n\r\n[\/vc_column_text][\/vc_column][vc_column width=&#8221;1\/4&#8243;][vc_column_text]\r\n\r\n&nbsp;\r\n\r\n[\/vc_column_text][\/vc_column][vc_column width=&#8221;1\/4&#8243;][\/vc_column][\/vc_row]","protected":false},"excerpt":{"rendered":"[vc_row full_width=&#8221;stretch_row&#8221; css=&#8221;.vc_custom_1480098908888{margin-top: -30px !important;background-color: #ededed !important;}&#8221;][vc_column offset=&#8221;vc_col-lg-offset-0 vc_col-lg-6&#8243;][vc_row_inner][vc_column_inner offset=&#8221;vc_hidden-md vc_hidden-sm vc_hidden-xs&#8221;][vc_empty_space height=&#8221;60&#8243;][\/vc_column_inner][\/vc_row_inner][vc_row_inner css=&#8221;.vc_custom_1480079012229{margin-bottom: 0px !important;padding-bottom: 0px !important;}&#8221;][vc_column_inner width=&#8221;3\/4&#8243;][vc_custom_heading text=&#8221;TWOJE KONTAKTY:&#8221; font_container=&#8221;tag:h1|font_size:32|text_align:left&#8221; use_theme_fonts=&#8221;yes&#8221;][vc_custom_heading text=&#8221;VOLZ\u00ae TAPES OSOBI\u015aCIE:&#8221; font_container=&#8221;tag:h1|font_size:32|text_align:left|line_height:1.3&#8243; use_theme_fonts=&#8221;yes&#8221;][vc_empty_space height=&#8221;16&#8243;][vc_column_text]Dane kontaktowe kluczowych pracownik\u00f3w dost\u0119pnych do indywidualnych konsultacji. Z niecierpliwo\u015bci\u0105 czekamy na kontakt![\/vc_column_text][vc_column_text] Zeskanuj kod QR, aby zapisa\u0107 dane kontaktowe wybranej osoby na swoim smartfonie [\/vc_column_text][\/vc_column_inner][vc_column_inner width=&#8221;1\/4&#8243;][\/vc_column_inner][\/vc_row_inner][\/vc_column][vc_column [&hellip;]","protected":false},"author":5,"featured_media":0,"parent":17479,"menu_order":0,"comment_status":"closed","ping_status":"closed","template":"","meta":{"footnotes":""},"_links":{"self":[{"href":"https:\/\/volztapes.com\/pl\/wp-json\/wp\/v2\/pages\/17587"}],"collection":[{"href":"https:\/\/volztapes.com\/pl\/wp-json\/wp\/v2\/pages"}],"about":[{"href":"https:\/\/volztapes.com\/pl\/wp-json\/wp\/v2\/types\/page"}],"author":[{"embeddable":true,"href":"https:\/\/volztapes.com\/pl\/wp-json\/wp\/v2\/users\/5"}],"replies":[{"embeddable":true,"href":"https:\/\/volztapes.com\/pl\/wp-json\/wp\/v2\/comments?post=17587"}],"version-history":[{"count":38,"href":"https:\/\/volztapes.com\/pl\/wp-json\/wp\/v2\/pages\/17587\/revisions"}],"predecessor-version":[{"id":19953,"href":"https:\/\/volztapes.com\/pl\/wp-json\/wp\/v2\/pages\/17587\/revisions\/19953"}],"up":[{"embeddable":true,"href":"https:\/\/volztapes.com\/pl\/wp-json\/wp\/v2\/pages\/17479"}],"wp:attachment":[{"href":"https:\/\/volztapes.com\/pl\/wp-json\/wp\/v2\/media?parent=17587"}],"curies":[{"name":"wp","href":"https:\/\/api.w.org\/{rel}","templated":true}]}}